{"id":932,"date":"2016-04-11T15:30:29","date_gmt":"2016-04-11T15:30:29","guid":{"rendered":"http:\/\/europa-forum.org\/pl\/impressum\/"},"modified":"2024-09-19T15:59:19","modified_gmt":"2024-09-19T15:59:19","slug":"informacje-o-firmie","status":"publish","type":"page","link":"https:\/\/europa-forum.org\/pl\/informacje-o-firmie\/","title":{"rendered":"Informacje o firmie"},"content":{"rendered":"<p><strong>Wydawca:<\/strong><br \/>\nEUROPA FORUM Stowarzyszenie<br \/>\nul. Januszowicka 5<br \/>\n53-135 Wroc\u0142aw \/ PL<\/p>\n<p>Tel. : +48 71 342 04 35<br \/>\nFax: +48 71 342 05 58<\/p>\n<p>E-mail: info(at)ef.com.pl<br \/>\nStrona internetowa: europa-forum.org<\/p>\n<hr \/>\n<p><strong>Redakcja:<\/strong><br \/>\nKamila \u015anieg<br \/>\ne-mail: kamila.snieg@ef.com.pl<\/p>\n<hr \/>\n<p><strong>E-maile i notki prasowe prosimy nadsy\u0142a\u0107 na adres:<\/strong><br \/>\ninfo(at)ef.com.pl<\/p>\n<hr \/>\n<p><strong>Wpis do KRS:<\/strong><br \/>\nStowarzyszenie &#8222;EUROPA FORUM&#8221;<br \/>\nKRS: 0000153478<br \/>\nS\u0105d Rejonowy dla Wroc\u0142awia Fabrycznej<br \/>\nVI Wydzia\u0142 Gospodarczy<\/p>\n<hr \/>\n<p><strong>NIP:<\/strong><br \/>\nPL8992482614<\/p>\n<hr \/>\n<p><strong>Urz\u0105d Skarbowy:<\/strong><br \/>\nWroc\u0142aw Stare Miasto<br \/>\nul. Inowroc\u0142awska 4<br \/>\n53-654 Wroc\u0142aw<\/p>\n<hr \/>\n<p><strong>Konta bankowe:<\/strong><br \/>\nBNP PARIBAS<br \/>\nKonto PLN: 21 1600 1462 1824 2452 7000 0001 (PLN)<br \/>\nKonto EUR: 91 1600 1462 1824 2452 7000 0002 (EUR)<br \/>\nIBAN: PL | BIC Code:  PPABPLPK<\/p>\n<hr \/>\n<p><strong>Osoby upowa\u017cnione:<\/strong><\/p>\n<p>Prezes:<br \/>\nClaus Frank<br \/>\ngetsix Polska Sp. z o. o.<\/p>\n<p>Kierownik biura:<br \/>\nKamila \u015anieg<br \/>\nEUROPA FORUM e.V.<\/p>\n<hr \/>\n<p><strong>Prawa autorskie:<\/strong><\/p>\n<p>Zawarto\u015b\u0107 tej strony (wszystkie teksty, zdj\u0119cia i elementy graficzne) jest chroniona prawem autorskim. Korzystanie z fragment\u00f3w lub ca\u0142ej strony stanowi naruszenie praw autorskich. Wykorzystanie ca\u0142o\u015bci lub cz\u0119\u015bci tre\u015bci w celach komercyjnych (kopiowanie i\/lub w\u0142\u0105czanie do system\u00f3w informatycznych w celu dalszego przekazywania) jest zabronione bez zezwolenia EUROPA FORUM.<\/p>\n<p>Ta strona zawiera wy\u0142\u0105cznie informacje o charakterze og\u00f3lnym. \u017badna z informacji zawartych na tej stronie nie jest przeznaczona do udzielania porad prawnych.<\/p>\n<p>Us\u0142ugi \u015bwiadczone przez EUROPA FORUM s\u0105 skierowane wy\u0142\u0105cznie do przedsi\u0119biorc\u00f3w zgodnie z przepisami kodeksu cywilnego. Oferty prezentowane na naszej stronie internetowej odnosz\u0105 si\u0119 wy\u0142\u0105cznie do dwukierunkowego handlu profesjonalnego (Business to Business).<\/p>\n","protected":false},"excerpt":{"rendered":"<p>Wydawca: EUROPA FORUM Stowarzyszenie ul. Januszowicka 5 53-135 Wroc\u0142aw \/ PL Tel. : +48 71 342 04 35 Fax: +48 71 342 05 58 E-mail: info(at)ef.com.pl Strona internetowa: europa-forum.org Redakcja: &#8230; <a class=\"read-more\" href=\"https:\/\/europa-forum.org\/pl\/informacje-o-firmie\/\">Czytaj wi\u0119cej<\/a><\/p>\n","protected":false},"author":34,"featured_media":0,"parent":0,"menu_order":0,"comment_status":"closed","ping_status":"closed","template":"","meta":{"ngg_post_thumbnail":0,"footnotes":""},"class_list":["post-932","page","type-page","status-publish","hentry"],"yoast_head":"<!-- This site is optimized with the Yoast SEO plugin v27.3 - https:\/\/yoast.com\/product\/yoast-seo-wordpress\/ -->\n<title>Informacje o firmie - EUROPA FORUM<\/title>\n<meta name=\"robots\" content=\"index, follow, max-snippet:-1, max-image-preview:large, max-video-preview:-1\" \/>\n<link rel=\"canonical\" href=\"https:\/\/europa-forum.org\/pl\/informacje-o-firmie\/\" \/>\n<meta property=\"og:locale\" content=\"pl_PL\" \/>\n<meta property=\"og:type\" content=\"article\" \/>\n<meta property=\"og:title\" content=\"Informacje o firmie - EUROPA FORUM\" \/>\n<meta property=\"og:description\" content=\"Wydawca: EUROPA FORUM Stowarzyszenie ul. Januszowicka 5 53-135 Wroc\u0142aw \/ PL Tel. : +48 71 342 04 35 Fax: +48 71 342 05 58 E-mail: info(at)ef.com.pl Strona internetowa: europa-forum.org Redakcja: ... Czytaj wi\u0119cej\" \/>\n<meta property=\"og:url\" content=\"https:\/\/europa-forum.org\/pl\/informacje-o-firmie\/\" \/>\n<meta property=\"og:site_name\" content=\"EUROPA FORUM\" \/>\n<meta property=\"article:publisher\" content=\"https:\/\/www.facebook.com\/EuropaForum\/\" \/>\n<meta property=\"article:modified_time\" content=\"2024-09-19T15:59:19+00:00\" \/>\n<meta name=\"twitter:card\" content=\"summary_large_image\" \/>\n<meta name=\"twitter:label1\" content=\"Szacowany czas czytania\" \/>\n\t<meta name=\"twitter:data1\" content=\"1 minuta\" \/>\n<script type=\"application\/ld+json\" class=\"yoast-schema-graph\">{\"@context\":\"https:\\\/\\\/schema.org\",\"@graph\":[{\"@type\":\"WebPage\",\"@id\":\"https:\\\/\\\/europa-forum.org\\\/pl\\\/informacje-o-firmie\\\/\",\"url\":\"https:\\\/\\\/europa-forum.org\\\/pl\\\/informacje-o-firmie\\\/\",\"name\":\"Informacje o firmie - EUROPA FORUM\",\"isPartOf\":{\"@id\":\"https:\\\/\\\/europa-forum.org\\\/#website\"},\"datePublished\":\"2016-04-11T15:30:29+00:00\",\"dateModified\":\"2024-09-19T15:59:19+00:00\",\"breadcrumb\":{\"@id\":\"https:\\\/\\\/europa-forum.org\\\/pl\\\/informacje-o-firmie\\\/#breadcrumb\"},\"inLanguage\":\"pl-PL\",\"potentialAction\":[{\"@type\":\"ReadAction\",\"target\":[\"https:\\\/\\\/europa-forum.org\\\/pl\\\/informacje-o-firmie\\\/\"]}]},{\"@type\":\"BreadcrumbList\",\"@id\":\"https:\\\/\\\/europa-forum.org\\\/pl\\\/informacje-o-firmie\\\/#breadcrumb\",\"itemListElement\":[{\"@type\":\"ListItem\",\"position\":1,\"name\":\"Home\",\"item\":\"https:\\\/\\\/europa-forum.org\\\/pl\\\/\"},{\"@type\":\"ListItem\",\"position\":2,\"name\":\"Informacje o firmie\"}]},{\"@type\":\"WebSite\",\"@id\":\"https:\\\/\\\/europa-forum.org\\\/#website\",\"url\":\"https:\\\/\\\/europa-forum.org\\\/\",\"name\":\"EUROPA FORUM\",\"description\":\"Polsko-Niemieckie Ko\u0142o Gospodarcze we Wroc\u0142awiu\",\"publisher\":{\"@id\":\"https:\\\/\\\/europa-forum.org\\\/#organization\"},\"potentialAction\":[{\"@type\":\"SearchAction\",\"target\":{\"@type\":\"EntryPoint\",\"urlTemplate\":\"https:\\\/\\\/europa-forum.org\\\/?s={search_term_string}\"},\"query-input\":{\"@type\":\"PropertyValueSpecification\",\"valueRequired\":true,\"valueName\":\"search_term_string\"}}],\"inLanguage\":\"pl-PL\"},{\"@type\":\"Organization\",\"@id\":\"https:\\\/\\\/europa-forum.org\\\/#organization\",\"name\":\"EUROPA FORUM\",\"url\":\"https:\\\/\\\/europa-forum.org\\\/\",\"logo\":{\"@type\":\"ImageObject\",\"inLanguage\":\"pl-PL\",\"@id\":\"https:\\\/\\\/europa-forum.org\\\/#\\\/schema\\\/logo\\\/image\\\/\",\"url\":\"https:\\\/\\\/storage.googleapis.com\\\/media-cloud-test-ef\\\/2024\\\/12\\\/logo-square.png\",\"contentUrl\":\"https:\\\/\\\/storage.googleapis.com\\\/media-cloud-test-ef\\\/2024\\\/12\\\/logo-square.png\",\"width\":240,\"height\":240,\"caption\":\"EUROPA FORUM\"},\"image\":{\"@id\":\"https:\\\/\\\/europa-forum.org\\\/#\\\/schema\\\/logo\\\/image\\\/\"},\"sameAs\":[\"https:\\\/\\\/www.facebook.com\\\/EuropaForum\\\/\",\"https:\\\/\\\/www.linkedin.com\\\/company\\\/europa-forum\"]}]}<\/script>\n<!-- \/ Yoast SEO plugin. -->","yoast_head_json":{"title":"Informacje o firmie - EUROPA FORUM","robots":{"index":"index","follow":"follow","max-snippet":"max-snippet:-1","max-image-preview":"max-image-preview:large","max-video-preview":"max-video-preview:-1"},"canonical":"https:\/\/europa-forum.org\/pl\/informacje-o-firmie\/","og_locale":"pl_PL","og_type":"article","og_title":"Informacje o firmie - EUROPA FORUM","og_description":"Wydawca: EUROPA FORUM Stowarzyszenie ul. Januszowicka 5 53-135 Wroc\u0142aw \/ PL Tel. : +48 71 342 04 35 Fax: +48 71 342 05 58 E-mail: info(at)ef.com.pl Strona internetowa: europa-forum.org Redakcja: ... Czytaj wi\u0119cej","og_url":"https:\/\/europa-forum.org\/pl\/informacje-o-firmie\/","og_site_name":"EUROPA FORUM","article_publisher":"https:\/\/www.facebook.com\/EuropaForum\/","article_modified_time":"2024-09-19T15:59:19+00:00","twitter_card":"summary_large_image","twitter_misc":{"Szacowany czas czytania":"1 minuta"},"schema":{"@context":"https:\/\/schema.org","@graph":[{"@type":"WebPage","@id":"https:\/\/europa-forum.org\/pl\/informacje-o-firmie\/","url":"https:\/\/europa-forum.org\/pl\/informacje-o-firmie\/","name":"Informacje o firmie - EUROPA FORUM","isPartOf":{"@id":"https:\/\/europa-forum.org\/#website"},"datePublished":"2016-04-11T15:30:29+00:00","dateModified":"2024-09-19T15:59:19+00:00","breadcrumb":{"@id":"https:\/\/europa-forum.org\/pl\/informacje-o-firmie\/#breadcrumb"},"inLanguage":"pl-PL","potentialAction":[{"@type":"ReadAction","target":["https:\/\/europa-forum.org\/pl\/informacje-o-firmie\/"]}]},{"@type":"BreadcrumbList","@id":"https:\/\/europa-forum.org\/pl\/informacje-o-firmie\/#breadcrumb","itemListElement":[{"@type":"ListItem","position":1,"name":"Home","item":"https:\/\/europa-forum.org\/pl\/"},{"@type":"ListItem","position":2,"name":"Informacje o firmie"}]},{"@type":"WebSite","@id":"https:\/\/europa-forum.org\/#website","url":"https:\/\/europa-forum.org\/","name":"EUROPA FORUM","description":"Polsko-Niemieckie Ko\u0142o Gospodarcze we Wroc\u0142awiu","publisher":{"@id":"https:\/\/europa-forum.org\/#organization"},"potentialAction":[{"@type":"SearchAction","target":{"@type":"EntryPoint","urlTemplate":"https:\/\/europa-forum.org\/?s={search_term_string}"},"query-input":{"@type":"PropertyValueSpecification","valueRequired":true,"valueName":"search_term_string"}}],"inLanguage":"pl-PL"},{"@type":"Organization","@id":"https:\/\/europa-forum.org\/#organization","name":"EUROPA FORUM","url":"https:\/\/europa-forum.org\/","logo":{"@type":"ImageObject","inLanguage":"pl-PL","@id":"https:\/\/europa-forum.org\/#\/schema\/logo\/image\/","url":"https:\/\/storage.googleapis.com\/media-cloud-test-ef\/2024\/12\/logo-square.png","contentUrl":"https:\/\/storage.googleapis.com\/media-cloud-test-ef\/2024\/12\/logo-square.png","width":240,"height":240,"caption":"EUROPA FORUM"},"image":{"@id":"https:\/\/europa-forum.org\/#\/schema\/logo\/image\/"},"sameAs":["https:\/\/www.facebook.com\/EuropaForum\/","https:\/\/www.linkedin.com\/company\/europa-forum"]}]}},"_links":{"self":[{"href":"https:\/\/europa-forum.org\/pl\/wp-json\/wp\/v2\/pages\/932","targetHints":{"allow":["GET"]}}],"collection":[{"href":"https:\/\/europa-forum.org\/pl\/wp-json\/wp\/v2\/pages"}],"about":[{"href":"https:\/\/europa-forum.org\/pl\/wp-json\/wp\/v2\/types\/page"}],"author":[{"embeddable":true,"href":"https:\/\/europa-forum.org\/pl\/wp-json\/wp\/v2\/users\/34"}],"replies":[{"embeddable":true,"href":"https:\/\/europa-forum.org\/pl\/wp-json\/wp\/v2\/comments?post=932"}],"version-history":[{"count":12,"href":"https:\/\/europa-forum.org\/pl\/wp-json\/wp\/v2\/pages\/932\/revisions"}],"predecessor-version":[{"id":31153,"href":"https:\/\/europa-forum.org\/pl\/wp-json\/wp\/v2\/pages\/932\/revisions\/31153"}],"wp:attachment":[{"href":"https:\/\/europa-forum.org\/pl\/wp-json\/wp\/v2\/media?parent=932"}],"curies":[{"name":"wp","href":"https:\/\/api.w.org\/{rel}","templated":true}]}}