{"id":899,"date":"2016-05-06T11:27:31","date_gmt":"2016-05-06T11:27:31","guid":{"rendered":"http:\/\/europa-forum.org\/pl\/?page_id=899"},"modified":"2024-12-17T15:20:42","modified_gmt":"2024-12-17T13:20:42","slug":"info-linki","status":"publish","type":"page","link":"https:\/\/europa-forum.org\/pl\/media\/info-linki\/","title":{"rendered":"Info &#038; Linki"},"content":{"rendered":"<style>\n    table {\n        border-collapse: collapse;\n        width: 100%;\n        margin-bottom: 20px;\n    }\n    th, td {\n        border: 1px solid #ddd;\n        padding: 8px;\n        text-align: left;\n    }\n    th {\n        background-color: #f2f2f2;\n    }\n    h2 {\n        margin-top: 30px;\n    }\n<\/style>\n<p><\/head><br \/>\n<body><\/p>\n<h2>Og\u00f3lne strony internetowe<\/h2>\n<table>\n<thead>\n<tr>\n<th><\/th>\n<th>Nazwa<\/th>\n<th>Strona internetowa<\/th>\n<\/tr>\n<\/thead>\n<tbody>\n<tr>\n<td>1<\/td>\n<td>Ambasada Niemiec w Warszawie<\/td>\n<td><a href=\"https:\/\/polen.diplo.de\/pl-pl\/01-vertretungen\/01-1-die-botschaft\">polen.diplo.de\/pl-pl\/01-vertretungen\/01-1-die-botschaft<\/a><\/td>\n<\/tr>\n<tr>\n<td>2<\/td>\n<td>Ambasada Polski w Berlinie<\/td>\n<td><a href=\"https:\/\/www.gov.pl\/web\/niemcy\/ambasada-rp-w-berlinie\">https:\/\/www.gov.pl\/web\/niemcy\/ambasada-rp-w-berlinie<\/a><\/td>\n<\/tr>\n<tr>\n<td>3<\/td>\n<td>Dolno\u015bl\u0105ski Urz\u0105d Wojew\u00f3dzki<\/td>\n<td><a href=\"https:\/\/www.gov.pl\/web\/dolnoslaski-uw\">www.gov.pl\/web\/dolnoslaski-uw<\/a><\/td>\n<\/tr>\n<tr>\n<td>4<\/td>\n<td>Urz\u0105d Marsza\u0142kowski Wojew\u00f3dztwa Dolno\u015bl\u0105skiego<\/td>\n<td><a href=\"http:\/\/www.umwd.pl\">www.umwd.pl<\/a><\/td>\n<\/tr>\n<tr>\n<td>5<\/td>\n<td>Urz\u0105d Miasta Wroc\u0142awia<\/td>\n<td><a href=\"http:\/\/www.wroclaw.pl\">www.wroclaw.pl<\/a><\/td>\n<\/tr>\n<tr>\n<td>6<\/td>\n<td>Oficjalna strona Niemiec<\/td>\n<td><a href=\"http:\/\/www.deutschland.de\">www.deutschland.de<\/a><\/td>\n<\/tr>\n<tr>\n<td>7<\/td>\n<td>Oficjalna strona Polski<\/td>\n<td><a href=\"http:\/\/www.polska.pl\">www.polska.pl<\/a><\/td>\n<\/tr>\n<tr>\n<td>8<\/td>\n<td>Rok Niemiecko-Polski<\/td>\n<td><a href=\"http:\/\/www.de-pl.info\">www.de-pl.info<\/a><\/td>\n<\/tr>\n<tr>\n<td>9<\/td>\n<td>Dolno\u015bl\u0105ska Izba Gospodarcza<\/td>\n<td><a href=\"http:\/\/www.dig.wroc.pl\">www.dig.wroc.pl<\/a><\/td>\n<\/tr>\n<\/tbody>\n<\/table>\n<h2>Przedstawicielstwa dyplomatyczne Niemiec w Polsce<\/h2>\n<table>\n<thead>\n<tr>\n<th><\/th>\n<th>Nazwa<\/th>\n<th>Strona internetowa<\/th>\n<\/tr>\n<\/thead>\n<tbody>\n<tr>\n<td>1<\/td>\n<td>Ambasada Niemiec w Warszawie<\/td>\n<td><a href=\"http:\/\/www.warschau.diplo.de\">www.warschau.diplo.de<\/a><\/td>\n<\/tr>\n<tr>\n<td>2<\/td>\n<td>Generalkonsulat Niemiec w Gda\u0144sku<\/td>\n<td><a href=\"http:\/\/www.danzig.diplo.de\">www.danzig.diplo.de<\/a><\/td>\n<\/tr>\n<tr>\n<td>3<\/td>\n<td>Generalkonsulat Niemiec we Wroc\u0142awiu<\/td>\n<td><a href=\"http:\/\/www.breslau.diplo.de\">www.breslau.diplo.de<\/a><\/td>\n<\/tr>\n<tr>\n<td>4<\/td>\n<td>Generalkonsulat Niemiec w Krakowie<\/td>\n<td><a href=\"http:\/\/www.krakau.diplo.de\">www.krakau.diplo.de<\/a><\/td>\n<\/tr>\n<\/tbody>\n<\/table>\n<h2>Administracja w Polsce<\/h2>\n<table>\n<thead>\n<tr>\n<th><\/th>\n<th>Nazwa<\/th>\n<th>Strona internetowa<\/th>\n<\/tr>\n<\/thead>\n<tbody>\n<tr>\n<td>1<\/td>\n<td>Prezydent<\/td>\n<td><a href=\"http:\/\/www.prezydent.pl\">www.prezydent.pl<\/a><\/td>\n<\/tr>\n<tr>\n<td>2<\/td>\n<td>Premier<\/td>\n<td><a href=\"http:\/\/www.premier.gov.pl\">www.premier.gov.pl<\/a><\/td>\n<\/tr>\n<tr>\n<td>3<\/td>\n<td>Sejm (polska reprezentacja narodowa)<\/td>\n<td><a href=\"http:\/\/www.sejm.gov.pl\">www.sejm.gov.pl<\/a><\/td>\n<\/tr>\n<tr>\n<td>4<\/td>\n<td>Ministerstwo Gospodarki<\/td>\n<td><a href=\"https:\/\/www.gov.pl\/web\/rozwoj-technologia\">https:\/\/www.gov.pl\/web\/rozwoj-technologia<\/a><\/td>\n<\/tr>\n<tr>\n<td>5<\/td>\n<td>Ministerstwo Spraw Zagranicznych<\/td>\n<td><a href=\"http:\/\/www.msz.gov.pl\">www.msz.gov.pl<\/a><\/td>\n<\/tr>\n<tr>\n<td>6<\/td>\n<td>Ministerstwo Rozwoju Regionalnego<\/td>\n<td><a href=\"http:\/\/www.mrr.gov.pl\">www.mrr.gov.pl<\/a><\/td>\n<\/tr>\n<tr>\n<td>7<\/td>\n<td>Ministerstwo Infrastruktury<\/td>\n<td><a href=\"http:\/\/www.mi.gov.pl\">www.mi.gov.pl<\/a><\/td>\n<\/tr>\n<tr>\n<td>8<\/td>\n<td>Ministerstwo Finans\u00f3w<\/td>\n<td><a href=\"http:\/\/www.mf.gov.pl\">www.mf.gov.pl<\/a><\/td>\n<\/tr>\n<tr>\n<td>9<\/td>\n<td>Ministerstwo Nauki i Szkolnictwa Wy\u017cszego<\/td>\n<td><a href=\"https:\/\/www.gov.pl\/web\/nauka\">https:\/\/www.gov.pl\/web\/nauka<\/a><\/td>\n<\/tr>\n<tr>\n<td>10<\/td>\n<td>Ministerstwo Edukacji i Sportu<\/td>\n<td><a href=\"http:\/\/www.msport.gov.pl\">www.msport.gov.pl<\/a><\/td>\n<\/tr>\n<\/tbody>\n<\/table>\n<h2>Statystyki Polski<\/h2>\n<table>\n<tr>\n<td>1<\/td>\n<td>Powierzchnia<\/td>\n<td>312 685 km\u00b2<\/td>\n<\/tr>\n<tr>\n<td>2<\/td>\n<td>Populacja<\/td>\n<td>37,6 miliona<\/td>\n<\/tr>\n<tr>\n<td>3<\/td>\n<td>G\u0119sto\u015b\u0107 zaludnienia (na km\u00b2)<\/td>\n<td>120 (km\u00b2)<\/td>\n<\/tr>\n<tr>\n<td>4<\/td>\n<td>Stolica<\/td>\n<td>Warszawa (1,65 miliona)<\/td>\n<\/tr>\n<tr>\n<td>5<\/td>\n<td>Podzia\u0142 administracyjny<\/td>\n<td>16 wojew\u00f3dztw<\/td>\n<\/tr>\n<tr>\n<td>6<\/td>\n<td>Waluta<\/td>\n<td>1 z\u0142oty (PLN) = 100 groszy (1 EUR \u2248 4 PLN)<\/td>\n<\/tr>\n<tr>\n<td>7<\/td>\n<td>Strefa czasowa<\/td>\n<td>GMT+1<\/td>\n<\/tr>\n<tr>\n<td>8<\/td>\n<td>Religia<\/td>\n<td>Katolicy 90,7%, Prawos\u0142awni 1,4%, inne 7,9%<\/td>\n<\/tr>\n<tr>\n<td>9<\/td>\n<td>Narodowo\u015bci<\/td>\n<td>Polacy 98,5%, Ukrai\u0144cy 0,6%, Niemcy 0,5%, inne 0,4%<\/td>\n<\/tr>\n<tr>\n<td>10<\/td>\n<td>\u015arednia d\u0142ugo\u015b\u0107 \u017cycia<\/td>\n<td>74,7 lat m\u0119\u017cczy\u017ani, 82 lata kobiety<\/td>\n<\/tr>\n<\/table>\n<p><\/body><\/p>\n","protected":false},"excerpt":{"rendered":"<p>Og\u00f3lne strony internetowe Nazwa Strona internetowa 1 Ambasada Niemiec w Warszawie polen.diplo.de\/pl-pl\/01-vertretungen\/01-1-die-botschaft 2 Ambasada Polski w Berlinie https:\/\/www.gov.pl\/web\/niemcy\/ambasada-rp-w-berlinie 3 Dolno\u015bl\u0105ski Urz\u0105d Wojew\u00f3dzki www.gov.pl\/web\/dolnoslaski-uw 4 Urz\u0105d Marsza\u0142kowski Wojew\u00f3dztwa Dolno\u015bl\u0105skiego www.umwd.pl 5 &#8230; <a class=\"read-more\" href=\"https:\/\/europa-forum.org\/pl\/media\/info-linki\/\">Czytaj wi\u0119cej<\/a><\/p>\n","protected":false},"author":34,"featured_media":0,"parent":734,"menu_order":0,"comment_status":"closed","ping_status":"closed","template":"","meta":{"ngg_post_thumbnail":0,"footnotes":""},"class_list":["post-899","page","type-page","status-publish","hentry"],"yoast_head":"<!-- This site is optimized with the Yoast SEO plugin v27.3 - https:\/\/yoast.com\/product\/yoast-seo-wordpress\/ -->\n<title>Info &amp; Linki - EUROPA FORUM<\/title>\n<meta name=\"robots\" content=\"index, follow, max-snippet:-1, max-image-preview:large, max-video-preview:-1\" \/>\n<link rel=\"canonical\" href=\"https:\/\/europa-forum.org\/pl\/media\/info-linki\/\" \/>\n<meta property=\"og:locale\" content=\"pl_PL\" \/>\n<meta property=\"og:type\" content=\"article\" \/>\n<meta property=\"og:title\" content=\"Info &amp; Linki - EUROPA FORUM\" \/>\n<meta property=\"og:description\" content=\"Og\u00f3lne strony internetowe Nazwa Strona internetowa 1 Ambasada Niemiec w Warszawie polen.diplo.de\/pl-pl\/01-vertretungen\/01-1-die-botschaft 2 Ambasada Polski w Berlinie https:\/\/www.gov.pl\/web\/niemcy\/ambasada-rp-w-berlinie 3 Dolno\u015bl\u0105ski Urz\u0105d Wojew\u00f3dzki www.gov.pl\/web\/dolnoslaski-uw 4 Urz\u0105d Marsza\u0142kowski Wojew\u00f3dztwa Dolno\u015bl\u0105skiego www.umwd.pl 5 ... Czytaj wi\u0119cej\" \/>\n<meta property=\"og:url\" content=\"https:\/\/europa-forum.org\/pl\/media\/info-linki\/\" \/>\n<meta property=\"og:site_name\" content=\"EUROPA FORUM\" \/>\n<meta property=\"article:publisher\" content=\"https:\/\/www.facebook.com\/EuropaForum\/\" \/>\n<meta property=\"article:modified_time\" content=\"2024-12-17T13:20:42+00:00\" \/>\n<meta name=\"twitter:card\" content=\"summary_large_image\" \/>\n<meta name=\"twitter:label1\" content=\"Szacowany czas czytania\" \/>\n\t<meta name=\"twitter:data1\" content=\"1 minuta\" \/>\n<script type=\"application\/ld+json\" class=\"yoast-schema-graph\">{\"@context\":\"https:\\\/\\\/schema.org\",\"@graph\":[{\"@type\":\"WebPage\",\"@id\":\"https:\\\/\\\/europa-forum.org\\\/pl\\\/media\\\/info-linki\\\/\",\"url\":\"https:\\\/\\\/europa-forum.org\\\/pl\\\/media\\\/info-linki\\\/\",\"name\":\"Info & Linki - EUROPA FORUM\",\"isPartOf\":{\"@id\":\"https:\\\/\\\/europa-forum.org\\\/#website\"},\"datePublished\":\"2016-05-06T11:27:31+00:00\",\"dateModified\":\"2024-12-17T13:20:42+00:00\",\"breadcrumb\":{\"@id\":\"https:\\\/\\\/europa-forum.org\\\/pl\\\/media\\\/info-linki\\\/#breadcrumb\"},\"inLanguage\":\"pl-PL\",\"potentialAction\":[{\"@type\":\"ReadAction\",\"target\":[\"https:\\\/\\\/europa-forum.org\\\/pl\\\/media\\\/info-linki\\\/\"]}]},{\"@type\":\"BreadcrumbList\",\"@id\":\"https:\\\/\\\/europa-forum.org\\\/pl\\\/media\\\/info-linki\\\/#breadcrumb\",\"itemListElement\":[{\"@type\":\"ListItem\",\"position\":1,\"name\":\"Home\",\"item\":\"https:\\\/\\\/europa-forum.org\\\/pl\\\/\"},{\"@type\":\"ListItem\",\"position\":2,\"name\":\"Media\",\"item\":\"https:\\\/\\\/europa-forum.org\\\/media-center\\\/\"},{\"@type\":\"ListItem\",\"position\":3,\"name\":\"Info &#038; Linki\"}]},{\"@type\":\"WebSite\",\"@id\":\"https:\\\/\\\/europa-forum.org\\\/#website\",\"url\":\"https:\\\/\\\/europa-forum.org\\\/\",\"name\":\"EUROPA FORUM\",\"description\":\"Polsko-Niemieckie Ko\u0142o Gospodarcze we Wroc\u0142awiu\",\"publisher\":{\"@id\":\"https:\\\/\\\/europa-forum.org\\\/#organization\"},\"potentialAction\":[{\"@type\":\"SearchAction\",\"target\":{\"@type\":\"EntryPoint\",\"urlTemplate\":\"https:\\\/\\\/europa-forum.org\\\/?s={search_term_string}\"},\"query-input\":{\"@type\":\"PropertyValueSpecification\",\"valueRequired\":true,\"valueName\":\"search_term_string\"}}],\"inLanguage\":\"pl-PL\"},{\"@type\":\"Organization\",\"@id\":\"https:\\\/\\\/europa-forum.org\\\/#organization\",\"name\":\"EUROPA FORUM\",\"url\":\"https:\\\/\\\/europa-forum.org\\\/\",\"logo\":{\"@type\":\"ImageObject\",\"inLanguage\":\"pl-PL\",\"@id\":\"https:\\\/\\\/europa-forum.org\\\/#\\\/schema\\\/logo\\\/image\\\/\",\"url\":\"https:\\\/\\\/storage.googleapis.com\\\/media-cloud-test-ef\\\/2024\\\/12\\\/logo-square.png\",\"contentUrl\":\"https:\\\/\\\/storage.googleapis.com\\\/media-cloud-test-ef\\\/2024\\\/12\\\/logo-square.png\",\"width\":240,\"height\":240,\"caption\":\"EUROPA FORUM\"},\"image\":{\"@id\":\"https:\\\/\\\/europa-forum.org\\\/#\\\/schema\\\/logo\\\/image\\\/\"},\"sameAs\":[\"https:\\\/\\\/www.facebook.com\\\/EuropaForum\\\/\",\"https:\\\/\\\/www.linkedin.com\\\/company\\\/europa-forum\"]}]}<\/script>\n<!-- \/ Yoast SEO plugin. -->","yoast_head_json":{"title":"Info & Linki - EUROPA FORUM","robots":{"index":"index","follow":"follow","max-snippet":"max-snippet:-1","max-image-preview":"max-image-preview:large","max-video-preview":"max-video-preview:-1"},"canonical":"https:\/\/europa-forum.org\/pl\/media\/info-linki\/","og_locale":"pl_PL","og_type":"article","og_title":"Info & Linki - EUROPA FORUM","og_description":"Og\u00f3lne strony internetowe Nazwa Strona internetowa 1 Ambasada Niemiec w Warszawie polen.diplo.de\/pl-pl\/01-vertretungen\/01-1-die-botschaft 2 Ambasada Polski w Berlinie https:\/\/www.gov.pl\/web\/niemcy\/ambasada-rp-w-berlinie 3 Dolno\u015bl\u0105ski Urz\u0105d Wojew\u00f3dzki www.gov.pl\/web\/dolnoslaski-uw 4 Urz\u0105d Marsza\u0142kowski Wojew\u00f3dztwa Dolno\u015bl\u0105skiego www.umwd.pl 5 ... Czytaj wi\u0119cej","og_url":"https:\/\/europa-forum.org\/pl\/media\/info-linki\/","og_site_name":"EUROPA FORUM","article_publisher":"https:\/\/www.facebook.com\/EuropaForum\/","article_modified_time":"2024-12-17T13:20:42+00:00","twitter_card":"summary_large_image","twitter_misc":{"Szacowany czas czytania":"1 minuta"},"schema":{"@context":"https:\/\/schema.org","@graph":[{"@type":"WebPage","@id":"https:\/\/europa-forum.org\/pl\/media\/info-linki\/","url":"https:\/\/europa-forum.org\/pl\/media\/info-linki\/","name":"Info & Linki - EUROPA FORUM","isPartOf":{"@id":"https:\/\/europa-forum.org\/#website"},"datePublished":"2016-05-06T11:27:31+00:00","dateModified":"2024-12-17T13:20:42+00:00","breadcrumb":{"@id":"https:\/\/europa-forum.org\/pl\/media\/info-linki\/#breadcrumb"},"inLanguage":"pl-PL","potentialAction":[{"@type":"ReadAction","target":["https:\/\/europa-forum.org\/pl\/media\/info-linki\/"]}]},{"@type":"BreadcrumbList","@id":"https:\/\/europa-forum.org\/pl\/media\/info-linki\/#breadcrumb","itemListElement":[{"@type":"ListItem","position":1,"name":"Home","item":"https:\/\/europa-forum.org\/pl\/"},{"@type":"ListItem","position":2,"name":"Media","item":"https:\/\/europa-forum.org\/media-center\/"},{"@type":"ListItem","position":3,"name":"Info &#038; Linki"}]},{"@type":"WebSite","@id":"https:\/\/europa-forum.org\/#website","url":"https:\/\/europa-forum.org\/","name":"EUROPA FORUM","description":"Polsko-Niemieckie Ko\u0142o Gospodarcze we Wroc\u0142awiu","publisher":{"@id":"https:\/\/europa-forum.org\/#organization"},"potentialAction":[{"@type":"SearchAction","target":{"@type":"EntryPoint","urlTemplate":"https:\/\/europa-forum.org\/?s={search_term_string}"},"query-input":{"@type":"PropertyValueSpecification","valueRequired":true,"valueName":"search_term_string"}}],"inLanguage":"pl-PL"},{"@type":"Organization","@id":"https:\/\/europa-forum.org\/#organization","name":"EUROPA FORUM","url":"https:\/\/europa-forum.org\/","logo":{"@type":"ImageObject","inLanguage":"pl-PL","@id":"https:\/\/europa-forum.org\/#\/schema\/logo\/image\/","url":"https:\/\/storage.googleapis.com\/media-cloud-test-ef\/2024\/12\/logo-square.png","contentUrl":"https:\/\/storage.googleapis.com\/media-cloud-test-ef\/2024\/12\/logo-square.png","width":240,"height":240,"caption":"EUROPA FORUM"},"image":{"@id":"https:\/\/europa-forum.org\/#\/schema\/logo\/image\/"},"sameAs":["https:\/\/www.facebook.com\/EuropaForum\/","https:\/\/www.linkedin.com\/company\/europa-forum"]}]}},"_links":{"self":[{"href":"https:\/\/europa-forum.org\/pl\/wp-json\/wp\/v2\/pages\/899","targetHints":{"allow":["GET"]}}],"collection":[{"href":"https:\/\/europa-forum.org\/pl\/wp-json\/wp\/v2\/pages"}],"about":[{"href":"https:\/\/europa-forum.org\/pl\/wp-json\/wp\/v2\/types\/page"}],"author":[{"embeddable":true,"href":"https:\/\/europa-forum.org\/pl\/wp-json\/wp\/v2\/users\/34"}],"replies":[{"embeddable":true,"href":"https:\/\/europa-forum.org\/pl\/wp-json\/wp\/v2\/comments?post=899"}],"version-history":[{"count":5,"href":"https:\/\/europa-forum.org\/pl\/wp-json\/wp\/v2\/pages\/899\/revisions"}],"predecessor-version":[{"id":32000,"href":"https:\/\/europa-forum.org\/pl\/wp-json\/wp\/v2\/pages\/899\/revisions\/32000"}],"up":[{"embeddable":true,"href":"https:\/\/europa-forum.org\/pl\/wp-json\/wp\/v2\/pages\/734"}],"wp:attachment":[{"href":"https:\/\/europa-forum.org\/pl\/wp-json\/wp\/v2\/media?parent=899"}],"curies":[{"name":"wp","href":"https:\/\/api.w.org\/{rel}","templated":true}]}}