{"id":896,"date":"2016-05-06T11:25:46","date_gmt":"2016-05-06T11:25:46","guid":{"rendered":"http:\/\/europa-forum.org\/pl\/?page_id=896"},"modified":"2026-04-08T12:38:51","modified_gmt":"2026-04-08T10:38:51","slug":"logo-europa-forum","status":"publish","type":"page","link":"https:\/\/europa-forum.org\/pl\/media\/logo-europa-forum\/","title":{"rendered":"Logo EUROPA FORUM"},"content":{"rendered":"<ul>\n<li><a href=\"http:\/\/europa-forum.org\/documents\/logos\/Logo_Europa_Forum_PDF.pdf\" target=\"_blank\">Logo Europa Forum PDF<\/a><\/li>\n<li><a href=\"http:\/\/europa-forum.org\/documents\/logos\/Logo_Europa_Forum_JPG.jpg\" target=\"_blank\">Logo Europa Forum JPG<\/a><\/li>\n<\/ul>\n<hr \/>\n<p><strong>Zasady korzystania z logo EUROPA FORUM<\/strong><br \/>\nEUROPA FORUM we Wroc\u0142awiu, zwane dalej \u201eEF&#8221;, jest gotowe udzieli\u0107 firmom cz\u0142onkowskim zgody na korzystanie z logo przy zachowaniu nast\u0119puj\u0105cych zasad:<br \/>\n<strong>\u00a71.<\/strong> Firmom cz\u0142onkowskim EF mo\u017ce zosta\u0107 przyznane \u2013 na ich wniosek \u2013 prawo do korzystania z logo EF, o ile s\u0105 cz\u0142onkami EF przez co najmniej 6 miesi\u0119cy i uregulowa\u0142y nale\u017cne sk\u0142adki cz\u0142onkowskie. EF zastrzega sobie prawo do indywidualnej oceny w szczeg\u00f3lnych przypadkach.<br \/>\nPrawo do korzystania z logo obejmuje prawo do jego umieszczenia na stronie internetowej firmy cz\u0142onkowskiej. Prawo do wykorzystania logo w materia\u0142ach drukowanych nie jest przyznawane automatycznie. Zezwolenie na takie u\u017cycie mo\u017ce zosta\u0107 udzielone na wniosek. W takich przypadkach wydruk pr\u00f3bny musi zosta\u0107 zatwierdzony przez przedstawiciela EF.<br \/>\nDla cz\u0142onk\u00f3w premium EF mog\u0105 obowi\u0105zywa\u0107 odr\u0119bne zasady.<br \/>\n<strong>\u00a72.<\/strong> Prawo do zamieszczania logo EF jest przyznawane ka\u017cdej firmie cz\u0142onkowskiej indywidualnie i mo\u017ce zosta\u0107 odwo\u0142ane.<br \/>\n<strong>\u00a73.<\/strong> Firmom cz\u0142onkowskim nie przys\u0142uguje roszczenie o przyznanie prawa do zamieszczania logo EF.<br \/>\n<strong>\u00a74.<\/strong> Dok\u0142adne umiejscowienie logo EF na stronie internetowej oraz jego wygl\u0105d musz\u0105 by\u0107 w ka\u017cdym przypadku przedstawione przedstawicielowi EF, tj. zarz\u0105dowi, i przez niego zatwierdzone.<br \/>\nKa\u017cda zmiana miejsca umieszczenia logo EF wymaga uzyskania nowej zgody.<br \/>\n<strong>\u00a75.<\/strong> W przypadku zamieszczenia logo EF na stronie internetowej wymagane jest umieszczenie odno\u015bnika do strony g\u0142\u00f3wnej EUROPA FORUM (www.ef.com.pl).<br \/>\n<strong>\u00a76.<\/strong> Prawo do zamieszczania logo EF wygasa ze skutkiem natychmiastowym w stosunku do wszystkich firm cz\u0142onkowskich:<\/p>\n<ol>\n<li>kt\u00f3re zalegaj\u0105 z wp\u0142at\u0105 sk\u0142adki cz\u0142onkowskiej,<\/li>\n<li>kt\u00f3re wypowiedzia\u0142y swoje cz\u0142onkostwo,<\/li>\n<li>kt\u00f3re zosta\u0142y wykluczone z cz\u0142onkostwa na mocy uchwa\u0142y zarz\u0105du,<\/li>\n<li>kt\u00f3re wykorzystuj\u0105 logo w spos\u00f3b lub w kontek\u015bcie szkodz\u0105cym EF.<\/li>\n<\/ol>\n<p><strong>\u00a77.<\/strong> EF zastrzega sobie prawo do zmiany swojego logo.<\/p>\n","protected":false},"excerpt":{"rendered":"<p>Logo Europa Forum PDF Logo Europa Forum JPG Zasady korzystania z logo EUROPA FORUM EUROPA FORUM we Wroc\u0142awiu, zwane dalej \u201eEF&#8221;, jest gotowe udzieli\u0107 firmom cz\u0142onkowskim zgody na korzystanie z &#8230; <a class=\"read-more\" href=\"https:\/\/europa-forum.org\/pl\/media\/logo-europa-forum\/\">Czytaj wi\u0119cej<\/a><\/p>\n","protected":false},"author":34,"featured_media":0,"parent":734,"menu_order":0,"comment_status":"closed","ping_status":"closed","template":"","meta":{"ngg_post_thumbnail":0,"footnotes":""},"class_list":["post-896","page","type-page","status-publish","hentry"],"yoast_head":"<!-- This site is optimized with the Yoast SEO plugin v27.3 - https:\/\/yoast.com\/product\/yoast-seo-wordpress\/ -->\n<title>Logo EUROPA FORUM - EUROPA FORUM<\/title>\n<meta name=\"robots\" content=\"index, follow, max-snippet:-1, max-image-preview:large, max-video-preview:-1\" \/>\n<link rel=\"canonical\" href=\"https:\/\/europa-forum.org\/pl\/media\/logo-europa-forum\/\" \/>\n<meta property=\"og:locale\" content=\"pl_PL\" \/>\n<meta property=\"og:type\" content=\"article\" \/>\n<meta property=\"og:title\" content=\"Logo EUROPA FORUM - EUROPA FORUM\" \/>\n<meta property=\"og:description\" content=\"Logo Europa Forum PDF Logo Europa Forum JPG Zasady korzystania z logo EUROPA FORUM EUROPA FORUM we Wroc\u0142awiu, zwane dalej \u201eEF&#8221;, jest gotowe udzieli\u0107 firmom cz\u0142onkowskim zgody na korzystanie z ... Czytaj wi\u0119cej\" \/>\n<meta property=\"og:url\" content=\"https:\/\/europa-forum.org\/pl\/media\/logo-europa-forum\/\" \/>\n<meta property=\"og:site_name\" content=\"EUROPA FORUM\" \/>\n<meta property=\"article:publisher\" content=\"https:\/\/www.facebook.com\/EuropaForum\/\" \/>\n<meta property=\"article:modified_time\" content=\"2026-04-08T10:38:51+00:00\" \/>\n<meta name=\"twitter:card\" content=\"summary_large_image\" \/>\n<script type=\"application\/ld+json\" class=\"yoast-schema-graph\">{\"@context\":\"https:\\\/\\\/schema.org\",\"@graph\":[{\"@type\":\"WebPage\",\"@id\":\"https:\\\/\\\/europa-forum.org\\\/pl\\\/media\\\/logo-europa-forum\\\/\",\"url\":\"https:\\\/\\\/europa-forum.org\\\/pl\\\/media\\\/logo-europa-forum\\\/\",\"name\":\"Logo EUROPA FORUM - EUROPA FORUM\",\"isPartOf\":{\"@id\":\"https:\\\/\\\/europa-forum.org\\\/#website\"},\"datePublished\":\"2016-05-06T11:25:46+00:00\",\"dateModified\":\"2026-04-08T10:38:51+00:00\",\"breadcrumb\":{\"@id\":\"https:\\\/\\\/europa-forum.org\\\/pl\\\/media\\\/logo-europa-forum\\\/#breadcrumb\"},\"inLanguage\":\"pl-PL\",\"potentialAction\":[{\"@type\":\"ReadAction\",\"target\":[\"https:\\\/\\\/europa-forum.org\\\/pl\\\/media\\\/logo-europa-forum\\\/\"]}]},{\"@type\":\"BreadcrumbList\",\"@id\":\"https:\\\/\\\/europa-forum.org\\\/pl\\\/media\\\/logo-europa-forum\\\/#breadcrumb\",\"itemListElement\":[{\"@type\":\"ListItem\",\"position\":1,\"name\":\"Home\",\"item\":\"https:\\\/\\\/europa-forum.org\\\/pl\\\/\"},{\"@type\":\"ListItem\",\"position\":2,\"name\":\"Media\",\"item\":\"https:\\\/\\\/europa-forum.org\\\/media-center\\\/\"},{\"@type\":\"ListItem\",\"position\":3,\"name\":\"Logo EUROPA FORUM\"}]},{\"@type\":\"WebSite\",\"@id\":\"https:\\\/\\\/europa-forum.org\\\/#website\",\"url\":\"https:\\\/\\\/europa-forum.org\\\/\",\"name\":\"EUROPA FORUM\",\"description\":\"Polsko-Niemieckie Ko\u0142o Gospodarcze we Wroc\u0142awiu\",\"publisher\":{\"@id\":\"https:\\\/\\\/europa-forum.org\\\/#organization\"},\"potentialAction\":[{\"@type\":\"SearchAction\",\"target\":{\"@type\":\"EntryPoint\",\"urlTemplate\":\"https:\\\/\\\/europa-forum.org\\\/?s={search_term_string}\"},\"query-input\":{\"@type\":\"PropertyValueSpecification\",\"valueRequired\":true,\"valueName\":\"search_term_string\"}}],\"inLanguage\":\"pl-PL\"},{\"@type\":\"Organization\",\"@id\":\"https:\\\/\\\/europa-forum.org\\\/#organization\",\"name\":\"EUROPA FORUM\",\"url\":\"https:\\\/\\\/europa-forum.org\\\/\",\"logo\":{\"@type\":\"ImageObject\",\"inLanguage\":\"pl-PL\",\"@id\":\"https:\\\/\\\/europa-forum.org\\\/#\\\/schema\\\/logo\\\/image\\\/\",\"url\":\"https:\\\/\\\/storage.googleapis.com\\\/media-cloud-test-ef\\\/2024\\\/12\\\/logo-square.png\",\"contentUrl\":\"https:\\\/\\\/storage.googleapis.com\\\/media-cloud-test-ef\\\/2024\\\/12\\\/logo-square.png\",\"width\":240,\"height\":240,\"caption\":\"EUROPA FORUM\"},\"image\":{\"@id\":\"https:\\\/\\\/europa-forum.org\\\/#\\\/schema\\\/logo\\\/image\\\/\"},\"sameAs\":[\"https:\\\/\\\/www.facebook.com\\\/EuropaForum\\\/\",\"https:\\\/\\\/www.linkedin.com\\\/company\\\/europa-forum\"]}]}<\/script>\n<!-- \/ Yoast SEO plugin. -->","yoast_head_json":{"title":"Logo EUROPA FORUM - EUROPA FORUM","robots":{"index":"index","follow":"follow","max-snippet":"max-snippet:-1","max-image-preview":"max-image-preview:large","max-video-preview":"max-video-preview:-1"},"canonical":"https:\/\/europa-forum.org\/pl\/media\/logo-europa-forum\/","og_locale":"pl_PL","og_type":"article","og_title":"Logo EUROPA FORUM - EUROPA FORUM","og_description":"Logo Europa Forum PDF Logo Europa Forum JPG Zasady korzystania z logo EUROPA FORUM EUROPA FORUM we Wroc\u0142awiu, zwane dalej \u201eEF&#8221;, jest gotowe udzieli\u0107 firmom cz\u0142onkowskim zgody na korzystanie z ... Czytaj wi\u0119cej","og_url":"https:\/\/europa-forum.org\/pl\/media\/logo-europa-forum\/","og_site_name":"EUROPA FORUM","article_publisher":"https:\/\/www.facebook.com\/EuropaForum\/","article_modified_time":"2026-04-08T10:38:51+00:00","twitter_card":"summary_large_image","schema":{"@context":"https:\/\/schema.org","@graph":[{"@type":"WebPage","@id":"https:\/\/europa-forum.org\/pl\/media\/logo-europa-forum\/","url":"https:\/\/europa-forum.org\/pl\/media\/logo-europa-forum\/","name":"Logo EUROPA FORUM - EUROPA FORUM","isPartOf":{"@id":"https:\/\/europa-forum.org\/#website"},"datePublished":"2016-05-06T11:25:46+00:00","dateModified":"2026-04-08T10:38:51+00:00","breadcrumb":{"@id":"https:\/\/europa-forum.org\/pl\/media\/logo-europa-forum\/#breadcrumb"},"inLanguage":"pl-PL","potentialAction":[{"@type":"ReadAction","target":["https:\/\/europa-forum.org\/pl\/media\/logo-europa-forum\/"]}]},{"@type":"BreadcrumbList","@id":"https:\/\/europa-forum.org\/pl\/media\/logo-europa-forum\/#breadcrumb","itemListElement":[{"@type":"ListItem","position":1,"name":"Home","item":"https:\/\/europa-forum.org\/pl\/"},{"@type":"ListItem","position":2,"name":"Media","item":"https:\/\/europa-forum.org\/media-center\/"},{"@type":"ListItem","position":3,"name":"Logo EUROPA FORUM"}]},{"@type":"WebSite","@id":"https:\/\/europa-forum.org\/#website","url":"https:\/\/europa-forum.org\/","name":"EUROPA FORUM","description":"Polsko-Niemieckie Ko\u0142o Gospodarcze we Wroc\u0142awiu","publisher":{"@id":"https:\/\/europa-forum.org\/#organization"},"potentialAction":[{"@type":"SearchAction","target":{"@type":"EntryPoint","urlTemplate":"https:\/\/europa-forum.org\/?s={search_term_string}"},"query-input":{"@type":"PropertyValueSpecification","valueRequired":true,"valueName":"search_term_string"}}],"inLanguage":"pl-PL"},{"@type":"Organization","@id":"https:\/\/europa-forum.org\/#organization","name":"EUROPA FORUM","url":"https:\/\/europa-forum.org\/","logo":{"@type":"ImageObject","inLanguage":"pl-PL","@id":"https:\/\/europa-forum.org\/#\/schema\/logo\/image\/","url":"https:\/\/storage.googleapis.com\/media-cloud-test-ef\/2024\/12\/logo-square.png","contentUrl":"https:\/\/storage.googleapis.com\/media-cloud-test-ef\/2024\/12\/logo-square.png","width":240,"height":240,"caption":"EUROPA FORUM"},"image":{"@id":"https:\/\/europa-forum.org\/#\/schema\/logo\/image\/"},"sameAs":["https:\/\/www.facebook.com\/EuropaForum\/","https:\/\/www.linkedin.com\/company\/europa-forum"]}]}},"_links":{"self":[{"href":"https:\/\/europa-forum.org\/pl\/wp-json\/wp\/v2\/pages\/896","targetHints":{"allow":["GET"]}}],"collection":[{"href":"https:\/\/europa-forum.org\/pl\/wp-json\/wp\/v2\/pages"}],"about":[{"href":"https:\/\/europa-forum.org\/pl\/wp-json\/wp\/v2\/types\/page"}],"author":[{"embeddable":true,"href":"https:\/\/europa-forum.org\/pl\/wp-json\/wp\/v2\/users\/34"}],"replies":[{"embeddable":true,"href":"https:\/\/europa-forum.org\/pl\/wp-json\/wp\/v2\/comments?post=896"}],"version-history":[{"count":1,"href":"https:\/\/europa-forum.org\/pl\/wp-json\/wp\/v2\/pages\/896\/revisions"}],"predecessor-version":[{"id":35142,"href":"https:\/\/europa-forum.org\/pl\/wp-json\/wp\/v2\/pages\/896\/revisions\/35142"}],"up":[{"embeddable":true,"href":"https:\/\/europa-forum.org\/pl\/wp-json\/wp\/v2\/pages\/734"}],"wp:attachment":[{"href":"https:\/\/europa-forum.org\/pl\/wp-json\/wp\/v2\/media?parent=896"}],"curies":[{"name":"wp","href":"https:\/\/api.w.org\/{rel}","templated":true}]}}