{"id":894,"date":"2016-05-06T11:24:49","date_gmt":"2016-05-06T11:24:49","guid":{"rendered":"http:\/\/europa-forum.org\/pl\/?page_id=894"},"modified":"2025-06-24T15:56:36","modified_gmt":"2025-06-24T13:56:36","slug":"broszury","status":"publish","type":"page","link":"https:\/\/europa-forum.org\/pl\/media\/broszury\/","title":{"rendered":"Broszury i prezentacje"},"content":{"rendered":"<p>Nasza dwuj\u0119zyczna broszura informacyjna da Pa\u0144stwu kr\u00f3tki i szybki wgl\u0105d w dzia\u0142ania <strong>EUROPA FORUM<\/strong> we Wroc\u0142awiu.<\/p>\n<p>W przypadku pyta\u0144 odno\u015bnie cz\u0142onkostwa lub kooperacji prosimy si\u0119 z nami skontaktowa\u0107. Z ch\u0119ci\u0105 przybli\u017cymy r\u00f3\u017cnorodno\u015b\u0107 naszych aktywno\u015bci w <strong>EUROPA FORUM<\/strong> tudzie\u017c odpowiemy na Pa\u0144stwa pytania, zar\u00f3wno telefonicznie jak i osobi\u015bcie.<\/p>\n<div style=\"position:relative;padding-top:max(60%,343px);height:0;width:100%\"><iframe sandbox=\"allow-top-navigation allow-top-navigation-by-user-activation allow-downloads allow-scripts allow-same-origin allow-popups allow-modals allow-popups-to-escape-sandbox\" allowfullscreen=\"true\" style=\"position:absolute;border:none;width:100%;height:100%;left:0;right:0;top:0;bottom:0;\" src=\"https:\/\/e.issuu.com\/embed.html?d=europa_forum_broszura_2025&#038;u=getsix\"><\/iframe><\/div>\n\n<div style=\"position:relative;padding-top:max(60%,326px);height:0;width:100%\"><iframe allow=\"clipboard-write\" sandbox=\"allow-top-navigation allow-top-navigation-by-user-activation allow-downloads allow-scripts allow-same-origin allow-popups allow-modals allow-popups-to-escape-sandbox allow-forms\" allowfullscreen=\"true\" style=\"position:absolute;border:none;width:100%;height:100%;left:0;right:0;top:0;bottom:0;\" src=\"https:\/\/e.issuu.com\/embed.html?d=ef_pra_sentation&#038;hideIssuuLogo=true&#038;pageLayout=singlePage&#038;u=getsix\"><\/iframe><\/div>\n","protected":false},"excerpt":{"rendered":"<p>Nasza dwuj\u0119zyczna broszura informacyjna da Pa\u0144stwu kr\u00f3tki i szybki wgl\u0105d w dzia\u0142ania EUROPA FORUM we Wroc\u0142awiu. W przypadku pyta\u0144 odno\u015bnie cz\u0142onkostwa lub kooperacji prosimy si\u0119 z nami skontaktowa\u0107. Z ch\u0119ci\u0105 &#8230; <a class=\"read-more\" href=\"https:\/\/europa-forum.org\/pl\/media\/broszury\/\">Czytaj wi\u0119cej<\/a><\/p>\n","protected":false},"author":34,"featured_media":0,"parent":734,"menu_order":0,"comment_status":"closed","ping_status":"closed","template":"","meta":{"ngg_post_thumbnail":0,"footnotes":""},"class_list":["post-894","page","type-page","status-publish","hentry"],"yoast_head":"<!-- This site is optimized with the Yoast SEO plugin v27.3 - https:\/\/yoast.com\/product\/yoast-seo-wordpress\/ -->\n<title>Broszury i prezentacje - EUROPA FORUM<\/title>\n<meta name=\"robots\" content=\"index, follow, max-snippet:-1, max-image-preview:large, max-video-preview:-1\" \/>\n<link rel=\"canonical\" href=\"https:\/\/europa-forum.org\/pl\/media\/broszury\/\" \/>\n<meta property=\"og:locale\" content=\"pl_PL\" \/>\n<meta property=\"og:type\" content=\"article\" \/>\n<meta property=\"og:title\" content=\"Broszury i prezentacje - EUROPA FORUM\" \/>\n<meta property=\"og:description\" content=\"Nasza dwuj\u0119zyczna broszura informacyjna da Pa\u0144stwu kr\u00f3tki i szybki wgl\u0105d w dzia\u0142ania EUROPA FORUM we Wroc\u0142awiu. W przypadku pyta\u0144 odno\u015bnie cz\u0142onkostwa lub kooperacji prosimy si\u0119 z nami skontaktowa\u0107. Z ch\u0119ci\u0105 ... Czytaj wi\u0119cej\" \/>\n<meta property=\"og:url\" content=\"https:\/\/europa-forum.org\/pl\/media\/broszury\/\" \/>\n<meta property=\"og:site_name\" content=\"EUROPA FORUM\" \/>\n<meta property=\"article:publisher\" content=\"https:\/\/www.facebook.com\/EuropaForum\/\" \/>\n<meta property=\"article:modified_time\" content=\"2025-06-24T13:56:36+00:00\" \/>\n<meta name=\"twitter:card\" content=\"summary_large_image\" \/>\n<meta name=\"twitter:label1\" content=\"Szacowany czas czytania\" \/>\n\t<meta name=\"twitter:data1\" content=\"1 minuta\" \/>\n<script type=\"application\/ld+json\" class=\"yoast-schema-graph\">{\"@context\":\"https:\\\/\\\/schema.org\",\"@graph\":[{\"@type\":\"WebPage\",\"@id\":\"https:\\\/\\\/europa-forum.org\\\/pl\\\/media\\\/broszury\\\/\",\"url\":\"https:\\\/\\\/europa-forum.org\\\/pl\\\/media\\\/broszury\\\/\",\"name\":\"Broszury i prezentacje - EUROPA FORUM\",\"isPartOf\":{\"@id\":\"https:\\\/\\\/europa-forum.org\\\/#website\"},\"datePublished\":\"2016-05-06T11:24:49+00:00\",\"dateModified\":\"2025-06-24T13:56:36+00:00\",\"breadcrumb\":{\"@id\":\"https:\\\/\\\/europa-forum.org\\\/pl\\\/media\\\/broszury\\\/#breadcrumb\"},\"inLanguage\":\"pl-PL\",\"potentialAction\":[{\"@type\":\"ReadAction\",\"target\":[\"https:\\\/\\\/europa-forum.org\\\/pl\\\/media\\\/broszury\\\/\"]}]},{\"@type\":\"BreadcrumbList\",\"@id\":\"https:\\\/\\\/europa-forum.org\\\/pl\\\/media\\\/broszury\\\/#breadcrumb\",\"itemListElement\":[{\"@type\":\"ListItem\",\"position\":1,\"name\":\"Home\",\"item\":\"https:\\\/\\\/europa-forum.org\\\/pl\\\/\"},{\"@type\":\"ListItem\",\"position\":2,\"name\":\"Media\",\"item\":\"https:\\\/\\\/europa-forum.org\\\/media-center\\\/\"},{\"@type\":\"ListItem\",\"position\":3,\"name\":\"Broszury i prezentacje\"}]},{\"@type\":\"WebSite\",\"@id\":\"https:\\\/\\\/europa-forum.org\\\/#website\",\"url\":\"https:\\\/\\\/europa-forum.org\\\/\",\"name\":\"EUROPA FORUM\",\"description\":\"Polsko-Niemieckie Ko\u0142o Gospodarcze we Wroc\u0142awiu\",\"publisher\":{\"@id\":\"https:\\\/\\\/europa-forum.org\\\/#organization\"},\"potentialAction\":[{\"@type\":\"SearchAction\",\"target\":{\"@type\":\"EntryPoint\",\"urlTemplate\":\"https:\\\/\\\/europa-forum.org\\\/?s={search_term_string}\"},\"query-input\":{\"@type\":\"PropertyValueSpecification\",\"valueRequired\":true,\"valueName\":\"search_term_string\"}}],\"inLanguage\":\"pl-PL\"},{\"@type\":\"Organization\",\"@id\":\"https:\\\/\\\/europa-forum.org\\\/#organization\",\"name\":\"EUROPA FORUM\",\"url\":\"https:\\\/\\\/europa-forum.org\\\/\",\"logo\":{\"@type\":\"ImageObject\",\"inLanguage\":\"pl-PL\",\"@id\":\"https:\\\/\\\/europa-forum.org\\\/#\\\/schema\\\/logo\\\/image\\\/\",\"url\":\"https:\\\/\\\/storage.googleapis.com\\\/media-cloud-test-ef\\\/2024\\\/12\\\/logo-square.png\",\"contentUrl\":\"https:\\\/\\\/storage.googleapis.com\\\/media-cloud-test-ef\\\/2024\\\/12\\\/logo-square.png\",\"width\":240,\"height\":240,\"caption\":\"EUROPA FORUM\"},\"image\":{\"@id\":\"https:\\\/\\\/europa-forum.org\\\/#\\\/schema\\\/logo\\\/image\\\/\"},\"sameAs\":[\"https:\\\/\\\/www.facebook.com\\\/EuropaForum\\\/\",\"https:\\\/\\\/www.linkedin.com\\\/company\\\/europa-forum\"]}]}<\/script>\n<!-- \/ Yoast SEO plugin. -->","yoast_head_json":{"title":"Broszury i prezentacje - EUROPA FORUM","robots":{"index":"index","follow":"follow","max-snippet":"max-snippet:-1","max-image-preview":"max-image-preview:large","max-video-preview":"max-video-preview:-1"},"canonical":"https:\/\/europa-forum.org\/pl\/media\/broszury\/","og_locale":"pl_PL","og_type":"article","og_title":"Broszury i prezentacje - EUROPA FORUM","og_description":"Nasza dwuj\u0119zyczna broszura informacyjna da Pa\u0144stwu kr\u00f3tki i szybki wgl\u0105d w dzia\u0142ania EUROPA FORUM we Wroc\u0142awiu. W przypadku pyta\u0144 odno\u015bnie cz\u0142onkostwa lub kooperacji prosimy si\u0119 z nami skontaktowa\u0107. Z ch\u0119ci\u0105 ... Czytaj wi\u0119cej","og_url":"https:\/\/europa-forum.org\/pl\/media\/broszury\/","og_site_name":"EUROPA FORUM","article_publisher":"https:\/\/www.facebook.com\/EuropaForum\/","article_modified_time":"2025-06-24T13:56:36+00:00","twitter_card":"summary_large_image","twitter_misc":{"Szacowany czas czytania":"1 minuta"},"schema":{"@context":"https:\/\/schema.org","@graph":[{"@type":"WebPage","@id":"https:\/\/europa-forum.org\/pl\/media\/broszury\/","url":"https:\/\/europa-forum.org\/pl\/media\/broszury\/","name":"Broszury i prezentacje - EUROPA FORUM","isPartOf":{"@id":"https:\/\/europa-forum.org\/#website"},"datePublished":"2016-05-06T11:24:49+00:00","dateModified":"2025-06-24T13:56:36+00:00","breadcrumb":{"@id":"https:\/\/europa-forum.org\/pl\/media\/broszury\/#breadcrumb"},"inLanguage":"pl-PL","potentialAction":[{"@type":"ReadAction","target":["https:\/\/europa-forum.org\/pl\/media\/broszury\/"]}]},{"@type":"BreadcrumbList","@id":"https:\/\/europa-forum.org\/pl\/media\/broszury\/#breadcrumb","itemListElement":[{"@type":"ListItem","position":1,"name":"Home","item":"https:\/\/europa-forum.org\/pl\/"},{"@type":"ListItem","position":2,"name":"Media","item":"https:\/\/europa-forum.org\/media-center\/"},{"@type":"ListItem","position":3,"name":"Broszury i prezentacje"}]},{"@type":"WebSite","@id":"https:\/\/europa-forum.org\/#website","url":"https:\/\/europa-forum.org\/","name":"EUROPA FORUM","description":"Polsko-Niemieckie Ko\u0142o Gospodarcze we Wroc\u0142awiu","publisher":{"@id":"https:\/\/europa-forum.org\/#organization"},"potentialAction":[{"@type":"SearchAction","target":{"@type":"EntryPoint","urlTemplate":"https:\/\/europa-forum.org\/?s={search_term_string}"},"query-input":{"@type":"PropertyValueSpecification","valueRequired":true,"valueName":"search_term_string"}}],"inLanguage":"pl-PL"},{"@type":"Organization","@id":"https:\/\/europa-forum.org\/#organization","name":"EUROPA FORUM","url":"https:\/\/europa-forum.org\/","logo":{"@type":"ImageObject","inLanguage":"pl-PL","@id":"https:\/\/europa-forum.org\/#\/schema\/logo\/image\/","url":"https:\/\/storage.googleapis.com\/media-cloud-test-ef\/2024\/12\/logo-square.png","contentUrl":"https:\/\/storage.googleapis.com\/media-cloud-test-ef\/2024\/12\/logo-square.png","width":240,"height":240,"caption":"EUROPA FORUM"},"image":{"@id":"https:\/\/europa-forum.org\/#\/schema\/logo\/image\/"},"sameAs":["https:\/\/www.facebook.com\/EuropaForum\/","https:\/\/www.linkedin.com\/company\/europa-forum"]}]}},"_links":{"self":[{"href":"https:\/\/europa-forum.org\/pl\/wp-json\/wp\/v2\/pages\/894","targetHints":{"allow":["GET"]}}],"collection":[{"href":"https:\/\/europa-forum.org\/pl\/wp-json\/wp\/v2\/pages"}],"about":[{"href":"https:\/\/europa-forum.org\/pl\/wp-json\/wp\/v2\/types\/page"}],"author":[{"embeddable":true,"href":"https:\/\/europa-forum.org\/pl\/wp-json\/wp\/v2\/users\/34"}],"replies":[{"embeddable":true,"href":"https:\/\/europa-forum.org\/pl\/wp-json\/wp\/v2\/comments?post=894"}],"version-history":[{"count":13,"href":"https:\/\/europa-forum.org\/pl\/wp-json\/wp\/v2\/pages\/894\/revisions"}],"predecessor-version":[{"id":33585,"href":"https:\/\/europa-forum.org\/pl\/wp-json\/wp\/v2\/pages\/894\/revisions\/33585"}],"up":[{"embeddable":true,"href":"https:\/\/europa-forum.org\/pl\/wp-json\/wp\/v2\/pages\/734"}],"wp:attachment":[{"href":"https:\/\/europa-forum.org\/pl\/wp-json\/wp\/v2\/media?parent=894"}],"curies":[{"name":"wp","href":"https:\/\/api.w.org\/{rel}","templated":true}]}}