{"id":884,"date":"2016-05-06T11:17:02","date_gmt":"2016-05-06T11:17:02","guid":{"rendered":"http:\/\/europa-forum.org\/pl\/?page_id=884"},"modified":"2026-04-17T14:21:27","modified_gmt":"2026-04-17T12:21:27","slug":"wniosek-czlonkowski","status":"publish","type":"page","link":"https:\/\/europa-forum.org\/pl\/czlonkostwo\/wniosek-czlonkowski\/","title":{"rendered":"Wniosek cz\u0142onkowski"},"content":{"rendered":"<ul>\n<li><a href=\"https:\/\/europa-forum.org\/documents\/mitgliedsantrag\/formularz-zgloszeniowy-dla-czlonkow-firmowych.pdf\">FORMULARZ ZG\u0141OSZENIOWY dla cz\u0142onk\u00f3w firmowych<\/a><\/li>\n<li><a href=\"https:\/\/europa-forum.org\/documents\/mitgliedsantrag\/formularz-zgloszeniowy-dla-czlonkow-prywatnych.pdf\">FORMULARZ ZG\u0141OSZENIOWY dla cz\u0142onk\u00f3w prywatnych<\/a><\/li>\n<\/ul>\n","protected":false},"excerpt":{"rendered":"<p>FORMULARZ ZG\u0141OSZENIOWY dla cz\u0142onk\u00f3w firmowych FORMULARZ ZG\u0141OSZENIOWY dla cz\u0142onk\u00f3w prywatnych<\/p>\n","protected":false},"author":34,"featured_media":0,"parent":732,"menu_order":0,"comment_status":"closed","ping_status":"closed","template":"","meta":{"ngg_post_thumbnail":0,"footnotes":""},"class_list":["post-884","page","type-page","status-publish","hentry"],"yoast_head":"<!-- This site is optimized with the Yoast SEO plugin v27.3 - https:\/\/yoast.com\/product\/yoast-seo-wordpress\/ -->\n<title>Wniosek cz\u0142onkowski - EUROPA FORUM<\/title>\n<meta name=\"robots\" content=\"index, follow, max-snippet:-1, max-image-preview:large, max-video-preview:-1\" \/>\n<link rel=\"canonical\" href=\"https:\/\/europa-forum.org\/pl\/czlonkostwo\/wniosek-czlonkowski\/\" \/>\n<meta property=\"og:locale\" content=\"pl_PL\" \/>\n<meta property=\"og:type\" content=\"article\" \/>\n<meta property=\"og:title\" content=\"Wniosek cz\u0142onkowski - EUROPA FORUM\" \/>\n<meta property=\"og:description\" content=\"FORMULARZ ZG\u0141OSZENIOWY dla cz\u0142onk\u00f3w firmowych FORMULARZ ZG\u0141OSZENIOWY dla cz\u0142onk\u00f3w prywatnych\" \/>\n<meta property=\"og:url\" content=\"https:\/\/europa-forum.org\/pl\/czlonkostwo\/wniosek-czlonkowski\/\" \/>\n<meta property=\"og:site_name\" content=\"EUROPA FORUM\" \/>\n<meta property=\"article:publisher\" content=\"https:\/\/www.facebook.com\/EuropaForum\/\" \/>\n<meta property=\"article:modified_time\" content=\"2026-04-17T12:21:27+00:00\" \/>\n<meta name=\"twitter:card\" content=\"summary_large_image\" \/>\n<meta name=\"twitter:label1\" content=\"Szacowany czas czytania\" \/>\n\t<meta name=\"twitter:data1\" content=\"1 minuta\" \/>\n<script type=\"application\/ld+json\" class=\"yoast-schema-graph\">{\"@context\":\"https:\\\/\\\/schema.org\",\"@graph\":[{\"@type\":\"WebPage\",\"@id\":\"https:\\\/\\\/europa-forum.org\\\/pl\\\/czlonkostwo\\\/wniosek-czlonkowski\\\/\",\"url\":\"https:\\\/\\\/europa-forum.org\\\/pl\\\/czlonkostwo\\\/wniosek-czlonkowski\\\/\",\"name\":\"Wniosek cz\u0142onkowski - EUROPA FORUM\",\"isPartOf\":{\"@id\":\"https:\\\/\\\/europa-forum.org\\\/#website\"},\"datePublished\":\"2016-05-06T11:17:02+00:00\",\"dateModified\":\"2026-04-17T12:21:27+00:00\",\"breadcrumb\":{\"@id\":\"https:\\\/\\\/europa-forum.org\\\/pl\\\/czlonkostwo\\\/wniosek-czlonkowski\\\/#breadcrumb\"},\"inLanguage\":\"pl-PL\",\"potentialAction\":[{\"@type\":\"ReadAction\",\"target\":[\"https:\\\/\\\/europa-forum.org\\\/pl\\\/czlonkostwo\\\/wniosek-czlonkowski\\\/\"]}]},{\"@type\":\"BreadcrumbList\",\"@id\":\"https:\\\/\\\/europa-forum.org\\\/pl\\\/czlonkostwo\\\/wniosek-czlonkowski\\\/#breadcrumb\",\"itemListElement\":[{\"@type\":\"ListItem\",\"position\":1,\"name\":\"Home\",\"item\":\"https:\\\/\\\/europa-forum.org\\\/pl\\\/\"},{\"@type\":\"ListItem\",\"position\":2,\"name\":\"Cz\u0142onkostwo\",\"item\":\"https:\\\/\\\/europa-forum.org\\\/mitgliedschaft\\\/\"},{\"@type\":\"ListItem\",\"position\":3,\"name\":\"Wniosek cz\u0142onkowski\"}]},{\"@type\":\"WebSite\",\"@id\":\"https:\\\/\\\/europa-forum.org\\\/#website\",\"url\":\"https:\\\/\\\/europa-forum.org\\\/\",\"name\":\"EUROPA FORUM\",\"description\":\"Polsko-Niemieckie Ko\u0142o Gospodarcze we Wroc\u0142awiu\",\"publisher\":{\"@id\":\"https:\\\/\\\/europa-forum.org\\\/#organization\"},\"potentialAction\":[{\"@type\":\"SearchAction\",\"target\":{\"@type\":\"EntryPoint\",\"urlTemplate\":\"https:\\\/\\\/europa-forum.org\\\/?s={search_term_string}\"},\"query-input\":{\"@type\":\"PropertyValueSpecification\",\"valueRequired\":true,\"valueName\":\"search_term_string\"}}],\"inLanguage\":\"pl-PL\"},{\"@type\":\"Organization\",\"@id\":\"https:\\\/\\\/europa-forum.org\\\/#organization\",\"name\":\"EUROPA FORUM\",\"url\":\"https:\\\/\\\/europa-forum.org\\\/\",\"logo\":{\"@type\":\"ImageObject\",\"inLanguage\":\"pl-PL\",\"@id\":\"https:\\\/\\\/europa-forum.org\\\/#\\\/schema\\\/logo\\\/image\\\/\",\"url\":\"https:\\\/\\\/storage.googleapis.com\\\/media-cloud-test-ef\\\/2024\\\/12\\\/logo-square.png\",\"contentUrl\":\"https:\\\/\\\/storage.googleapis.com\\\/media-cloud-test-ef\\\/2024\\\/12\\\/logo-square.png\",\"width\":240,\"height\":240,\"caption\":\"EUROPA FORUM\"},\"image\":{\"@id\":\"https:\\\/\\\/europa-forum.org\\\/#\\\/schema\\\/logo\\\/image\\\/\"},\"sameAs\":[\"https:\\\/\\\/www.facebook.com\\\/EuropaForum\\\/\",\"https:\\\/\\\/www.linkedin.com\\\/company\\\/europa-forum\"]}]}<\/script>\n<!-- \/ Yoast SEO plugin. -->","yoast_head_json":{"title":"Wniosek cz\u0142onkowski - EUROPA FORUM","robots":{"index":"index","follow":"follow","max-snippet":"max-snippet:-1","max-image-preview":"max-image-preview:large","max-video-preview":"max-video-preview:-1"},"canonical":"https:\/\/europa-forum.org\/pl\/czlonkostwo\/wniosek-czlonkowski\/","og_locale":"pl_PL","og_type":"article","og_title":"Wniosek cz\u0142onkowski - EUROPA FORUM","og_description":"FORMULARZ ZG\u0141OSZENIOWY dla cz\u0142onk\u00f3w firmowych FORMULARZ ZG\u0141OSZENIOWY dla cz\u0142onk\u00f3w prywatnych","og_url":"https:\/\/europa-forum.org\/pl\/czlonkostwo\/wniosek-czlonkowski\/","og_site_name":"EUROPA FORUM","article_publisher":"https:\/\/www.facebook.com\/EuropaForum\/","article_modified_time":"2026-04-17T12:21:27+00:00","twitter_card":"summary_large_image","twitter_misc":{"Szacowany czas czytania":"1 minuta"},"schema":{"@context":"https:\/\/schema.org","@graph":[{"@type":"WebPage","@id":"https:\/\/europa-forum.org\/pl\/czlonkostwo\/wniosek-czlonkowski\/","url":"https:\/\/europa-forum.org\/pl\/czlonkostwo\/wniosek-czlonkowski\/","name":"Wniosek cz\u0142onkowski - EUROPA FORUM","isPartOf":{"@id":"https:\/\/europa-forum.org\/#website"},"datePublished":"2016-05-06T11:17:02+00:00","dateModified":"2026-04-17T12:21:27+00:00","breadcrumb":{"@id":"https:\/\/europa-forum.org\/pl\/czlonkostwo\/wniosek-czlonkowski\/#breadcrumb"},"inLanguage":"pl-PL","potentialAction":[{"@type":"ReadAction","target":["https:\/\/europa-forum.org\/pl\/czlonkostwo\/wniosek-czlonkowski\/"]}]},{"@type":"BreadcrumbList","@id":"https:\/\/europa-forum.org\/pl\/czlonkostwo\/wniosek-czlonkowski\/#breadcrumb","itemListElement":[{"@type":"ListItem","position":1,"name":"Home","item":"https:\/\/europa-forum.org\/pl\/"},{"@type":"ListItem","position":2,"name":"Cz\u0142onkostwo","item":"https:\/\/europa-forum.org\/mitgliedschaft\/"},{"@type":"ListItem","position":3,"name":"Wniosek cz\u0142onkowski"}]},{"@type":"WebSite","@id":"https:\/\/europa-forum.org\/#website","url":"https:\/\/europa-forum.org\/","name":"EUROPA FORUM","description":"Polsko-Niemieckie Ko\u0142o Gospodarcze we Wroc\u0142awiu","publisher":{"@id":"https:\/\/europa-forum.org\/#organization"},"potentialAction":[{"@type":"SearchAction","target":{"@type":"EntryPoint","urlTemplate":"https:\/\/europa-forum.org\/?s={search_term_string}"},"query-input":{"@type":"PropertyValueSpecification","valueRequired":true,"valueName":"search_term_string"}}],"inLanguage":"pl-PL"},{"@type":"Organization","@id":"https:\/\/europa-forum.org\/#organization","name":"EUROPA FORUM","url":"https:\/\/europa-forum.org\/","logo":{"@type":"ImageObject","inLanguage":"pl-PL","@id":"https:\/\/europa-forum.org\/#\/schema\/logo\/image\/","url":"https:\/\/storage.googleapis.com\/media-cloud-test-ef\/2024\/12\/logo-square.png","contentUrl":"https:\/\/storage.googleapis.com\/media-cloud-test-ef\/2024\/12\/logo-square.png","width":240,"height":240,"caption":"EUROPA FORUM"},"image":{"@id":"https:\/\/europa-forum.org\/#\/schema\/logo\/image\/"},"sameAs":["https:\/\/www.facebook.com\/EuropaForum\/","https:\/\/www.linkedin.com\/company\/europa-forum"]}]}},"_links":{"self":[{"href":"https:\/\/europa-forum.org\/pl\/wp-json\/wp\/v2\/pages\/884","targetHints":{"allow":["GET"]}}],"collection":[{"href":"https:\/\/europa-forum.org\/pl\/wp-json\/wp\/v2\/pages"}],"about":[{"href":"https:\/\/europa-forum.org\/pl\/wp-json\/wp\/v2\/types\/page"}],"author":[{"embeddable":true,"href":"https:\/\/europa-forum.org\/pl\/wp-json\/wp\/v2\/users\/34"}],"replies":[{"embeddable":true,"href":"https:\/\/europa-forum.org\/pl\/wp-json\/wp\/v2\/comments?post=884"}],"version-history":[{"count":10,"href":"https:\/\/europa-forum.org\/pl\/wp-json\/wp\/v2\/pages\/884\/revisions"}],"predecessor-version":[{"id":35204,"href":"https:\/\/europa-forum.org\/pl\/wp-json\/wp\/v2\/pages\/884\/revisions\/35204"}],"up":[{"embeddable":true,"href":"https:\/\/europa-forum.org\/pl\/wp-json\/wp\/v2\/pages\/732"}],"wp:attachment":[{"href":"https:\/\/europa-forum.org\/pl\/wp-json\/wp\/v2\/media?parent=884"}],"curies":[{"name":"wp","href":"https:\/\/api.w.org\/{rel}","templated":true}]}}