{"id":882,"date":"2016-05-06T11:16:24","date_gmt":"2016-05-06T11:16:24","guid":{"rendered":"http:\/\/europa-forum.org\/pl\/?page_id=882"},"modified":"2026-04-08T12:35:41","modified_gmt":"2026-04-08T10:35:41","slug":"czeste-pytania","status":"publish","type":"page","link":"https:\/\/europa-forum.org\/pl\/czlonkostwo\/czeste-pytania\/","title":{"rendered":"Cz\u0119ste pytania"},"content":{"rendered":"<p><strong>Cz\u0119sto zadawane pytania dotycz\u0105ce cz\u0142onkostwa<\/strong><\/p>\n<p>TUTAJ DOWIESZ SI\u0118 WSZYSTKIEGO O CZ\u0141ONKOSTWIE W EUROPA FORUM<\/p>\n<p><strong>Kto mo\u017ce zosta\u0107 cz\u0142onkiem EUROPA FORUM?<\/strong><br \/>\nCz\u0142onkami zwyczajnymi mog\u0105 by\u0107 osoby fizyczne posiadaj\u0105ce pe\u0142n\u0105 zdolno\u015b\u0107 do czynno\u015bci prawnych i korzystaj\u0105ce z praw obywatelskich, a tak\u017ce cudzoziemcy zamieszkali w Polsce oraz cudzoziemcy niemaj\u0105cy miejsca zamieszkania w Polsce. Ma\u0142oletni w wieku od 16 do 18 lat posiadaj\u0105cy ograniczon\u0105 zdolno\u015b\u0107 do czynno\u015bci prawnych mog\u0105 by\u0107 cz\u0142onkami stowarzyszenia i korzysta\u0107 z czynnego oraz biernego prawa wyborczego. Osoby prawne (przedsi\u0119biorstwa) mog\u0105 uczestniczy\u0107 w stowarzyszeniu wy\u0142\u0105cznie jako cz\u0142onkowie wspieraj\u0105cy.<\/p>\n<p><strong>Jak zosta\u0107 cz\u0142onkiem EUROPA FORUM?<\/strong><br \/>\nDecyzj\u0119 o przyj\u0119ciu w poczet cz\u0142onk\u00f3w stowarzyszenia podejmuje zarz\u0105d w drodze uchwa\u0142y, na podstawie pisemnej deklaracji przyst\u0105pienia zainteresowanego. Dotyczy to zar\u00f3wno cz\u0142onkostwa zwyczajnego (prywatnego), jak i cz\u0142onkostwa wspieraj\u0105cego (firmowego).<\/p>\n<p><strong>Jaka jest wysoko\u015b\u0107 sk\u0142adki cz\u0142onkowskiej dla cz\u0142onkostwa prywatnego?<\/strong><br \/>\nSk\u0142adka za cz\u0142onkostwo indywidualne wynosi 600 PLN rocznie.<\/p>\n<p><strong>Czy w pierwszym roku cz\u0142onkostwa nale\u017cy zap\u0142aci\u0107 pe\u0142n\u0105 sk\u0142adk\u0119?<\/strong><br \/>\nPe\u0142na sk\u0142adka cz\u0142onkowska jest wymagana, je\u015bli cz\u0142onkostwo zostanie potwierdzone w I kwartale danego roku. Je\u015bli natomiast cz\u0142onkostwo zostanie potwierdzone w II lub III kwartale, sk\u0142adka ulega odpowiednio obni\u017ceniu o 25% lub 50%. W przypadku cz\u0142onkostw potwierdzonych w IV kwartale nale\u017cy ui\u015bci\u0107 jedynie 25% rocznej kwoty sk\u0142adki. T\u0119 cz\u0119\u015b\u0107 pokrywaj\u0105 nasi partnerzy.<\/p>\n<p><strong>Kiedy nale\u017cy op\u0142aca\u0107 sk\u0142adki cz\u0142onkowskie?<\/strong><br \/>\nSk\u0142adki cz\u0142onkowskie powinny by\u0107 wp\u0142acone do ko\u0144ca pierwszego kwarta\u0142u roku. Nowo przyj\u0119ci cz\u0142onkowie stowarzyszenia wp\u0142acaj\u0105 op\u0142at\u0119 wpisow\u0105 oraz sk\u0142adk\u0119 cz\u0142onkowsk\u0105 w terminie 14 dni od otrzymania powiadomienia o przyj\u0119ciu.<\/p>\n<p><strong>Jak mo\u017cna op\u0142aci\u0107 sk\u0142adki cz\u0142onkowskie?<\/strong><br \/>\nNa pocz\u0105tku roku cz\u0142onkowie otrzymuj\u0105 zawiadomienie ksi\u0119gowe z podaniem danych bankowych. Sk\u0142adk\u0119 cz\u0142onkowsk\u0105 mo\u017cna wygodnie ui\u015bci\u0107 przelewem bankowym.<\/p>\n<p><strong>Czy wymagane jest por\u0119czenie?<\/strong><br \/>\nTak, w przypadku cz\u0142onkostwa indywidualnego wymagamy por\u0119czenia dw\u00f3ch cz\u0142onk\u00f3w. Oczywi\u015bcie ch\u0119tnie pomo\u017cemy w znalezieniu odpowiednich por\u0119czycieli.<\/p>\n<p><strong>Czy istnieje mo\u017cliwo\u015b\u0107 cz\u0142onkostwa firmowego?<\/strong><br \/>\nTak, w ramach cz\u0142onkostwa firmowego prawa cz\u0142onkowskie w EUROPA FORUM wykonuje do 2 os\u00f3b kierowniczych z danego przedsi\u0119biorstwa. Osoby te nale\u017cy wskaza\u0107 stowarzyszeniu na pi\u015bmie. Roczna sk\u0142adka wynosi 2 700 PLN. Roczna op\u0142ata za osoby reprezentuj\u0105ce firm\u0119 cz\u0142onkowsk\u0105 wynosi 10 PLN.<\/p>\n<p><strong>Kto jest cz\u0142onkiem EUROPA FORUM?<\/strong><br \/>\nEUROPA FORUM liczy ponad 60 cz\u0142onk\u00f3w z niemal wszystkich bran\u017c, m.in. z budownictwa, przemys\u0142u, doradztwa, kancelarii prawnych, rzemios\u0142a, IT, transportu i logistyki.<\/p>\n<p><strong>Kiedy mo\u017cna wypowiedzie\u0107 cz\u0142onkostwo?<\/strong><br \/>\nCz\u0142onkostwo mo\u017cna wypowiedzie\u0107 w dowolnym momencie w formie pisemnej. Je\u015bli wypowiedzenie nie zostanie z\u0142o\u017cone do 31 pa\u017adziernika danego roku, cz\u0142onkostwo automatycznie przed\u0142u\u017ca si\u0119 o kolejny rok kalendarzowy.<\/p>\n<p><strong>Kiedy cz\u0142onkostwo wygasa?<\/strong><br \/>\nCz\u0142onkostwo wygasa w przypadku: dobrowolnej rezygnacji z\u0142o\u017conej pisemnie zarz\u0105dowi po uprzednim uregulowaniu wszystkich zaleg\u0142ych nale\u017cno\u015bci; \u015bmierci; utraty zdolno\u015bci prawnej; wykre\u015blenia z w\u0142a\u015bciwego rejestru; wykluczenia na mocy decyzji s\u0105du kole\u017ce\u0144skiego; pozbawienia cz\u0142onkostwa honorowego uchwa\u0142\u0105 walnego zgromadzenia; prawomocnego wyroku s\u0105dowego skazuj\u0105cego za umy\u015blne przest\u0119pstwo; wpisania na list\u0119 niewyp\u0142acalnych d\u0142u\u017cnik\u00f3w; stwierdzenia przez polskie w\u0142adze, \u017ce dana osoba nie ma prawa przebywa\u0107 na terytorium Rzeczypospolitej Polskiej.<\/p>\n<p><strong>Jakie obowi\u0105zki wi\u0105\u017c\u0105 si\u0119 z cz\u0142onkostwem w EUROPA FORUM?<\/strong><br \/>\nCz\u0142onkowie zwyczajni zobowi\u0105zani s\u0105 do:<\/p>\n<ul>\n<li>aktywnego dzia\u0142ania w ramach stowarzyszenia oraz promowania jego programu i cel\u00f3w,<\/li>\n<li>przestrzegania statutu, regulamin\u00f3w oraz uchwa\u0142 organ\u00f3w stowarzyszenia,<\/li>\n<li>regularnego op\u0142acania sk\u0142adek i innych przewidzianych \u015bwiadcze\u0144.<\/li>\n<\/ul>\n<p><strong>Jakie us\u0142ugi \u015bwiadczy EUROPA FORUM?<\/strong><br \/>\nEUROPA FORUM pe\u0142ni r\u00f3wnie\u017c rol\u0119 organizatora wydarze\u0144 i gospodarza, gdy zewn\u0119trzni partnerzy i firmy cz\u0142onkowskie chc\u0105 realizowa\u0107 swoje projekty we Wroc\u0142awiu i okolicach. Jako podmiot zakorzeniony lokalnie mo\u017cemy w\u0142\u0105cza\u0107 projekty w istniej\u0105ce struktury sieciowe i formaty eventowe. Jako uznana instytucja pod patronatem Konsulatu Generalnego Niemiec we Wroc\u0142awiu, EUROPA FORUM od lat wsp\u00f3\u0142pracuje z lokalnymi i regionalnymi instytucjami. Nasze spektrum tematyczne jest szerokie i obejmuje elementy z obszar\u00f3w gospodarki, kultury, spo\u0142ecze\u0144stwa, rozwoju regionalnego i wielu innych.<\/p>\n<p><strong>Jakie s\u0105 powody, by zosta\u0107 cz\u0142onkiem EUROPA FORUM?<\/strong><\/p>\n<ul>\n<li>Dzia\u0142aj w jednym z najstarszych polsko-niemieckich kr\u0119g\u00f3w gospodarczych w Polsce.<\/li>\n<li>Uzyskaj bezpo\u015bredni dost\u0119p do wa\u017cnych decydent\u00f3w ze \u015bwiata polityki i biznesu.<\/li>\n<li>Sta\u0144 si\u0119 cz\u0119\u015bci\u0105 silnej i ciekawej spo\u0142eczno\u015bci z wielu dziedzin gospodarki, aktywnie zaanga\u017cowanej w sprawy wolnej przedsi\u0119biorczo\u015bci.<\/li>\n<li>Zintensyfikuj kontakty z obecnymi i przysz\u0142ymi partnerami biznesowymi.<\/li>\n<li>Dzia\u0142aj w jednej z najsilniejszych i najbardziej pr\u0119\u017cnych sieci na Dolnym \u015al\u0105sku i w zachodniej Polsce.<\/li>\n<li>Uczestnicz w wysokopoziomowych wydarzeniach dyskusyjnych.<\/li>\n<li>B\u0105d\u017a obecny podczas najwa\u017cniejszych wydarze\u0144 wroc\u0142awskiego kalendarza i wybranych wydarze\u0144 kulturalnych.<\/li>\n<li>Piel\u0119gnuj relacje z partnerami biznesowymi podczas ekskluzywnych wydarze\u0144 kulturalnych i towarzyskich \u2013 degustacji win, turniej\u00f3w golfowych, polowa\u0144 towarzyskich.<\/li>\n<li>Poszerzaj horyzonty \u2013 na przyk\u0142ad uczestnicz\u0105c w seminariach dla kadry kierowniczej.<\/li>\n<li>Uzyskaj dost\u0119p do cz\u0142onk\u00f3w naszych kr\u0119g\u00f3w eksperckich w swobodnej atmosferze.<\/li>\n<li>Anga\u017cuj si\u0119 w jednej z naszych grup roboczych i poznawaj ciekawe osoby o podobnych zainteresowaniach.<\/li>\n<\/ul>\n<p><strong>SKORZYSTAJ Z NASZEGO DO\u015aWIADCZENIA I SIECI KONTAKT\u00d3W BIZNESOWYCH!<\/strong><\/p>\n<p>Polecamy lokaln\u0105 sie\u0107 przedsi\u0119biorc\u00f3w jako wsparcie dla Twojej dzia\u0142alno\u015bci gospodarczej \u2013 umo\u017cliwia ona aktywn\u0105 i praktyczn\u0105 wymian\u0119 do\u015bwiadcze\u0144 z niemieckimi i polskimi w\u0142a\u015bcicielami firm oraz mened\u017cerami. W ramach regularnie organizowanych przez nas miesi\u0119cznych spotka\u0144 B2B \u2013 podczas kt\u00f3rych firmy cz\u0142onkowskie maj\u0105 r\u00f3wnie\u017c mo\u017cliwo\u015b\u0107 prezentacji i merytorycznego udzia\u0142u \u2013 witamy naszych cz\u0142onk\u00f3w wraz z ich partnerami biznesowymi, go\u015b\u0107mi oraz instytucjonalnymi multiplikatorami z regionu.<\/p>\n<hr \/>\n<p><strong>W przypadku dodatkowych pyta\u0144 prosimy o kontakt:<\/strong><\/p>\n<p>Telefon: +48 795 451 225<br \/>\nE-mail: <a href=\"mailto:joanna.romanowska@ef.com.pl\">joanna.romanowska@ef.com.pl<\/a><\/p>\n","protected":false},"excerpt":{"rendered":"<p>Cz\u0119sto zadawane pytania dotycz\u0105ce cz\u0142onkostwa TUTAJ DOWIESZ SI\u0118 WSZYSTKIEGO O CZ\u0141ONKOSTWIE W EUROPA FORUM Kto mo\u017ce zosta\u0107 cz\u0142onkiem EUROPA FORUM? Cz\u0142onkami zwyczajnymi mog\u0105 by\u0107 osoby fizyczne posiadaj\u0105ce pe\u0142n\u0105 zdolno\u015b\u0107 do &#8230; <a class=\"read-more\" href=\"https:\/\/europa-forum.org\/pl\/czlonkostwo\/czeste-pytania\/\">Czytaj wi\u0119cej<\/a><\/p>\n","protected":false},"author":34,"featured_media":0,"parent":732,"menu_order":0,"comment_status":"closed","ping_status":"closed","template":"","meta":{"ngg_post_thumbnail":0,"footnotes":""},"class_list":["post-882","page","type-page","status-publish","hentry"],"yoast_head":"<!-- This site is optimized with the Yoast SEO plugin v27.3 - https:\/\/yoast.com\/product\/yoast-seo-wordpress\/ -->\n<title>Cz\u0119ste pytania - EUROPA FORUM<\/title>\n<meta name=\"robots\" content=\"index, follow, max-snippet:-1, max-image-preview:large, max-video-preview:-1\" \/>\n<link rel=\"canonical\" href=\"https:\/\/europa-forum.org\/pl\/czlonkostwo\/czeste-pytania\/\" \/>\n<meta property=\"og:locale\" content=\"pl_PL\" \/>\n<meta property=\"og:type\" content=\"article\" \/>\n<meta property=\"og:title\" content=\"Cz\u0119ste pytania - EUROPA FORUM\" \/>\n<meta property=\"og:description\" content=\"Cz\u0119sto zadawane pytania dotycz\u0105ce cz\u0142onkostwa TUTAJ DOWIESZ SI\u0118 WSZYSTKIEGO O CZ\u0141ONKOSTWIE W EUROPA FORUM Kto mo\u017ce zosta\u0107 cz\u0142onkiem EUROPA FORUM? Cz\u0142onkami zwyczajnymi mog\u0105 by\u0107 osoby fizyczne posiadaj\u0105ce pe\u0142n\u0105 zdolno\u015b\u0107 do ... Czytaj wi\u0119cej\" \/>\n<meta property=\"og:url\" content=\"https:\/\/europa-forum.org\/pl\/czlonkostwo\/czeste-pytania\/\" \/>\n<meta property=\"og:site_name\" content=\"EUROPA FORUM\" \/>\n<meta property=\"article:publisher\" content=\"https:\/\/www.facebook.com\/EuropaForum\/\" \/>\n<meta property=\"article:modified_time\" content=\"2026-04-08T10:35:41+00:00\" \/>\n<meta name=\"twitter:card\" content=\"summary_large_image\" \/>\n<script type=\"application\/ld+json\" class=\"yoast-schema-graph\">{\"@context\":\"https:\\\/\\\/schema.org\",\"@graph\":[{\"@type\":\"WebPage\",\"@id\":\"https:\\\/\\\/europa-forum.org\\\/pl\\\/czlonkostwo\\\/czeste-pytania\\\/\",\"url\":\"https:\\\/\\\/europa-forum.org\\\/pl\\\/czlonkostwo\\\/czeste-pytania\\\/\",\"name\":\"Cz\u0119ste pytania - EUROPA FORUM\",\"isPartOf\":{\"@id\":\"https:\\\/\\\/europa-forum.org\\\/#website\"},\"datePublished\":\"2016-05-06T11:16:24+00:00\",\"dateModified\":\"2026-04-08T10:35:41+00:00\",\"breadcrumb\":{\"@id\":\"https:\\\/\\\/europa-forum.org\\\/pl\\\/czlonkostwo\\\/czeste-pytania\\\/#breadcrumb\"},\"inLanguage\":\"pl-PL\",\"potentialAction\":[{\"@type\":\"ReadAction\",\"target\":[\"https:\\\/\\\/europa-forum.org\\\/pl\\\/czlonkostwo\\\/czeste-pytania\\\/\"]}]},{\"@type\":\"BreadcrumbList\",\"@id\":\"https:\\\/\\\/europa-forum.org\\\/pl\\\/czlonkostwo\\\/czeste-pytania\\\/#breadcrumb\",\"itemListElement\":[{\"@type\":\"ListItem\",\"position\":1,\"name\":\"Home\",\"item\":\"https:\\\/\\\/europa-forum.org\\\/pl\\\/\"},{\"@type\":\"ListItem\",\"position\":2,\"name\":\"Cz\u0142onkostwo\",\"item\":\"https:\\\/\\\/europa-forum.org\\\/mitgliedschaft\\\/\"},{\"@type\":\"ListItem\",\"position\":3,\"name\":\"Cz\u0119ste pytania\"}]},{\"@type\":\"WebSite\",\"@id\":\"https:\\\/\\\/europa-forum.org\\\/#website\",\"url\":\"https:\\\/\\\/europa-forum.org\\\/\",\"name\":\"EUROPA FORUM\",\"description\":\"Polsko-Niemieckie Ko\u0142o Gospodarcze we Wroc\u0142awiu\",\"publisher\":{\"@id\":\"https:\\\/\\\/europa-forum.org\\\/#organization\"},\"potentialAction\":[{\"@type\":\"SearchAction\",\"target\":{\"@type\":\"EntryPoint\",\"urlTemplate\":\"https:\\\/\\\/europa-forum.org\\\/?s={search_term_string}\"},\"query-input\":{\"@type\":\"PropertyValueSpecification\",\"valueRequired\":true,\"valueName\":\"search_term_string\"}}],\"inLanguage\":\"pl-PL\"},{\"@type\":\"Organization\",\"@id\":\"https:\\\/\\\/europa-forum.org\\\/#organization\",\"name\":\"EUROPA FORUM\",\"url\":\"https:\\\/\\\/europa-forum.org\\\/\",\"logo\":{\"@type\":\"ImageObject\",\"inLanguage\":\"pl-PL\",\"@id\":\"https:\\\/\\\/europa-forum.org\\\/#\\\/schema\\\/logo\\\/image\\\/\",\"url\":\"https:\\\/\\\/storage.googleapis.com\\\/media-cloud-test-ef\\\/2024\\\/12\\\/logo-square.png\",\"contentUrl\":\"https:\\\/\\\/storage.googleapis.com\\\/media-cloud-test-ef\\\/2024\\\/12\\\/logo-square.png\",\"width\":240,\"height\":240,\"caption\":\"EUROPA FORUM\"},\"image\":{\"@id\":\"https:\\\/\\\/europa-forum.org\\\/#\\\/schema\\\/logo\\\/image\\\/\"},\"sameAs\":[\"https:\\\/\\\/www.facebook.com\\\/EuropaForum\\\/\",\"https:\\\/\\\/www.linkedin.com\\\/company\\\/europa-forum\"]}]}<\/script>\n<!-- \/ Yoast SEO plugin. -->","yoast_head_json":{"title":"Cz\u0119ste pytania - EUROPA FORUM","robots":{"index":"index","follow":"follow","max-snippet":"max-snippet:-1","max-image-preview":"max-image-preview:large","max-video-preview":"max-video-preview:-1"},"canonical":"https:\/\/europa-forum.org\/pl\/czlonkostwo\/czeste-pytania\/","og_locale":"pl_PL","og_type":"article","og_title":"Cz\u0119ste pytania - EUROPA FORUM","og_description":"Cz\u0119sto zadawane pytania dotycz\u0105ce cz\u0142onkostwa TUTAJ DOWIESZ SI\u0118 WSZYSTKIEGO O CZ\u0141ONKOSTWIE W EUROPA FORUM Kto mo\u017ce zosta\u0107 cz\u0142onkiem EUROPA FORUM? Cz\u0142onkami zwyczajnymi mog\u0105 by\u0107 osoby fizyczne posiadaj\u0105ce pe\u0142n\u0105 zdolno\u015b\u0107 do ... Czytaj wi\u0119cej","og_url":"https:\/\/europa-forum.org\/pl\/czlonkostwo\/czeste-pytania\/","og_site_name":"EUROPA FORUM","article_publisher":"https:\/\/www.facebook.com\/EuropaForum\/","article_modified_time":"2026-04-08T10:35:41+00:00","twitter_card":"summary_large_image","schema":{"@context":"https:\/\/schema.org","@graph":[{"@type":"WebPage","@id":"https:\/\/europa-forum.org\/pl\/czlonkostwo\/czeste-pytania\/","url":"https:\/\/europa-forum.org\/pl\/czlonkostwo\/czeste-pytania\/","name":"Cz\u0119ste pytania - EUROPA FORUM","isPartOf":{"@id":"https:\/\/europa-forum.org\/#website"},"datePublished":"2016-05-06T11:16:24+00:00","dateModified":"2026-04-08T10:35:41+00:00","breadcrumb":{"@id":"https:\/\/europa-forum.org\/pl\/czlonkostwo\/czeste-pytania\/#breadcrumb"},"inLanguage":"pl-PL","potentialAction":[{"@type":"ReadAction","target":["https:\/\/europa-forum.org\/pl\/czlonkostwo\/czeste-pytania\/"]}]},{"@type":"BreadcrumbList","@id":"https:\/\/europa-forum.org\/pl\/czlonkostwo\/czeste-pytania\/#breadcrumb","itemListElement":[{"@type":"ListItem","position":1,"name":"Home","item":"https:\/\/europa-forum.org\/pl\/"},{"@type":"ListItem","position":2,"name":"Cz\u0142onkostwo","item":"https:\/\/europa-forum.org\/mitgliedschaft\/"},{"@type":"ListItem","position":3,"name":"Cz\u0119ste pytania"}]},{"@type":"WebSite","@id":"https:\/\/europa-forum.org\/#website","url":"https:\/\/europa-forum.org\/","name":"EUROPA FORUM","description":"Polsko-Niemieckie Ko\u0142o Gospodarcze we Wroc\u0142awiu","publisher":{"@id":"https:\/\/europa-forum.org\/#organization"},"potentialAction":[{"@type":"SearchAction","target":{"@type":"EntryPoint","urlTemplate":"https:\/\/europa-forum.org\/?s={search_term_string}"},"query-input":{"@type":"PropertyValueSpecification","valueRequired":true,"valueName":"search_term_string"}}],"inLanguage":"pl-PL"},{"@type":"Organization","@id":"https:\/\/europa-forum.org\/#organization","name":"EUROPA FORUM","url":"https:\/\/europa-forum.org\/","logo":{"@type":"ImageObject","inLanguage":"pl-PL","@id":"https:\/\/europa-forum.org\/#\/schema\/logo\/image\/","url":"https:\/\/storage.googleapis.com\/media-cloud-test-ef\/2024\/12\/logo-square.png","contentUrl":"https:\/\/storage.googleapis.com\/media-cloud-test-ef\/2024\/12\/logo-square.png","width":240,"height":240,"caption":"EUROPA FORUM"},"image":{"@id":"https:\/\/europa-forum.org\/#\/schema\/logo\/image\/"},"sameAs":["https:\/\/www.facebook.com\/EuropaForum\/","https:\/\/www.linkedin.com\/company\/europa-forum"]}]}},"_links":{"self":[{"href":"https:\/\/europa-forum.org\/pl\/wp-json\/wp\/v2\/pages\/882","targetHints":{"allow":["GET"]}}],"collection":[{"href":"https:\/\/europa-forum.org\/pl\/wp-json\/wp\/v2\/pages"}],"about":[{"href":"https:\/\/europa-forum.org\/pl\/wp-json\/wp\/v2\/types\/page"}],"author":[{"embeddable":true,"href":"https:\/\/europa-forum.org\/pl\/wp-json\/wp\/v2\/users\/34"}],"replies":[{"embeddable":true,"href":"https:\/\/europa-forum.org\/pl\/wp-json\/wp\/v2\/comments?post=882"}],"version-history":[{"count":2,"href":"https:\/\/europa-forum.org\/pl\/wp-json\/wp\/v2\/pages\/882\/revisions"}],"predecessor-version":[{"id":35137,"href":"https:\/\/europa-forum.org\/pl\/wp-json\/wp\/v2\/pages\/882\/revisions\/35137"}],"up":[{"embeddable":true,"href":"https:\/\/europa-forum.org\/pl\/wp-json\/wp\/v2\/pages\/732"}],"wp:attachment":[{"href":"https:\/\/europa-forum.org\/pl\/wp-json\/wp\/v2\/media?parent=882"}],"curies":[{"name":"wp","href":"https:\/\/api.w.org\/{rel}","templated":true}]}}