{"id":880,"date":"2016-05-06T11:15:45","date_gmt":"2016-05-06T11:15:45","guid":{"rendered":"http:\/\/europa-forum.org\/pl\/?page_id=880"},"modified":"2024-10-10T08:44:54","modified_gmt":"2024-10-10T08:44:54","slug":"formy-czlonkostwa-i-skladki","status":"publish","type":"page","link":"https:\/\/europa-forum.org\/pl\/czlonkostwo\/formy-czlonkostwa-i-skladki\/","title":{"rendered":"Formy cz\u0142onkostwa i sk\u0142adki"},"content":{"rendered":"<h3>Rodzaje cz\u0142onkostwa w EUROPA FORUM:<\/h3>\n<p><strong>1. Cz\u0142onkstwo zwyczajne<\/strong><\/p>\n<p>Zwyczajne cz\u0142onkostwo przewidziane jest dla os\u00f3b fizycznych nie reprezentuj\u0105cych podmiotu gospodarczego. Roczna sk\u0142adka wynosi PLN 800,\u2013.<\/p>\n<p><strong>2. Cz\u0142onkostwo wspieraj\u0105ce<\/strong><\/p>\n<p>Cz\u0142onkostwo wspieraj\u0105ce przewidziane jest dla firm\/przedsi\u0119biorstw tudzie\u017c os\u00f3b prawnych. <\/p>\n<p>Roczna sk\u0142adka cz\u0142onkowska dla podmiot\u00f3w wspieraj\u0105cych wynosi <strong>PLN 3.500,\u2013<\/strong>. Dodatkowo sk\u0142adka dla osoby reprezentuj\u0105cej firm\u0119 wynosi PLN 10,\u2013.<\/p>\n<p><strong>3. Cz\u0142onkostwo Premium jako specjalna forma cz\u0142onkostwa wspieraj\u0105cego<\/strong><\/p>\n<p>Ekskluzywna oferta dotycz\u0105ca wsp\u00f3\u0142pracy z firmami cz\u0142onkowskimi zrzeszonymi w EUROPA FORUM.<\/p>\n<p>W ramach cz\u0142onkostwa typu Premium gwarantujemy Pa\u0144stwa firmie na okres 12 miesi\u0119cy:<\/p>\n<ul>\n<li>skierowanie szczeg\u00f3lnej uwagi na obecno\u015b\u0107 firmy w \u017cyciu i spo\u0142eczno\u015bci EUROPA FORUM<\/li>\n<li>szereg  przywilej\u00f3w i korzy\u015bci<\/li>\n<li>wy\u0142\u0105czno\u015b\u0107 bran\u017cowa w gronie firm cz\u0142onkowskich typu Premium<\/li>\n<\/ul>\n<p>Oferta zak\u0142ada mo\u017cliwo\u015b\u0107 indywidualnych ustale\u0144 dot. nowych form promocji i prezentacji portfolio firmy, ponadto opcje zwi\u0105zane do dost\u0119pno\u015bci\u0105 dalszych us\u0142ug bez ponoszenia dodatkowych koszt\u00f3w. m.in.:<\/p>\n<ul>\n<li>mo\u017cliwo\u015b\u0107 prezentacji Pa\u0144stwa firmy i\/lub produkt\u00f3w<\/li>\n<li>wskazanie firmy jako sponsora<\/li>\n<li>reklama w ramach publikacji EUROPA FORUM<\/li>\n<li>inne przywileje<\/li>\n<\/ul>\n","protected":false},"excerpt":{"rendered":"<p>Rodzaje cz\u0142onkostwa w EUROPA FORUM: 1. Cz\u0142onkstwo zwyczajne Zwyczajne cz\u0142onkostwo przewidziane jest dla os\u00f3b fizycznych nie reprezentuj\u0105cych podmiotu gospodarczego. Roczna sk\u0142adka wynosi PLN 800,\u2013. 2. Cz\u0142onkostwo wspieraj\u0105ce Cz\u0142onkostwo wspieraj\u0105ce przewidziane &#8230; <a class=\"read-more\" href=\"https:\/\/europa-forum.org\/pl\/czlonkostwo\/formy-czlonkostwa-i-skladki\/\">Czytaj wi\u0119cej<\/a><\/p>\n","protected":false},"author":34,"featured_media":0,"parent":732,"menu_order":0,"comment_status":"closed","ping_status":"closed","template":"","meta":{"ngg_post_thumbnail":0,"footnotes":""},"class_list":["post-880","page","type-page","status-publish","hentry"],"yoast_head":"<!-- This site is optimized with the Yoast SEO plugin v27.3 - https:\/\/yoast.com\/product\/yoast-seo-wordpress\/ -->\n<title>Formy cz\u0142onkostwa i sk\u0142adki - EUROPA FORUM<\/title>\n<meta name=\"robots\" content=\"index, follow, max-snippet:-1, max-image-preview:large, max-video-preview:-1\" \/>\n<link rel=\"canonical\" href=\"https:\/\/europa-forum.org\/pl\/czlonkostwo\/formy-czlonkostwa-i-skladki\/\" \/>\n<meta property=\"og:locale\" content=\"pl_PL\" \/>\n<meta property=\"og:type\" content=\"article\" \/>\n<meta property=\"og:title\" content=\"Formy cz\u0142onkostwa i sk\u0142adki - EUROPA FORUM\" \/>\n<meta property=\"og:description\" content=\"Rodzaje cz\u0142onkostwa w EUROPA FORUM: 1. Cz\u0142onkstwo zwyczajne Zwyczajne cz\u0142onkostwo przewidziane jest dla os\u00f3b fizycznych nie reprezentuj\u0105cych podmiotu gospodarczego. Roczna sk\u0142adka wynosi PLN 800,\u2013. 2. Cz\u0142onkostwo wspieraj\u0105ce Cz\u0142onkostwo wspieraj\u0105ce przewidziane ... Czytaj wi\u0119cej\" \/>\n<meta property=\"og:url\" content=\"https:\/\/europa-forum.org\/pl\/czlonkostwo\/formy-czlonkostwa-i-skladki\/\" \/>\n<meta property=\"og:site_name\" content=\"EUROPA FORUM\" \/>\n<meta property=\"article:publisher\" content=\"https:\/\/www.facebook.com\/EuropaForum\/\" \/>\n<meta property=\"article:modified_time\" content=\"2024-10-10T08:44:54+00:00\" \/>\n<meta name=\"twitter:card\" content=\"summary_large_image\" \/>\n<meta name=\"twitter:label1\" content=\"Szacowany czas czytania\" \/>\n\t<meta name=\"twitter:data1\" content=\"1 minuta\" \/>\n<script type=\"application\/ld+json\" class=\"yoast-schema-graph\">{\"@context\":\"https:\\\/\\\/schema.org\",\"@graph\":[{\"@type\":\"WebPage\",\"@id\":\"https:\\\/\\\/europa-forum.org\\\/pl\\\/czlonkostwo\\\/formy-czlonkostwa-i-skladki\\\/\",\"url\":\"https:\\\/\\\/europa-forum.org\\\/pl\\\/czlonkostwo\\\/formy-czlonkostwa-i-skladki\\\/\",\"name\":\"Formy cz\u0142onkostwa i sk\u0142adki - EUROPA FORUM\",\"isPartOf\":{\"@id\":\"https:\\\/\\\/europa-forum.org\\\/#website\"},\"datePublished\":\"2016-05-06T11:15:45+00:00\",\"dateModified\":\"2024-10-10T08:44:54+00:00\",\"breadcrumb\":{\"@id\":\"https:\\\/\\\/europa-forum.org\\\/pl\\\/czlonkostwo\\\/formy-czlonkostwa-i-skladki\\\/#breadcrumb\"},\"inLanguage\":\"pl-PL\",\"potentialAction\":[{\"@type\":\"ReadAction\",\"target\":[\"https:\\\/\\\/europa-forum.org\\\/pl\\\/czlonkostwo\\\/formy-czlonkostwa-i-skladki\\\/\"]}]},{\"@type\":\"BreadcrumbList\",\"@id\":\"https:\\\/\\\/europa-forum.org\\\/pl\\\/czlonkostwo\\\/formy-czlonkostwa-i-skladki\\\/#breadcrumb\",\"itemListElement\":[{\"@type\":\"ListItem\",\"position\":1,\"name\":\"Home\",\"item\":\"https:\\\/\\\/europa-forum.org\\\/pl\\\/\"},{\"@type\":\"ListItem\",\"position\":2,\"name\":\"Cz\u0142onkostwo\",\"item\":\"https:\\\/\\\/europa-forum.org\\\/mitgliedschaft\\\/\"},{\"@type\":\"ListItem\",\"position\":3,\"name\":\"Formy cz\u0142onkostwa i sk\u0142adki\"}]},{\"@type\":\"WebSite\",\"@id\":\"https:\\\/\\\/europa-forum.org\\\/#website\",\"url\":\"https:\\\/\\\/europa-forum.org\\\/\",\"name\":\"EUROPA FORUM\",\"description\":\"Polsko-Niemieckie Ko\u0142o Gospodarcze we Wroc\u0142awiu\",\"publisher\":{\"@id\":\"https:\\\/\\\/europa-forum.org\\\/#organization\"},\"potentialAction\":[{\"@type\":\"SearchAction\",\"target\":{\"@type\":\"EntryPoint\",\"urlTemplate\":\"https:\\\/\\\/europa-forum.org\\\/?s={search_term_string}\"},\"query-input\":{\"@type\":\"PropertyValueSpecification\",\"valueRequired\":true,\"valueName\":\"search_term_string\"}}],\"inLanguage\":\"pl-PL\"},{\"@type\":\"Organization\",\"@id\":\"https:\\\/\\\/europa-forum.org\\\/#organization\",\"name\":\"EUROPA FORUM\",\"url\":\"https:\\\/\\\/europa-forum.org\\\/\",\"logo\":{\"@type\":\"ImageObject\",\"inLanguage\":\"pl-PL\",\"@id\":\"https:\\\/\\\/europa-forum.org\\\/#\\\/schema\\\/logo\\\/image\\\/\",\"url\":\"https:\\\/\\\/storage.googleapis.com\\\/media-cloud-test-ef\\\/2024\\\/12\\\/logo-square.png\",\"contentUrl\":\"https:\\\/\\\/storage.googleapis.com\\\/media-cloud-test-ef\\\/2024\\\/12\\\/logo-square.png\",\"width\":240,\"height\":240,\"caption\":\"EUROPA FORUM\"},\"image\":{\"@id\":\"https:\\\/\\\/europa-forum.org\\\/#\\\/schema\\\/logo\\\/image\\\/\"},\"sameAs\":[\"https:\\\/\\\/www.facebook.com\\\/EuropaForum\\\/\",\"https:\\\/\\\/www.linkedin.com\\\/company\\\/europa-forum\"]}]}<\/script>\n<!-- \/ Yoast SEO plugin. -->","yoast_head_json":{"title":"Formy cz\u0142onkostwa i sk\u0142adki - EUROPA FORUM","robots":{"index":"index","follow":"follow","max-snippet":"max-snippet:-1","max-image-preview":"max-image-preview:large","max-video-preview":"max-video-preview:-1"},"canonical":"https:\/\/europa-forum.org\/pl\/czlonkostwo\/formy-czlonkostwa-i-skladki\/","og_locale":"pl_PL","og_type":"article","og_title":"Formy cz\u0142onkostwa i sk\u0142adki - EUROPA FORUM","og_description":"Rodzaje cz\u0142onkostwa w EUROPA FORUM: 1. Cz\u0142onkstwo zwyczajne Zwyczajne cz\u0142onkostwo przewidziane jest dla os\u00f3b fizycznych nie reprezentuj\u0105cych podmiotu gospodarczego. Roczna sk\u0142adka wynosi PLN 800,\u2013. 2. Cz\u0142onkostwo wspieraj\u0105ce Cz\u0142onkostwo wspieraj\u0105ce przewidziane ... Czytaj wi\u0119cej","og_url":"https:\/\/europa-forum.org\/pl\/czlonkostwo\/formy-czlonkostwa-i-skladki\/","og_site_name":"EUROPA FORUM","article_publisher":"https:\/\/www.facebook.com\/EuropaForum\/","article_modified_time":"2024-10-10T08:44:54+00:00","twitter_card":"summary_large_image","twitter_misc":{"Szacowany czas czytania":"1 minuta"},"schema":{"@context":"https:\/\/schema.org","@graph":[{"@type":"WebPage","@id":"https:\/\/europa-forum.org\/pl\/czlonkostwo\/formy-czlonkostwa-i-skladki\/","url":"https:\/\/europa-forum.org\/pl\/czlonkostwo\/formy-czlonkostwa-i-skladki\/","name":"Formy cz\u0142onkostwa i sk\u0142adki - EUROPA FORUM","isPartOf":{"@id":"https:\/\/europa-forum.org\/#website"},"datePublished":"2016-05-06T11:15:45+00:00","dateModified":"2024-10-10T08:44:54+00:00","breadcrumb":{"@id":"https:\/\/europa-forum.org\/pl\/czlonkostwo\/formy-czlonkostwa-i-skladki\/#breadcrumb"},"inLanguage":"pl-PL","potentialAction":[{"@type":"ReadAction","target":["https:\/\/europa-forum.org\/pl\/czlonkostwo\/formy-czlonkostwa-i-skladki\/"]}]},{"@type":"BreadcrumbList","@id":"https:\/\/europa-forum.org\/pl\/czlonkostwo\/formy-czlonkostwa-i-skladki\/#breadcrumb","itemListElement":[{"@type":"ListItem","position":1,"name":"Home","item":"https:\/\/europa-forum.org\/pl\/"},{"@type":"ListItem","position":2,"name":"Cz\u0142onkostwo","item":"https:\/\/europa-forum.org\/mitgliedschaft\/"},{"@type":"ListItem","position":3,"name":"Formy cz\u0142onkostwa i sk\u0142adki"}]},{"@type":"WebSite","@id":"https:\/\/europa-forum.org\/#website","url":"https:\/\/europa-forum.org\/","name":"EUROPA FORUM","description":"Polsko-Niemieckie Ko\u0142o Gospodarcze we Wroc\u0142awiu","publisher":{"@id":"https:\/\/europa-forum.org\/#organization"},"potentialAction":[{"@type":"SearchAction","target":{"@type":"EntryPoint","urlTemplate":"https:\/\/europa-forum.org\/?s={search_term_string}"},"query-input":{"@type":"PropertyValueSpecification","valueRequired":true,"valueName":"search_term_string"}}],"inLanguage":"pl-PL"},{"@type":"Organization","@id":"https:\/\/europa-forum.org\/#organization","name":"EUROPA FORUM","url":"https:\/\/europa-forum.org\/","logo":{"@type":"ImageObject","inLanguage":"pl-PL","@id":"https:\/\/europa-forum.org\/#\/schema\/logo\/image\/","url":"https:\/\/storage.googleapis.com\/media-cloud-test-ef\/2024\/12\/logo-square.png","contentUrl":"https:\/\/storage.googleapis.com\/media-cloud-test-ef\/2024\/12\/logo-square.png","width":240,"height":240,"caption":"EUROPA FORUM"},"image":{"@id":"https:\/\/europa-forum.org\/#\/schema\/logo\/image\/"},"sameAs":["https:\/\/www.facebook.com\/EuropaForum\/","https:\/\/www.linkedin.com\/company\/europa-forum"]}]}},"_links":{"self":[{"href":"https:\/\/europa-forum.org\/pl\/wp-json\/wp\/v2\/pages\/880","targetHints":{"allow":["GET"]}}],"collection":[{"href":"https:\/\/europa-forum.org\/pl\/wp-json\/wp\/v2\/pages"}],"about":[{"href":"https:\/\/europa-forum.org\/pl\/wp-json\/wp\/v2\/types\/page"}],"author":[{"embeddable":true,"href":"https:\/\/europa-forum.org\/pl\/wp-json\/wp\/v2\/users\/34"}],"replies":[{"embeddable":true,"href":"https:\/\/europa-forum.org\/pl\/wp-json\/wp\/v2\/comments?post=880"}],"version-history":[{"count":3,"href":"https:\/\/europa-forum.org\/pl\/wp-json\/wp\/v2\/pages\/880\/revisions"}],"predecessor-version":[{"id":31446,"href":"https:\/\/europa-forum.org\/pl\/wp-json\/wp\/v2\/pages\/880\/revisions\/31446"}],"up":[{"embeddable":true,"href":"https:\/\/europa-forum.org\/pl\/wp-json\/wp\/v2\/pages\/732"}],"wp:attachment":[{"href":"https:\/\/europa-forum.org\/pl\/wp-json\/wp\/v2\/media?parent=880"}],"curies":[{"name":"wp","href":"https:\/\/api.w.org\/{rel}","templated":true}]}}