{"id":843,"date":"2016-05-06T07:18:54","date_gmt":"2016-05-06T07:18:54","guid":{"rendered":"http:\/\/europa-forum.org\/pl\/?page_id=843"},"modified":"2025-10-23T15:21:30","modified_gmt":"2025-10-23T13:21:30","slug":"partnerzy-premium-sponsorzy","status":"publish","type":"page","link":"https:\/\/europa-forum.org\/pl\/czlonkowie\/partnerzy-premium-sponsorzy\/","title":{"rendered":"Partnerzy Premium \/ Sponsorzy"},"content":{"rendered":"<p>Eksklusywna oferta wsp\u00f3\u0142pracy z naszymi partnerami firmowymi oraz firmami cz\u0142onkowskimi <strong>EUROPA FORUM<\/strong>.<\/p>\n<p>Partnerstwo Premium gwarantuje Twojej firmie przez okres 12 miesi\u0119cy:<\/p>\n<ul>\n<li>wyj\u0105tkowe miejsce Twojej firmy w \u017cyciu <strong>EUROPA FORUM<\/strong>,<\/li>\n<li>szereg specjalnych ulg i przywilej\u00f3w.<\/li>\n<\/ul>\n<p>Oferta obejmuje nowe mo\u017cliwo\u015bci promocji i prezentacji firmy, jak r\u00f3wnie\u017c dost\u0119p do wielu us\u0142ug bez dodatkowych op\u0142at, m.in.:<\/p>\n<ul>\n<li>Prezentacja Twojej firmy i\/lub Twoich produkt\u00f3w\/us\u0142ug,<\/li>\n<li>Wymienianie Twojej firmy jako partner Premium lub cz\u0142onek,<\/li>\n<li>Reklama w publikacjach <strong>EUROPA FORUM<\/strong>,<\/li>\n<li>Inne prawa specjalne.<\/li>\n<\/ul>\n<p>Partnerstwo Premium zak\u0142ada cz\u0142onkostwo w <strong>EUROPA FORUM<\/strong>.<\/p>\n<p>Nasi dotychczasowi partnerzy Premium lub sponsorzy <strong>EUROPA FORUM<\/strong>:<\/p>\n<div class=\"sponsor-container\"><img decoding=\"async\" src=\"https:\/\/europa-forum.org\/wp-content\/uploads\/2016\/05\/logo-getsix.png\" alt=\"logo getsix\"><br \/>\n<img decoding=\"async\" src=\"https:\/\/europa-forum.org\/wp-content\/uploads\/2016\/05\/logo_ng.png\" alt=\"logo ng\"><br \/>\n<img decoding=\"async\" src=\"https:\/\/europa-forum.org\/wp-content\/uploads\/2016\/05\/logo_henry_kruse.png\" alt=\"logo henry kruse\"><br \/>\n<img decoding=\"async\" src=\"https:\/\/storage.googleapis.com\/media-cloud-test-ef\/2025\/10\/logo-Bridge.jpg\" alt=\"logo henry kruse\"><br \/>\n<img decoding=\"async\" src=\"https:\/\/storage.googleapis.com\/media-cloud-test-ef\/2025\/10\/MK_Janura.png\" alt=\"logo henry kruse\"><br \/>\n<img decoding=\"async\" src=\"https:\/\/storage.googleapis.com\/media-cloud-test-ef\/2025\/10\/SDZLegal.png\" alt=\"logo henry kruse\"><br \/>\n<img decoding=\"async\" src=\"https:\/\/storage.googleapis.com\/media-cloud-test-ef\/2025\/10\/Logo-Wyndham.jpg\" alt=\"logo henry kruse\">\n<\/div>\n<style>\n    .sponsor-container {\n        display: flex;\n        justify-content: space-around;\n        align-items: center;\n        flex-wrap: wrap;\n        gap: 20px;\n    }\n    .sponsor-container img {\n        max-width: 200px;\n        height: auto;\n    }\n<\/style>\n","protected":false},"excerpt":{"rendered":"<p>Eksklusywna oferta wsp\u00f3\u0142pracy z naszymi partnerami firmowymi oraz firmami cz\u0142onkowskimi EUROPA FORUM. Partnerstwo Premium gwarantuje Twojej firmie przez okres 12 miesi\u0119cy: wyj\u0105tkowe miejsce Twojej firmy w \u017cyciu EUROPA FORUM, szereg &#8230; <a class=\"read-more\" href=\"https:\/\/europa-forum.org\/pl\/czlonkowie\/partnerzy-premium-sponsorzy\/\">Czytaj wi\u0119cej<\/a><\/p>\n","protected":false},"author":34,"featured_media":0,"parent":728,"menu_order":0,"comment_status":"closed","ping_status":"closed","template":"","meta":{"ngg_post_thumbnail":0,"footnotes":""},"class_list":["post-843","page","type-page","status-publish","hentry"],"yoast_head":"<!-- This site is optimized with the Yoast SEO plugin v27.3 - https:\/\/yoast.com\/product\/yoast-seo-wordpress\/ -->\n<title>Partnerzy Premium \/ Sponsorzy - EUROPA FORUM<\/title>\n<meta name=\"robots\" content=\"index, follow, max-snippet:-1, max-image-preview:large, max-video-preview:-1\" \/>\n<link rel=\"canonical\" href=\"https:\/\/europa-forum.org\/pl\/czlonkowie\/partnerzy-premium-sponsorzy\/\" \/>\n<meta property=\"og:locale\" content=\"pl_PL\" \/>\n<meta property=\"og:type\" content=\"article\" \/>\n<meta property=\"og:title\" content=\"Partnerzy Premium \/ Sponsorzy - EUROPA FORUM\" \/>\n<meta property=\"og:description\" content=\"Eksklusywna oferta wsp\u00f3\u0142pracy z naszymi partnerami firmowymi oraz firmami cz\u0142onkowskimi EUROPA FORUM. Partnerstwo Premium gwarantuje Twojej firmie przez okres 12 miesi\u0119cy: wyj\u0105tkowe miejsce Twojej firmy w \u017cyciu EUROPA FORUM, szereg ... Czytaj wi\u0119cej\" \/>\n<meta property=\"og:url\" content=\"https:\/\/europa-forum.org\/pl\/czlonkowie\/partnerzy-premium-sponsorzy\/\" \/>\n<meta property=\"og:site_name\" content=\"EUROPA FORUM\" \/>\n<meta property=\"article:publisher\" content=\"https:\/\/www.facebook.com\/EuropaForum\/\" \/>\n<meta property=\"article:modified_time\" content=\"2025-10-23T13:21:30+00:00\" \/>\n<meta property=\"og:image\" content=\"https:\/\/europa-forum.org\/wp-content\/uploads\/2016\/05\/logo-getsix.png\" \/>\n<meta name=\"twitter:card\" content=\"summary_large_image\" \/>\n<meta name=\"twitter:label1\" content=\"Szacowany czas czytania\" \/>\n\t<meta name=\"twitter:data1\" content=\"2 minuty\" \/>\n<script type=\"application\/ld+json\" class=\"yoast-schema-graph\">{\"@context\":\"https:\\\/\\\/schema.org\",\"@graph\":[{\"@type\":\"WebPage\",\"@id\":\"https:\\\/\\\/europa-forum.org\\\/pl\\\/czlonkowie\\\/partnerzy-premium-sponsorzy\\\/\",\"url\":\"https:\\\/\\\/europa-forum.org\\\/pl\\\/czlonkowie\\\/partnerzy-premium-sponsorzy\\\/\",\"name\":\"Partnerzy Premium \\\/ Sponsorzy - EUROPA FORUM\",\"isPartOf\":{\"@id\":\"https:\\\/\\\/europa-forum.org\\\/#website\"},\"primaryImageOfPage\":{\"@id\":\"https:\\\/\\\/europa-forum.org\\\/pl\\\/czlonkowie\\\/partnerzy-premium-sponsorzy\\\/#primaryimage\"},\"image\":{\"@id\":\"https:\\\/\\\/europa-forum.org\\\/pl\\\/czlonkowie\\\/partnerzy-premium-sponsorzy\\\/#primaryimage\"},\"thumbnailUrl\":\"https:\\\/\\\/europa-forum.org\\\/wp-content\\\/uploads\\\/2016\\\/05\\\/logo-getsix.png\",\"datePublished\":\"2016-05-06T07:18:54+00:00\",\"dateModified\":\"2025-10-23T13:21:30+00:00\",\"breadcrumb\":{\"@id\":\"https:\\\/\\\/europa-forum.org\\\/pl\\\/czlonkowie\\\/partnerzy-premium-sponsorzy\\\/#breadcrumb\"},\"inLanguage\":\"pl-PL\",\"potentialAction\":[{\"@type\":\"ReadAction\",\"target\":[\"https:\\\/\\\/europa-forum.org\\\/pl\\\/czlonkowie\\\/partnerzy-premium-sponsorzy\\\/\"]}]},{\"@type\":\"ImageObject\",\"inLanguage\":\"pl-PL\",\"@id\":\"https:\\\/\\\/europa-forum.org\\\/pl\\\/czlonkowie\\\/partnerzy-premium-sponsorzy\\\/#primaryimage\",\"url\":\"https:\\\/\\\/europa-forum.org\\\/wp-content\\\/uploads\\\/2016\\\/05\\\/logo-getsix.png\",\"contentUrl\":\"https:\\\/\\\/europa-forum.org\\\/wp-content\\\/uploads\\\/2016\\\/05\\\/logo-getsix.png\"},{\"@type\":\"BreadcrumbList\",\"@id\":\"https:\\\/\\\/europa-forum.org\\\/pl\\\/czlonkowie\\\/partnerzy-premium-sponsorzy\\\/#breadcrumb\",\"itemListElement\":[{\"@type\":\"ListItem\",\"position\":1,\"name\":\"Home\",\"item\":\"https:\\\/\\\/europa-forum.org\\\/pl\\\/\"},{\"@type\":\"ListItem\",\"position\":2,\"name\":\"Cz\u0142onkowie\",\"item\":\"https:\\\/\\\/europa-forum.org\\\/pl\\\/czlonkowie\\\/\"},{\"@type\":\"ListItem\",\"position\":3,\"name\":\"Partnerzy Premium \\\/ Sponsorzy\"}]},{\"@type\":\"WebSite\",\"@id\":\"https:\\\/\\\/europa-forum.org\\\/#website\",\"url\":\"https:\\\/\\\/europa-forum.org\\\/\",\"name\":\"EUROPA FORUM\",\"description\":\"Polsko-Niemieckie Ko\u0142o Gospodarcze we Wroc\u0142awiu\",\"publisher\":{\"@id\":\"https:\\\/\\\/europa-forum.org\\\/#organization\"},\"potentialAction\":[{\"@type\":\"SearchAction\",\"target\":{\"@type\":\"EntryPoint\",\"urlTemplate\":\"https:\\\/\\\/europa-forum.org\\\/?s={search_term_string}\"},\"query-input\":{\"@type\":\"PropertyValueSpecification\",\"valueRequired\":true,\"valueName\":\"search_term_string\"}}],\"inLanguage\":\"pl-PL\"},{\"@type\":\"Organization\",\"@id\":\"https:\\\/\\\/europa-forum.org\\\/#organization\",\"name\":\"EUROPA FORUM\",\"url\":\"https:\\\/\\\/europa-forum.org\\\/\",\"logo\":{\"@type\":\"ImageObject\",\"inLanguage\":\"pl-PL\",\"@id\":\"https:\\\/\\\/europa-forum.org\\\/#\\\/schema\\\/logo\\\/image\\\/\",\"url\":\"https:\\\/\\\/storage.googleapis.com\\\/media-cloud-test-ef\\\/2024\\\/12\\\/logo-square.png\",\"contentUrl\":\"https:\\\/\\\/storage.googleapis.com\\\/media-cloud-test-ef\\\/2024\\\/12\\\/logo-square.png\",\"width\":240,\"height\":240,\"caption\":\"EUROPA FORUM\"},\"image\":{\"@id\":\"https:\\\/\\\/europa-forum.org\\\/#\\\/schema\\\/logo\\\/image\\\/\"},\"sameAs\":[\"https:\\\/\\\/www.facebook.com\\\/EuropaForum\\\/\",\"https:\\\/\\\/www.linkedin.com\\\/company\\\/europa-forum\"]}]}<\/script>\n<!-- \/ Yoast SEO plugin. -->","yoast_head_json":{"title":"Partnerzy Premium \/ Sponsorzy - EUROPA FORUM","robots":{"index":"index","follow":"follow","max-snippet":"max-snippet:-1","max-image-preview":"max-image-preview:large","max-video-preview":"max-video-preview:-1"},"canonical":"https:\/\/europa-forum.org\/pl\/czlonkowie\/partnerzy-premium-sponsorzy\/","og_locale":"pl_PL","og_type":"article","og_title":"Partnerzy Premium \/ Sponsorzy - EUROPA FORUM","og_description":"Eksklusywna oferta wsp\u00f3\u0142pracy z naszymi partnerami firmowymi oraz firmami cz\u0142onkowskimi EUROPA FORUM. Partnerstwo Premium gwarantuje Twojej firmie przez okres 12 miesi\u0119cy: wyj\u0105tkowe miejsce Twojej firmy w \u017cyciu EUROPA FORUM, szereg ... Czytaj wi\u0119cej","og_url":"https:\/\/europa-forum.org\/pl\/czlonkowie\/partnerzy-premium-sponsorzy\/","og_site_name":"EUROPA FORUM","article_publisher":"https:\/\/www.facebook.com\/EuropaForum\/","article_modified_time":"2025-10-23T13:21:30+00:00","og_image":[{"url":"https:\/\/europa-forum.org\/wp-content\/uploads\/2016\/05\/logo-getsix.png","type":"","width":"","height":""}],"twitter_card":"summary_large_image","twitter_misc":{"Szacowany czas czytania":"2 minuty"},"schema":{"@context":"https:\/\/schema.org","@graph":[{"@type":"WebPage","@id":"https:\/\/europa-forum.org\/pl\/czlonkowie\/partnerzy-premium-sponsorzy\/","url":"https:\/\/europa-forum.org\/pl\/czlonkowie\/partnerzy-premium-sponsorzy\/","name":"Partnerzy Premium \/ Sponsorzy - EUROPA FORUM","isPartOf":{"@id":"https:\/\/europa-forum.org\/#website"},"primaryImageOfPage":{"@id":"https:\/\/europa-forum.org\/pl\/czlonkowie\/partnerzy-premium-sponsorzy\/#primaryimage"},"image":{"@id":"https:\/\/europa-forum.org\/pl\/czlonkowie\/partnerzy-premium-sponsorzy\/#primaryimage"},"thumbnailUrl":"https:\/\/europa-forum.org\/wp-content\/uploads\/2016\/05\/logo-getsix.png","datePublished":"2016-05-06T07:18:54+00:00","dateModified":"2025-10-23T13:21:30+00:00","breadcrumb":{"@id":"https:\/\/europa-forum.org\/pl\/czlonkowie\/partnerzy-premium-sponsorzy\/#breadcrumb"},"inLanguage":"pl-PL","potentialAction":[{"@type":"ReadAction","target":["https:\/\/europa-forum.org\/pl\/czlonkowie\/partnerzy-premium-sponsorzy\/"]}]},{"@type":"ImageObject","inLanguage":"pl-PL","@id":"https:\/\/europa-forum.org\/pl\/czlonkowie\/partnerzy-premium-sponsorzy\/#primaryimage","url":"https:\/\/europa-forum.org\/wp-content\/uploads\/2016\/05\/logo-getsix.png","contentUrl":"https:\/\/europa-forum.org\/wp-content\/uploads\/2016\/05\/logo-getsix.png"},{"@type":"BreadcrumbList","@id":"https:\/\/europa-forum.org\/pl\/czlonkowie\/partnerzy-premium-sponsorzy\/#breadcrumb","itemListElement":[{"@type":"ListItem","position":1,"name":"Home","item":"https:\/\/europa-forum.org\/pl\/"},{"@type":"ListItem","position":2,"name":"Cz\u0142onkowie","item":"https:\/\/europa-forum.org\/pl\/czlonkowie\/"},{"@type":"ListItem","position":3,"name":"Partnerzy Premium \/ Sponsorzy"}]},{"@type":"WebSite","@id":"https:\/\/europa-forum.org\/#website","url":"https:\/\/europa-forum.org\/","name":"EUROPA FORUM","description":"Polsko-Niemieckie Ko\u0142o Gospodarcze we Wroc\u0142awiu","publisher":{"@id":"https:\/\/europa-forum.org\/#organization"},"potentialAction":[{"@type":"SearchAction","target":{"@type":"EntryPoint","urlTemplate":"https:\/\/europa-forum.org\/?s={search_term_string}"},"query-input":{"@type":"PropertyValueSpecification","valueRequired":true,"valueName":"search_term_string"}}],"inLanguage":"pl-PL"},{"@type":"Organization","@id":"https:\/\/europa-forum.org\/#organization","name":"EUROPA FORUM","url":"https:\/\/europa-forum.org\/","logo":{"@type":"ImageObject","inLanguage":"pl-PL","@id":"https:\/\/europa-forum.org\/#\/schema\/logo\/image\/","url":"https:\/\/storage.googleapis.com\/media-cloud-test-ef\/2024\/12\/logo-square.png","contentUrl":"https:\/\/storage.googleapis.com\/media-cloud-test-ef\/2024\/12\/logo-square.png","width":240,"height":240,"caption":"EUROPA FORUM"},"image":{"@id":"https:\/\/europa-forum.org\/#\/schema\/logo\/image\/"},"sameAs":["https:\/\/www.facebook.com\/EuropaForum\/","https:\/\/www.linkedin.com\/company\/europa-forum"]}]}},"_links":{"self":[{"href":"https:\/\/europa-forum.org\/pl\/wp-json\/wp\/v2\/pages\/843","targetHints":{"allow":["GET"]}}],"collection":[{"href":"https:\/\/europa-forum.org\/pl\/wp-json\/wp\/v2\/pages"}],"about":[{"href":"https:\/\/europa-forum.org\/pl\/wp-json\/wp\/v2\/types\/page"}],"author":[{"embeddable":true,"href":"https:\/\/europa-forum.org\/pl\/wp-json\/wp\/v2\/users\/34"}],"replies":[{"embeddable":true,"href":"https:\/\/europa-forum.org\/pl\/wp-json\/wp\/v2\/comments?post=843"}],"version-history":[{"count":9,"href":"https:\/\/europa-forum.org\/pl\/wp-json\/wp\/v2\/pages\/843\/revisions"}],"predecessor-version":[{"id":34080,"href":"https:\/\/europa-forum.org\/pl\/wp-json\/wp\/v2\/pages\/843\/revisions\/34080"}],"up":[{"embeddable":true,"href":"https:\/\/europa-forum.org\/pl\/wp-json\/wp\/v2\/pages\/728"}],"wp:attachment":[{"href":"https:\/\/europa-forum.org\/pl\/wp-json\/wp\/v2\/media?parent=843"}],"curies":[{"name":"wp","href":"https:\/\/api.w.org\/{rel}","templated":true}]}}