{"id":826,"date":"2016-05-06T07:14:27","date_gmt":"2016-05-06T07:14:27","guid":{"rendered":"http:\/\/europa-forum.org\/pl\/?page_id=826"},"modified":"2025-04-07T13:52:01","modified_gmt":"2025-04-07T11:52:01","slug":"patronat","status":"publish","type":"page","link":"https:\/\/europa-forum.org\/pl\/stowarzyszenie\/patronat\/","title":{"rendered":"Patronat"},"content":{"rendered":"<p><strong>Konsulat Generalny Niemiec we Wroc\u0142awiu<\/strong><\/p>\n<p><img loading=\"lazy\" decoding=\"async\" src=\"https:\/\/europa-forum.org\/wp-content\/uploads\/2016\/04\/Deutsches-Generalkonsulat-in-Breslau.jpg\" alt=\"Konsulat Generalny Niemiec we Wroc\u0142awiu\" width=\"305\" height=\"116\" class=\"alignleft size-full\" \/><\/p>\n<p>EUROPA FORUM ukszta\u0142towa\u0142o si\u0119 w 2003 roku z by\u0142ego ko\u0142a gospodarczego Konsulatu Generalnego we Wroc\u0142awiu i stanowi organizacj\u0119 sieciow\u0105 o charakterze ekonomiczno-spo\u0142ecznym. Konsulat Generalny Niemiec we Wroc\u0142awiu przej\u0105\u0142 patronat nad naszym stowarzyszeniem od samego jego zawi\u0105zania.<\/p>\n<p><strong>Konsulat Generalny Republiki Federalnej Niemiec we Wroc\u0142awiu<\/strong><\/p>\n<p>Konsulat Generalny Republiki Federalnej Niemiec zosta\u0142 otwarty 3 pa\u017adziernika 1990 roku. Dzisiaj do najwa\u017cniejszych zagadnie\u0144 Konsulatu Generalnego nale\u017c\u0105 wsp\u00f3\u0142praca w pobli\u017cu granicy, polsko-niemieckie stosunki gospodarcze oraz wsparcie niemieckiej Kultury i j\u0119zyka niemieckiego w Polsce. Kolejny istotny punkt dzia\u0142alno\u015bci przedstawicielstwa dyplomatycznego obejmuje towarzyszenie politycznych wizyt protokolarnych z Niemiec oraz opieka mniejszo\u015bci niemieckiej. Szczeg\u00f3lne znaczenie w dziedzinie spraw konsularnych i prawnych przypada pomocy konsularnej obywateli Niemiec. Od czerwca 2014 roku sprawami Konsulatu Generalnego kieruje Pani Elisabeth Wolbers.<\/p>\n<p><img loading=\"lazy\" decoding=\"async\" src=\"https:\/\/europa-forum.org\/wp-content\/uploads\/2016\/04\/Generalkonsulat-DE-300x231.png\" alt=\"Konsulat Generalny DE\" width=\"265\" height=\"204\" class=\"alignleft size-medium wp-image-945\" \/><\/p>\n<p><strong>Adres:<\/strong><br \/>\nul. Podwale 76<br \/>\n50-449 Wroc\u0142aw<\/p>\n<p>Tel.: +48 71 377 27 00<br \/>\nFaks: +48 71 342 41 14<\/p>\n<p>E-mail: info@breslau.diplo.de<br \/>\nStrona internetowa: www.polen.diplo.de<\/p>\n<hr \/>\n<p><strong>Marsza\u0142ek Wojew\u00f3dztwa Dolno\u015bl\u0105skiego<\/strong><\/p>\n<p><img loading=\"lazy\" decoding=\"async\" src=\"https:\/\/europa-forum.org\/wp-content\/uploads\/2016\/04\/logo-dolny-slask.png\" alt=\"logo-dolny-slask\" width=\"327\" height=\"119\" class=\"alignleft size-full wp-image-4426\" \/><\/p>\n<p>Patronatem Marsza\u0142ka Wojew\u00f3dztwa Dolno\u015bl\u0105skiego obejmowane s\u0105 podmioty organizuj\u0105ce przedsi\u0119wzi\u0119cia o szczeg\u00f3lnym znaczeniu i randze dla Wojew\u00f3dztwa, posiadaj\u0105ce zasi\u0119g mi\u0119dzynarodowy, og\u00f3lnopolski lub regionalny tudzie\u017c poszczeg\u00f3lne wydarzenia.<\/p>\n<p>Przyznanie Patronatu nie jest r\u00f3wnoznaczne ze wsparciem finansowym lub organizacyjnym.<\/p>\n","protected":false},"excerpt":{"rendered":"<p>Konsulat Generalny Niemiec we Wroc\u0142awiu EUROPA FORUM ukszta\u0142towa\u0142o si\u0119 w 2003 roku z by\u0142ego ko\u0142a gospodarczego Konsulatu Generalnego we Wroc\u0142awiu i stanowi organizacj\u0119 sieciow\u0105 o charakterze ekonomiczno-spo\u0142ecznym. Konsulat Generalny Niemiec &#8230; <a class=\"read-more\" href=\"https:\/\/europa-forum.org\/pl\/stowarzyszenie\/patronat\/\">Czytaj wi\u0119cej<\/a><\/p>\n","protected":false},"author":34,"featured_media":0,"parent":726,"menu_order":0,"comment_status":"closed","ping_status":"closed","template":"","meta":{"ngg_post_thumbnail":0,"footnotes":""},"class_list":["post-826","page","type-page","status-publish","hentry"],"yoast_head":"<!-- This site is optimized with the Yoast SEO plugin v27.3 - https:\/\/yoast.com\/product\/yoast-seo-wordpress\/ -->\n<title>Patronat - EUROPA FORUM<\/title>\n<meta name=\"robots\" content=\"index, follow, max-snippet:-1, max-image-preview:large, max-video-preview:-1\" \/>\n<link rel=\"canonical\" href=\"https:\/\/europa-forum.org\/pl\/stowarzyszenie\/patronat\/\" \/>\n<meta property=\"og:locale\" content=\"pl_PL\" \/>\n<meta property=\"og:type\" content=\"article\" \/>\n<meta property=\"og:title\" content=\"Patronat - EUROPA FORUM\" \/>\n<meta property=\"og:description\" content=\"Konsulat Generalny Niemiec we Wroc\u0142awiu EUROPA FORUM ukszta\u0142towa\u0142o si\u0119 w 2003 roku z by\u0142ego ko\u0142a gospodarczego Konsulatu Generalnego we Wroc\u0142awiu i stanowi organizacj\u0119 sieciow\u0105 o charakterze ekonomiczno-spo\u0142ecznym. Konsulat Generalny Niemiec ... Czytaj wi\u0119cej\" \/>\n<meta property=\"og:url\" content=\"https:\/\/europa-forum.org\/pl\/stowarzyszenie\/patronat\/\" \/>\n<meta property=\"og:site_name\" content=\"EUROPA FORUM\" \/>\n<meta property=\"article:publisher\" content=\"https:\/\/www.facebook.com\/EuropaForum\/\" \/>\n<meta property=\"article:modified_time\" content=\"2025-04-07T11:52:01+00:00\" \/>\n<meta property=\"og:image\" content=\"https:\/\/europa-forum.org\/wp-content\/uploads\/2016\/04\/Deutsches-Generalkonsulat-in-Breslau.jpg\" \/>\n<meta name=\"twitter:card\" content=\"summary_large_image\" \/>\n<meta name=\"twitter:label1\" content=\"Szacowany czas czytania\" \/>\n\t<meta name=\"twitter:data1\" content=\"2 minuty\" \/>\n<script type=\"application\/ld+json\" class=\"yoast-schema-graph\">{\"@context\":\"https:\\\/\\\/schema.org\",\"@graph\":[{\"@type\":\"WebPage\",\"@id\":\"https:\\\/\\\/europa-forum.org\\\/pl\\\/stowarzyszenie\\\/patronat\\\/\",\"url\":\"https:\\\/\\\/europa-forum.org\\\/pl\\\/stowarzyszenie\\\/patronat\\\/\",\"name\":\"Patronat - EUROPA FORUM\",\"isPartOf\":{\"@id\":\"https:\\\/\\\/europa-forum.org\\\/#website\"},\"primaryImageOfPage\":{\"@id\":\"https:\\\/\\\/europa-forum.org\\\/pl\\\/stowarzyszenie\\\/patronat\\\/#primaryimage\"},\"image\":{\"@id\":\"https:\\\/\\\/europa-forum.org\\\/pl\\\/stowarzyszenie\\\/patronat\\\/#primaryimage\"},\"thumbnailUrl\":\"https:\\\/\\\/europa-forum.org\\\/wp-content\\\/uploads\\\/2016\\\/04\\\/Deutsches-Generalkonsulat-in-Breslau.jpg\",\"datePublished\":\"2016-05-06T07:14:27+00:00\",\"dateModified\":\"2025-04-07T11:52:01+00:00\",\"breadcrumb\":{\"@id\":\"https:\\\/\\\/europa-forum.org\\\/pl\\\/stowarzyszenie\\\/patronat\\\/#breadcrumb\"},\"inLanguage\":\"pl-PL\",\"potentialAction\":[{\"@type\":\"ReadAction\",\"target\":[\"https:\\\/\\\/europa-forum.org\\\/pl\\\/stowarzyszenie\\\/patronat\\\/\"]}]},{\"@type\":\"ImageObject\",\"inLanguage\":\"pl-PL\",\"@id\":\"https:\\\/\\\/europa-forum.org\\\/pl\\\/stowarzyszenie\\\/patronat\\\/#primaryimage\",\"url\":\"https:\\\/\\\/europa-forum.org\\\/wp-content\\\/uploads\\\/2016\\\/04\\\/Deutsches-Generalkonsulat-in-Breslau.jpg\",\"contentUrl\":\"https:\\\/\\\/europa-forum.org\\\/wp-content\\\/uploads\\\/2016\\\/04\\\/Deutsches-Generalkonsulat-in-Breslau.jpg\"},{\"@type\":\"BreadcrumbList\",\"@id\":\"https:\\\/\\\/europa-forum.org\\\/pl\\\/stowarzyszenie\\\/patronat\\\/#breadcrumb\",\"itemListElement\":[{\"@type\":\"ListItem\",\"position\":1,\"name\":\"Home\",\"item\":\"https:\\\/\\\/europa-forum.org\\\/pl\\\/\"},{\"@type\":\"ListItem\",\"position\":2,\"name\":\"Stowarzyszenie\",\"item\":\"https:\\\/\\\/europa-forum.org\\\/pl\\\/stowarzyszenie\\\/\"},{\"@type\":\"ListItem\",\"position\":3,\"name\":\"Patronat\"}]},{\"@type\":\"WebSite\",\"@id\":\"https:\\\/\\\/europa-forum.org\\\/#website\",\"url\":\"https:\\\/\\\/europa-forum.org\\\/\",\"name\":\"EUROPA FORUM\",\"description\":\"Polsko-Niemieckie Ko\u0142o Gospodarcze we Wroc\u0142awiu\",\"publisher\":{\"@id\":\"https:\\\/\\\/europa-forum.org\\\/#organization\"},\"potentialAction\":[{\"@type\":\"SearchAction\",\"target\":{\"@type\":\"EntryPoint\",\"urlTemplate\":\"https:\\\/\\\/europa-forum.org\\\/?s={search_term_string}\"},\"query-input\":{\"@type\":\"PropertyValueSpecification\",\"valueRequired\":true,\"valueName\":\"search_term_string\"}}],\"inLanguage\":\"pl-PL\"},{\"@type\":\"Organization\",\"@id\":\"https:\\\/\\\/europa-forum.org\\\/#organization\",\"name\":\"EUROPA FORUM\",\"url\":\"https:\\\/\\\/europa-forum.org\\\/\",\"logo\":{\"@type\":\"ImageObject\",\"inLanguage\":\"pl-PL\",\"@id\":\"https:\\\/\\\/europa-forum.org\\\/#\\\/schema\\\/logo\\\/image\\\/\",\"url\":\"https:\\\/\\\/storage.googleapis.com\\\/media-cloud-test-ef\\\/2024\\\/12\\\/logo-square.png\",\"contentUrl\":\"https:\\\/\\\/storage.googleapis.com\\\/media-cloud-test-ef\\\/2024\\\/12\\\/logo-square.png\",\"width\":240,\"height\":240,\"caption\":\"EUROPA FORUM\"},\"image\":{\"@id\":\"https:\\\/\\\/europa-forum.org\\\/#\\\/schema\\\/logo\\\/image\\\/\"},\"sameAs\":[\"https:\\\/\\\/www.facebook.com\\\/EuropaForum\\\/\",\"https:\\\/\\\/www.linkedin.com\\\/company\\\/europa-forum\"]}]}<\/script>\n<!-- \/ Yoast SEO plugin. -->","yoast_head_json":{"title":"Patronat - EUROPA FORUM","robots":{"index":"index","follow":"follow","max-snippet":"max-snippet:-1","max-image-preview":"max-image-preview:large","max-video-preview":"max-video-preview:-1"},"canonical":"https:\/\/europa-forum.org\/pl\/stowarzyszenie\/patronat\/","og_locale":"pl_PL","og_type":"article","og_title":"Patronat - EUROPA FORUM","og_description":"Konsulat Generalny Niemiec we Wroc\u0142awiu EUROPA FORUM ukszta\u0142towa\u0142o si\u0119 w 2003 roku z by\u0142ego ko\u0142a gospodarczego Konsulatu Generalnego we Wroc\u0142awiu i stanowi organizacj\u0119 sieciow\u0105 o charakterze ekonomiczno-spo\u0142ecznym. Konsulat Generalny Niemiec ... Czytaj wi\u0119cej","og_url":"https:\/\/europa-forum.org\/pl\/stowarzyszenie\/patronat\/","og_site_name":"EUROPA FORUM","article_publisher":"https:\/\/www.facebook.com\/EuropaForum\/","article_modified_time":"2025-04-07T11:52:01+00:00","og_image":[{"url":"https:\/\/europa-forum.org\/wp-content\/uploads\/2016\/04\/Deutsches-Generalkonsulat-in-Breslau.jpg","type":"","width":"","height":""}],"twitter_card":"summary_large_image","twitter_misc":{"Szacowany czas czytania":"2 minuty"},"schema":{"@context":"https:\/\/schema.org","@graph":[{"@type":"WebPage","@id":"https:\/\/europa-forum.org\/pl\/stowarzyszenie\/patronat\/","url":"https:\/\/europa-forum.org\/pl\/stowarzyszenie\/patronat\/","name":"Patronat - EUROPA FORUM","isPartOf":{"@id":"https:\/\/europa-forum.org\/#website"},"primaryImageOfPage":{"@id":"https:\/\/europa-forum.org\/pl\/stowarzyszenie\/patronat\/#primaryimage"},"image":{"@id":"https:\/\/europa-forum.org\/pl\/stowarzyszenie\/patronat\/#primaryimage"},"thumbnailUrl":"https:\/\/europa-forum.org\/wp-content\/uploads\/2016\/04\/Deutsches-Generalkonsulat-in-Breslau.jpg","datePublished":"2016-05-06T07:14:27+00:00","dateModified":"2025-04-07T11:52:01+00:00","breadcrumb":{"@id":"https:\/\/europa-forum.org\/pl\/stowarzyszenie\/patronat\/#breadcrumb"},"inLanguage":"pl-PL","potentialAction":[{"@type":"ReadAction","target":["https:\/\/europa-forum.org\/pl\/stowarzyszenie\/patronat\/"]}]},{"@type":"ImageObject","inLanguage":"pl-PL","@id":"https:\/\/europa-forum.org\/pl\/stowarzyszenie\/patronat\/#primaryimage","url":"https:\/\/europa-forum.org\/wp-content\/uploads\/2016\/04\/Deutsches-Generalkonsulat-in-Breslau.jpg","contentUrl":"https:\/\/europa-forum.org\/wp-content\/uploads\/2016\/04\/Deutsches-Generalkonsulat-in-Breslau.jpg"},{"@type":"BreadcrumbList","@id":"https:\/\/europa-forum.org\/pl\/stowarzyszenie\/patronat\/#breadcrumb","itemListElement":[{"@type":"ListItem","position":1,"name":"Home","item":"https:\/\/europa-forum.org\/pl\/"},{"@type":"ListItem","position":2,"name":"Stowarzyszenie","item":"https:\/\/europa-forum.org\/pl\/stowarzyszenie\/"},{"@type":"ListItem","position":3,"name":"Patronat"}]},{"@type":"WebSite","@id":"https:\/\/europa-forum.org\/#website","url":"https:\/\/europa-forum.org\/","name":"EUROPA FORUM","description":"Polsko-Niemieckie Ko\u0142o Gospodarcze we Wroc\u0142awiu","publisher":{"@id":"https:\/\/europa-forum.org\/#organization"},"potentialAction":[{"@type":"SearchAction","target":{"@type":"EntryPoint","urlTemplate":"https:\/\/europa-forum.org\/?s={search_term_string}"},"query-input":{"@type":"PropertyValueSpecification","valueRequired":true,"valueName":"search_term_string"}}],"inLanguage":"pl-PL"},{"@type":"Organization","@id":"https:\/\/europa-forum.org\/#organization","name":"EUROPA FORUM","url":"https:\/\/europa-forum.org\/","logo":{"@type":"ImageObject","inLanguage":"pl-PL","@id":"https:\/\/europa-forum.org\/#\/schema\/logo\/image\/","url":"https:\/\/storage.googleapis.com\/media-cloud-test-ef\/2024\/12\/logo-square.png","contentUrl":"https:\/\/storage.googleapis.com\/media-cloud-test-ef\/2024\/12\/logo-square.png","width":240,"height":240,"caption":"EUROPA FORUM"},"image":{"@id":"https:\/\/europa-forum.org\/#\/schema\/logo\/image\/"},"sameAs":["https:\/\/www.facebook.com\/EuropaForum\/","https:\/\/www.linkedin.com\/company\/europa-forum"]}]}},"_links":{"self":[{"href":"https:\/\/europa-forum.org\/pl\/wp-json\/wp\/v2\/pages\/826","targetHints":{"allow":["GET"]}}],"collection":[{"href":"https:\/\/europa-forum.org\/pl\/wp-json\/wp\/v2\/pages"}],"about":[{"href":"https:\/\/europa-forum.org\/pl\/wp-json\/wp\/v2\/types\/page"}],"author":[{"embeddable":true,"href":"https:\/\/europa-forum.org\/pl\/wp-json\/wp\/v2\/users\/34"}],"replies":[{"embeddable":true,"href":"https:\/\/europa-forum.org\/pl\/wp-json\/wp\/v2\/comments?post=826"}],"version-history":[{"count":2,"href":"https:\/\/europa-forum.org\/pl\/wp-json\/wp\/v2\/pages\/826\/revisions"}],"predecessor-version":[{"id":33272,"href":"https:\/\/europa-forum.org\/pl\/wp-json\/wp\/v2\/pages\/826\/revisions\/33272"}],"up":[{"embeddable":true,"href":"https:\/\/europa-forum.org\/pl\/wp-json\/wp\/v2\/pages\/726"}],"wp:attachment":[{"href":"https:\/\/europa-forum.org\/pl\/wp-json\/wp\/v2\/media?parent=826"}],"curies":[{"name":"wp","href":"https:\/\/api.w.org\/{rel}","templated":true}]}}