{"id":822,"date":"2016-05-06T07:12:34","date_gmt":"2016-05-06T07:12:34","guid":{"rendered":"http:\/\/europa-forum.org\/pl\/?page_id=822"},"modified":"2025-11-07T17:02:38","modified_gmt":"2025-11-07T15:02:38","slug":"firmy-partnerskie","status":"publish","type":"page","link":"https:\/\/europa-forum.org\/pl\/stowarzyszenie\/firmy-partnerskie\/","title":{"rendered":"Firmy partnerskie"},"content":{"rendered":"<div id=\"columns\">\n<div class=\"grid-70 mobile-grid-100\">\n<p><strong>Wirtschaftsf\u00f6rderung Sachsen GmbH (WFS)<\/strong><\/p>\n<p><strong>Bertolt-Brecht-Allee 22<br \/>\n    01309 Drezno<\/strong><br \/>\n    <strong>Strona internetowa:<\/strong> <a href=\"https:\/\/www.wfs.sachsen.de\" target=\"_blank\">www.wfs.sachsen.de<\/a><\/p>\n<\/p><\/div>\n<div class=\"grid-30 mobile-grid-100\">\n<div class=\"logo-wrap\">\n      <a href=\"https:\/\/www.wfs.sachsen.de\" target=\"_blank\" rel=\"noopener\"><br \/>\n        <img loading=\"lazy\" decoding=\"async\" src=\"https:\/\/europa-forum.org\/wp-content\/uploads\/2016\/04\/logosachsen-2.png\" alt=\"Logo Wirtschaftsf\u00f6rderung Sachsen\" width=\"207\" height=\"35\" class=\"alignnone size-full wp-image-1174\" srcset=\"https:\/\/europa-forum.org\/wp-content\/uploads\/2016\/04\/logosachsen-2-200x35.png 200w, https:\/\/europa-forum.org\/wp-content\/uploads\/2016\/04\/logosachsen-2.png 207w\" sizes=\"auto, (max-width: 207px) 100vw, 207px\" \/><br \/>\n      <\/a><br \/>\n      <a href=\"https:\/\/www.wfs.sachsen.de\" target=\"_blank\" rel=\"noopener\"><br \/>\n        <img loading=\"lazy\" decoding=\"async\" src=\"https:\/\/europa-forum.org\/wp-content\/uploads\/2016\/04\/logosachsen-1.png\" alt=\"Logo Wirtschaftsf\u00f6rderung Sachsen\" width=\"207\" height=\"83\" class=\"alignnone size-full wp-image-1170\" \/><br \/>\n      <\/a>\n    <\/div>\n<\/p><\/div>\n<\/div>\n<div id=\"columns\">\n<div class=\"grid-70 mobile-grid-100\">\n<p><strong>Wirtschaftsf\u00f6rderung Land Brandenburg GmbH (WFBB)<\/strong><\/p>\n<p><strong>ul. Babelsberger Stra\u00dfe 21<br \/>\n    14473 Poczdam<\/strong><br \/>\n    <strong>Strona internetowa:<\/strong> <a href=\"https:\/\/www.wfbb.de\" target=\"_blank\">www.wfbb.de<\/a><\/p>\n<\/p><\/div>\n<div class=\"grid-30 mobile-grid-100\">\n<div class=\"logo-wrap\">\n      <a href=\"https:\/\/www.wfbb.de\" target=\"_blank\" rel=\"noopener\"><br \/>\n        <img loading=\"lazy\" decoding=\"async\" src=\"https:\/\/europa-forum.org\/wp-content\/uploads\/2016\/04\/logowfbb.png\" alt=\"Logo WFBB\" width=\"207\" height=\"80\" class=\"alignnone size-full wp-image-14095\" \/><br \/>\n      <\/a>\n    <\/div>\n<\/p><\/div>\n<\/div>\n","protected":false},"excerpt":{"rendered":"<p>Wirtschaftsf\u00f6rderung Sachsen GmbH (WFS) Bertolt-Brecht-Allee 22 01309 Drezno Strona internetowa: www.wfs.sachsen.de Wirtschaftsf\u00f6rderung Land Brandenburg GmbH (WFBB) ul. Babelsberger Stra\u00dfe 21 14473 Poczdam Strona internetowa: www.wfbb.de<\/p>\n","protected":false},"author":34,"featured_media":0,"parent":726,"menu_order":0,"comment_status":"closed","ping_status":"closed","template":"","meta":{"ngg_post_thumbnail":0,"footnotes":""},"class_list":["post-822","page","type-page","status-publish","hentry"],"yoast_head":"<!-- This site is optimized with the Yoast SEO plugin v27.3 - https:\/\/yoast.com\/product\/yoast-seo-wordpress\/ -->\n<title>Firmy partnerskie - EUROPA FORUM<\/title>\n<meta name=\"robots\" content=\"index, follow, max-snippet:-1, max-image-preview:large, max-video-preview:-1\" \/>\n<link rel=\"canonical\" href=\"https:\/\/europa-forum.org\/pl\/stowarzyszenie\/firmy-partnerskie\/\" \/>\n<meta property=\"og:locale\" content=\"pl_PL\" \/>\n<meta property=\"og:type\" content=\"article\" \/>\n<meta property=\"og:title\" content=\"Firmy partnerskie - EUROPA FORUM\" \/>\n<meta property=\"og:description\" content=\"Wirtschaftsf\u00f6rderung Sachsen GmbH (WFS) Bertolt-Brecht-Allee 22 01309 Drezno Strona internetowa: www.wfs.sachsen.de Wirtschaftsf\u00f6rderung Land Brandenburg GmbH (WFBB) ul. Babelsberger Stra\u00dfe 21 14473 Poczdam Strona internetowa: www.wfbb.de\" \/>\n<meta property=\"og:url\" content=\"https:\/\/europa-forum.org\/pl\/stowarzyszenie\/firmy-partnerskie\/\" \/>\n<meta property=\"og:site_name\" content=\"EUROPA FORUM\" \/>\n<meta property=\"article:publisher\" content=\"https:\/\/www.facebook.com\/EuropaForum\/\" \/>\n<meta property=\"article:modified_time\" content=\"2025-11-07T15:02:38+00:00\" \/>\n<meta property=\"og:image\" content=\"https:\/\/europa-forum.org\/wp-content\/uploads\/2016\/04\/logosachsen-2.png\" \/>\n\t<meta property=\"og:image:width\" content=\"207\" \/>\n\t<meta property=\"og:image:height\" content=\"35\" \/>\n\t<meta property=\"og:image:type\" content=\"image\/png\" \/>\n<meta name=\"twitter:card\" content=\"summary_large_image\" \/>\n<meta name=\"twitter:label1\" content=\"Szacowany czas czytania\" \/>\n\t<meta name=\"twitter:data1\" content=\"3 minuty\" \/>\n<script type=\"application\/ld+json\" class=\"yoast-schema-graph\">{\"@context\":\"https:\\\/\\\/schema.org\",\"@graph\":[{\"@type\":\"WebPage\",\"@id\":\"https:\\\/\\\/europa-forum.org\\\/pl\\\/stowarzyszenie\\\/firmy-partnerskie\\\/\",\"url\":\"https:\\\/\\\/europa-forum.org\\\/pl\\\/stowarzyszenie\\\/firmy-partnerskie\\\/\",\"name\":\"Firmy partnerskie - EUROPA FORUM\",\"isPartOf\":{\"@id\":\"https:\\\/\\\/europa-forum.org\\\/#website\"},\"primaryImageOfPage\":{\"@id\":\"https:\\\/\\\/europa-forum.org\\\/pl\\\/stowarzyszenie\\\/firmy-partnerskie\\\/#primaryimage\"},\"image\":{\"@id\":\"https:\\\/\\\/europa-forum.org\\\/pl\\\/stowarzyszenie\\\/firmy-partnerskie\\\/#primaryimage\"},\"thumbnailUrl\":\"https:\\\/\\\/europa-forum.org\\\/wp-content\\\/uploads\\\/2016\\\/04\\\/logosachsen-2.png\",\"datePublished\":\"2016-05-06T07:12:34+00:00\",\"dateModified\":\"2025-11-07T15:02:38+00:00\",\"breadcrumb\":{\"@id\":\"https:\\\/\\\/europa-forum.org\\\/pl\\\/stowarzyszenie\\\/firmy-partnerskie\\\/#breadcrumb\"},\"inLanguage\":\"pl-PL\",\"potentialAction\":[{\"@type\":\"ReadAction\",\"target\":[\"https:\\\/\\\/europa-forum.org\\\/pl\\\/stowarzyszenie\\\/firmy-partnerskie\\\/\"]}]},{\"@type\":\"ImageObject\",\"inLanguage\":\"pl-PL\",\"@id\":\"https:\\\/\\\/europa-forum.org\\\/pl\\\/stowarzyszenie\\\/firmy-partnerskie\\\/#primaryimage\",\"url\":\"https:\\\/\\\/europa-forum.org\\\/wp-content\\\/uploads\\\/2016\\\/04\\\/logosachsen-2.png\",\"contentUrl\":\"https:\\\/\\\/europa-forum.org\\\/wp-content\\\/uploads\\\/2016\\\/04\\\/logosachsen-2.png\"},{\"@type\":\"BreadcrumbList\",\"@id\":\"https:\\\/\\\/europa-forum.org\\\/pl\\\/stowarzyszenie\\\/firmy-partnerskie\\\/#breadcrumb\",\"itemListElement\":[{\"@type\":\"ListItem\",\"position\":1,\"name\":\"Home\",\"item\":\"https:\\\/\\\/europa-forum.org\\\/pl\\\/\"},{\"@type\":\"ListItem\",\"position\":2,\"name\":\"Stowarzyszenie\",\"item\":\"https:\\\/\\\/europa-forum.org\\\/pl\\\/stowarzyszenie\\\/\"},{\"@type\":\"ListItem\",\"position\":3,\"name\":\"Firmy partnerskie\"}]},{\"@type\":\"WebSite\",\"@id\":\"https:\\\/\\\/europa-forum.org\\\/#website\",\"url\":\"https:\\\/\\\/europa-forum.org\\\/\",\"name\":\"EUROPA FORUM\",\"description\":\"Polsko-Niemieckie Ko\u0142o Gospodarcze we Wroc\u0142awiu\",\"publisher\":{\"@id\":\"https:\\\/\\\/europa-forum.org\\\/#organization\"},\"potentialAction\":[{\"@type\":\"SearchAction\",\"target\":{\"@type\":\"EntryPoint\",\"urlTemplate\":\"https:\\\/\\\/europa-forum.org\\\/?s={search_term_string}\"},\"query-input\":{\"@type\":\"PropertyValueSpecification\",\"valueRequired\":true,\"valueName\":\"search_term_string\"}}],\"inLanguage\":\"pl-PL\"},{\"@type\":\"Organization\",\"@id\":\"https:\\\/\\\/europa-forum.org\\\/#organization\",\"name\":\"EUROPA FORUM\",\"url\":\"https:\\\/\\\/europa-forum.org\\\/\",\"logo\":{\"@type\":\"ImageObject\",\"inLanguage\":\"pl-PL\",\"@id\":\"https:\\\/\\\/europa-forum.org\\\/#\\\/schema\\\/logo\\\/image\\\/\",\"url\":\"https:\\\/\\\/storage.googleapis.com\\\/media-cloud-test-ef\\\/2024\\\/12\\\/logo-square.png\",\"contentUrl\":\"https:\\\/\\\/storage.googleapis.com\\\/media-cloud-test-ef\\\/2024\\\/12\\\/logo-square.png\",\"width\":240,\"height\":240,\"caption\":\"EUROPA FORUM\"},\"image\":{\"@id\":\"https:\\\/\\\/europa-forum.org\\\/#\\\/schema\\\/logo\\\/image\\\/\"},\"sameAs\":[\"https:\\\/\\\/www.facebook.com\\\/EuropaForum\\\/\",\"https:\\\/\\\/www.linkedin.com\\\/company\\\/europa-forum\"]}]}<\/script>\n<!-- \/ Yoast SEO plugin. -->","yoast_head_json":{"title":"Firmy partnerskie - EUROPA FORUM","robots":{"index":"index","follow":"follow","max-snippet":"max-snippet:-1","max-image-preview":"max-image-preview:large","max-video-preview":"max-video-preview:-1"},"canonical":"https:\/\/europa-forum.org\/pl\/stowarzyszenie\/firmy-partnerskie\/","og_locale":"pl_PL","og_type":"article","og_title":"Firmy partnerskie - EUROPA FORUM","og_description":"Wirtschaftsf\u00f6rderung Sachsen GmbH (WFS) Bertolt-Brecht-Allee 22 01309 Drezno Strona internetowa: www.wfs.sachsen.de Wirtschaftsf\u00f6rderung Land Brandenburg GmbH (WFBB) ul. Babelsberger Stra\u00dfe 21 14473 Poczdam Strona internetowa: www.wfbb.de","og_url":"https:\/\/europa-forum.org\/pl\/stowarzyszenie\/firmy-partnerskie\/","og_site_name":"EUROPA FORUM","article_publisher":"https:\/\/www.facebook.com\/EuropaForum\/","article_modified_time":"2025-11-07T15:02:38+00:00","og_image":[{"width":207,"height":35,"url":"https:\/\/europa-forum.org\/wp-content\/uploads\/2016\/04\/logosachsen-2.png","type":"image\/png"}],"twitter_card":"summary_large_image","twitter_misc":{"Szacowany czas czytania":"3 minuty"},"schema":{"@context":"https:\/\/schema.org","@graph":[{"@type":"WebPage","@id":"https:\/\/europa-forum.org\/pl\/stowarzyszenie\/firmy-partnerskie\/","url":"https:\/\/europa-forum.org\/pl\/stowarzyszenie\/firmy-partnerskie\/","name":"Firmy partnerskie - EUROPA FORUM","isPartOf":{"@id":"https:\/\/europa-forum.org\/#website"},"primaryImageOfPage":{"@id":"https:\/\/europa-forum.org\/pl\/stowarzyszenie\/firmy-partnerskie\/#primaryimage"},"image":{"@id":"https:\/\/europa-forum.org\/pl\/stowarzyszenie\/firmy-partnerskie\/#primaryimage"},"thumbnailUrl":"https:\/\/europa-forum.org\/wp-content\/uploads\/2016\/04\/logosachsen-2.png","datePublished":"2016-05-06T07:12:34+00:00","dateModified":"2025-11-07T15:02:38+00:00","breadcrumb":{"@id":"https:\/\/europa-forum.org\/pl\/stowarzyszenie\/firmy-partnerskie\/#breadcrumb"},"inLanguage":"pl-PL","potentialAction":[{"@type":"ReadAction","target":["https:\/\/europa-forum.org\/pl\/stowarzyszenie\/firmy-partnerskie\/"]}]},{"@type":"ImageObject","inLanguage":"pl-PL","@id":"https:\/\/europa-forum.org\/pl\/stowarzyszenie\/firmy-partnerskie\/#primaryimage","url":"https:\/\/europa-forum.org\/wp-content\/uploads\/2016\/04\/logosachsen-2.png","contentUrl":"https:\/\/europa-forum.org\/wp-content\/uploads\/2016\/04\/logosachsen-2.png"},{"@type":"BreadcrumbList","@id":"https:\/\/europa-forum.org\/pl\/stowarzyszenie\/firmy-partnerskie\/#breadcrumb","itemListElement":[{"@type":"ListItem","position":1,"name":"Home","item":"https:\/\/europa-forum.org\/pl\/"},{"@type":"ListItem","position":2,"name":"Stowarzyszenie","item":"https:\/\/europa-forum.org\/pl\/stowarzyszenie\/"},{"@type":"ListItem","position":3,"name":"Firmy partnerskie"}]},{"@type":"WebSite","@id":"https:\/\/europa-forum.org\/#website","url":"https:\/\/europa-forum.org\/","name":"EUROPA FORUM","description":"Polsko-Niemieckie Ko\u0142o Gospodarcze we Wroc\u0142awiu","publisher":{"@id":"https:\/\/europa-forum.org\/#organization"},"potentialAction":[{"@type":"SearchAction","target":{"@type":"EntryPoint","urlTemplate":"https:\/\/europa-forum.org\/?s={search_term_string}"},"query-input":{"@type":"PropertyValueSpecification","valueRequired":true,"valueName":"search_term_string"}}],"inLanguage":"pl-PL"},{"@type":"Organization","@id":"https:\/\/europa-forum.org\/#organization","name":"EUROPA FORUM","url":"https:\/\/europa-forum.org\/","logo":{"@type":"ImageObject","inLanguage":"pl-PL","@id":"https:\/\/europa-forum.org\/#\/schema\/logo\/image\/","url":"https:\/\/storage.googleapis.com\/media-cloud-test-ef\/2024\/12\/logo-square.png","contentUrl":"https:\/\/storage.googleapis.com\/media-cloud-test-ef\/2024\/12\/logo-square.png","width":240,"height":240,"caption":"EUROPA FORUM"},"image":{"@id":"https:\/\/europa-forum.org\/#\/schema\/logo\/image\/"},"sameAs":["https:\/\/www.facebook.com\/EuropaForum\/","https:\/\/www.linkedin.com\/company\/europa-forum"]}]}},"_links":{"self":[{"href":"https:\/\/europa-forum.org\/pl\/wp-json\/wp\/v2\/pages\/822","targetHints":{"allow":["GET"]}}],"collection":[{"href":"https:\/\/europa-forum.org\/pl\/wp-json\/wp\/v2\/pages"}],"about":[{"href":"https:\/\/europa-forum.org\/pl\/wp-json\/wp\/v2\/types\/page"}],"author":[{"embeddable":true,"href":"https:\/\/europa-forum.org\/pl\/wp-json\/wp\/v2\/users\/34"}],"replies":[{"embeddable":true,"href":"https:\/\/europa-forum.org\/pl\/wp-json\/wp\/v2\/comments?post=822"}],"version-history":[{"count":3,"href":"https:\/\/europa-forum.org\/pl\/wp-json\/wp\/v2\/pages\/822\/revisions"}],"predecessor-version":[{"id":34247,"href":"https:\/\/europa-forum.org\/pl\/wp-json\/wp\/v2\/pages\/822\/revisions\/34247"}],"up":[{"embeddable":true,"href":"https:\/\/europa-forum.org\/pl\/wp-json\/wp\/v2\/pages\/726"}],"wp:attachment":[{"href":"https:\/\/europa-forum.org\/pl\/wp-json\/wp\/v2\/media?parent=822"}],"curies":[{"name":"wp","href":"https:\/\/api.w.org\/{rel}","templated":true}]}}