{"id":811,"date":"2016-05-06T07:08:28","date_gmt":"2016-05-06T07:08:28","guid":{"rendered":"http:\/\/europa-forum.org\/pl\/?page_id=811"},"modified":"2026-04-08T14:04:41","modified_gmt":"2026-04-08T12:04:41","slug":"dzialalnosc","status":"publish","type":"page","link":"https:\/\/europa-forum.org\/pl\/stowarzyszenie\/dzialalnosc\/","title":{"rendered":"Dzia\u0142alno\u015b\u0107"},"content":{"rendered":"<p><img loading=\"lazy\" decoding=\"async\" src=\"https:\/\/storage.googleapis.com\/media-cloud-test-ef\/2026\/04\/de\/vorstand-foto-2026-1024x672.jpg\" alt=\"Vorstand 2026\" width=\"1024\" height=\"672\" class=\"alignnone size-large wp-image-35128\" srcset=\"https:\/\/storage.googleapis.com\/media-cloud-test-ef\/2026\/04\/de\/vorstand-foto-2026-560x367.jpg 560w, https:\/\/storage.googleapis.com\/media-cloud-test-ef\/2026\/04\/de\/vorstand-foto-2026-1024x672.jpg 1024w, https:\/\/storage.googleapis.com\/media-cloud-test-ef\/2026\/04\/de\/vorstand-foto-2026-768x504.jpg 768w, https:\/\/storage.googleapis.com\/media-cloud-test-ef\/2026\/04\/de\/vorstand-foto-2026-1536x1007.jpg 1536w, https:\/\/storage.googleapis.com\/media-cloud-test-ef\/2026\/04\/de\/vorstand-foto-2026-2048x1343.jpg 2048w\" sizes=\"auto, (max-width: 1024px) 100vw, 1024px\" \/><\/p>\n<p><strong>EUROPA FORUM<\/strong> powsta\u0142o w roku 2003 i wywodzi si\u0119 z dawnego ko\u0142a gospodarczego dzia\u0142aj\u0105cego przy Konsulacie Generalnym Republiki Federalnej Niemiec we Wroc\u0142awiu i jest organizacj\u0105 gospodarcz\u0105 \u0142\u0105cz\u0105c\u0105 zar\u00f3wno niemieckie jak i polskie firmy z Dolnego \u015al\u0105ska w jedn\u0105 sie\u0107 wielostronnych powi\u0105za\u0144. Patronat honorowy nad Stowarzyszeniem sprawuj\u0105 Konsulat Generalny Republiki Federalnej Niemiec we Wroc\u0142awiu, Wojewoda Dolno\u015bl\u0105ski oraz Marsza\u0142ek Wojew\u00f3dztwa Dolno\u015bl\u0105skiego. Polsko-Niemieckie Ko\u0142o Gospodarcze <strong>EUROPA FORUM<\/strong> stanowi stabiln\u0105 platform\u0119 komunikacji dla podmiot\u00f3w gospodarczych, dzia\u0142aj\u0105cych aktywnie na polskim rynku. Ch\u0119tnie dzielimy si\u0119 dotychczas zdobytymi do\u015bwiadczeniami z tymi, kt\u00f3rzy chc\u0105 si\u0119 zaanga\u017cowa\u0107 w dzia\u0142alno\u015b\u0107 w Polsce. Wspieramy oddzia\u0142y koncern\u00f3w, ma\u0142e i \u015brednie przedsi\u0119biorstwa, firmy rodzinne, osoby wykonuj\u0105ce wolne zawody. \u015aci\u015ble wsp\u00f3\u0142pracujemy z instytucjonalnymi partnerami, stowarzyszeniami i innymi jednostkami po obu stronach Odry. Przegl\u0105daj nasze produkty z r\u00f3\u017cnorodnymi opcjami odpowiadaj\u0105cymi ka\u017cdemu gustowi i bud\u017cetowi, kt\u00f3re mo\u017cna kupi\u0107 online.<\/p>\n<p><strong>EUROPA FORUM<\/strong> w skr\u00f3cie:<\/p>\n<ul>\n<li>wymiana informacji i do\u015bwiadcze\u0144 podczas comiesi\u0119cznych wydarze\u0144 publicznych, kt\u00f3re informuj\u0105 o gospodarczym rozwoju w regionu<\/li>\n<li>zorientowanie na dzia\u0142anie<\/li>\n<li>aktywna sie\u0107 przedsi\u0119biorc\u00f3w<\/li>\n<li>tematyczne grupy robocze<\/li>\n<li>wzajemne wsparcie<\/li>\n<li>prezentacje firm<\/li>\n<li>platforma komunikacji<\/li>\n<li>wsp\u00f3\u0142praca z organizacjami gospodarczymi oraz z Niemieckim Konsulatem Generalnym we Wroc\u0142awiu<\/li>\n<\/ul>\n<p>Cele stowarzyszenia:<\/p>\n<ul>\n<li>w szczeg\u00f3lno\u015bci wspieranie cel\u00f3w charytatywnych, edukacyjnych, kulturowych lub ochrony \u015brodowiska<\/li>\n<li>wspieranie dzia\u0142a\u0144 firm z kapita\u0142em europejskim, przyczyniaj\u0105c si\u0119 tym samym do rozwoju gospodarczego regionu<\/li>\n<li>wspieranie dzia\u0142a\u0144 z obszaru gospodarki, kultury oraz nauki, organizowanych przez plac\u00f3wki dyplomatyczne kraj\u00f3w cz\u0142onkowskich UE<\/li>\n<\/ul>\n<p>Stowarzyszenie realizuje swoje cele m.in. poprzez:<\/p>\n<ul>\n<li>organizowanie wyk\u0142ad\u00f3w, seminari\u00f3w, konferencji, szkole\u0144<\/li>\n<li>wspieranie wydarze\u0144 charytatywnych<\/li>\n<li>organizowanie wsparcia w formie stypendi\u00f3w<\/li>\n<li>wspieranie wiedzy dotycz\u0105cej polskiej i europejskiej kultury i gospodarki<\/li>\n<li>wsp\u00f3\u0142prac\u0119 z instytucjami pa\u0144stwowymi, samorz\u0105dowymi, organizacjami spo\u0142ecznymi, instytucjami kultury i edukacji, organizacjami naukowymi i mediami.<\/li>\n<\/ul>\n","protected":false},"excerpt":{"rendered":"<p>EUROPA FORUM powsta\u0142o w roku 2003 i wywodzi si\u0119 z dawnego ko\u0142a gospodarczego dzia\u0142aj\u0105cego przy Konsulacie Generalnym Republiki Federalnej Niemiec we Wroc\u0142awiu i jest organizacj\u0105 gospodarcz\u0105 \u0142\u0105cz\u0105c\u0105 zar\u00f3wno niemieckie jak &#8230; <a class=\"read-more\" href=\"https:\/\/europa-forum.org\/pl\/stowarzyszenie\/dzialalnosc\/\">Czytaj wi\u0119cej<\/a><\/p>\n","protected":false},"author":34,"featured_media":0,"parent":726,"menu_order":0,"comment_status":"closed","ping_status":"closed","template":"","meta":{"ngg_post_thumbnail":0,"footnotes":""},"class_list":["post-811","page","type-page","status-publish","hentry"],"yoast_head":"<!-- This site is optimized with the Yoast SEO plugin v27.3 - https:\/\/yoast.com\/product\/yoast-seo-wordpress\/ -->\n<title>Dzia\u0142alno\u015b\u0107 - EUROPA FORUM<\/title>\n<meta name=\"robots\" content=\"index, follow, max-snippet:-1, max-image-preview:large, max-video-preview:-1\" \/>\n<link rel=\"canonical\" href=\"https:\/\/europa-forum.org\/pl\/stowarzyszenie\/dzialalnosc\/\" \/>\n<meta property=\"og:locale\" content=\"pl_PL\" \/>\n<meta property=\"og:type\" content=\"article\" \/>\n<meta property=\"og:title\" content=\"Dzia\u0142alno\u015b\u0107 - EUROPA FORUM\" \/>\n<meta property=\"og:description\" content=\"EUROPA FORUM powsta\u0142o w roku 2003 i wywodzi si\u0119 z dawnego ko\u0142a gospodarczego dzia\u0142aj\u0105cego przy Konsulacie Generalnym Republiki Federalnej Niemiec we Wroc\u0142awiu i jest organizacj\u0105 gospodarcz\u0105 \u0142\u0105cz\u0105c\u0105 zar\u00f3wno niemieckie jak ... Czytaj wi\u0119cej\" \/>\n<meta property=\"og:url\" content=\"https:\/\/europa-forum.org\/pl\/stowarzyszenie\/dzialalnosc\/\" \/>\n<meta property=\"og:site_name\" content=\"EUROPA FORUM\" \/>\n<meta property=\"article:publisher\" content=\"https:\/\/www.facebook.com\/EuropaForum\/\" \/>\n<meta property=\"article:modified_time\" content=\"2026-04-08T12:04:41+00:00\" \/>\n<meta property=\"og:image\" content=\"https:\/\/storage.googleapis.com\/media-cloud-test-ef\/2026\/04\/de\/vorstand-foto-2026-scaled.jpg\" \/>\n\t<meta property=\"og:image:width\" content=\"2560\" \/>\n\t<meta property=\"og:image:height\" content=\"1679\" \/>\n\t<meta property=\"og:image:type\" content=\"image\/jpeg\" \/>\n<meta name=\"twitter:card\" content=\"summary_large_image\" \/>\n<meta name=\"twitter:label1\" content=\"Szacowany czas czytania\" \/>\n\t<meta name=\"twitter:data1\" content=\"2 minuty\" \/>\n<script type=\"application\/ld+json\" class=\"yoast-schema-graph\">{\"@context\":\"https:\\\/\\\/schema.org\",\"@graph\":[{\"@type\":\"WebPage\",\"@id\":\"https:\\\/\\\/europa-forum.org\\\/pl\\\/stowarzyszenie\\\/dzialalnosc\\\/\",\"url\":\"https:\\\/\\\/europa-forum.org\\\/pl\\\/stowarzyszenie\\\/dzialalnosc\\\/\",\"name\":\"Dzia\u0142alno\u015b\u0107 - EUROPA FORUM\",\"isPartOf\":{\"@id\":\"https:\\\/\\\/europa-forum.org\\\/#website\"},\"primaryImageOfPage\":{\"@id\":\"https:\\\/\\\/europa-forum.org\\\/pl\\\/stowarzyszenie\\\/dzialalnosc\\\/#primaryimage\"},\"image\":{\"@id\":\"https:\\\/\\\/europa-forum.org\\\/pl\\\/stowarzyszenie\\\/dzialalnosc\\\/#primaryimage\"},\"thumbnailUrl\":\"https:\\\/\\\/storage.googleapis.com\\\/media-cloud-test-ef\\\/2026\\\/04\\\/de\\\/vorstand-foto-2026-1024x672.jpg\",\"datePublished\":\"2016-05-06T07:08:28+00:00\",\"dateModified\":\"2026-04-08T12:04:41+00:00\",\"breadcrumb\":{\"@id\":\"https:\\\/\\\/europa-forum.org\\\/pl\\\/stowarzyszenie\\\/dzialalnosc\\\/#breadcrumb\"},\"inLanguage\":\"pl-PL\",\"potentialAction\":[{\"@type\":\"ReadAction\",\"target\":[\"https:\\\/\\\/europa-forum.org\\\/pl\\\/stowarzyszenie\\\/dzialalnosc\\\/\"]}]},{\"@type\":\"ImageObject\",\"inLanguage\":\"pl-PL\",\"@id\":\"https:\\\/\\\/europa-forum.org\\\/pl\\\/stowarzyszenie\\\/dzialalnosc\\\/#primaryimage\",\"url\":\"https:\\\/\\\/storage.googleapis.com\\\/media-cloud-test-ef\\\/2026\\\/04\\\/de\\\/vorstand-foto-2026-1024x672.jpg\",\"contentUrl\":\"https:\\\/\\\/storage.googleapis.com\\\/media-cloud-test-ef\\\/2026\\\/04\\\/de\\\/vorstand-foto-2026-1024x672.jpg\"},{\"@type\":\"BreadcrumbList\",\"@id\":\"https:\\\/\\\/europa-forum.org\\\/pl\\\/stowarzyszenie\\\/dzialalnosc\\\/#breadcrumb\",\"itemListElement\":[{\"@type\":\"ListItem\",\"position\":1,\"name\":\"Home\",\"item\":\"https:\\\/\\\/europa-forum.org\\\/pl\\\/\"},{\"@type\":\"ListItem\",\"position\":2,\"name\":\"Stowarzyszenie\",\"item\":\"https:\\\/\\\/europa-forum.org\\\/pl\\\/stowarzyszenie\\\/\"},{\"@type\":\"ListItem\",\"position\":3,\"name\":\"Dzia\u0142alno\u015b\u0107\"}]},{\"@type\":\"WebSite\",\"@id\":\"https:\\\/\\\/europa-forum.org\\\/#website\",\"url\":\"https:\\\/\\\/europa-forum.org\\\/\",\"name\":\"EUROPA FORUM\",\"description\":\"Polsko-Niemieckie Ko\u0142o Gospodarcze we Wroc\u0142awiu\",\"publisher\":{\"@id\":\"https:\\\/\\\/europa-forum.org\\\/#organization\"},\"potentialAction\":[{\"@type\":\"SearchAction\",\"target\":{\"@type\":\"EntryPoint\",\"urlTemplate\":\"https:\\\/\\\/europa-forum.org\\\/?s={search_term_string}\"},\"query-input\":{\"@type\":\"PropertyValueSpecification\",\"valueRequired\":true,\"valueName\":\"search_term_string\"}}],\"inLanguage\":\"pl-PL\"},{\"@type\":\"Organization\",\"@id\":\"https:\\\/\\\/europa-forum.org\\\/#organization\",\"name\":\"EUROPA FORUM\",\"url\":\"https:\\\/\\\/europa-forum.org\\\/\",\"logo\":{\"@type\":\"ImageObject\",\"inLanguage\":\"pl-PL\",\"@id\":\"https:\\\/\\\/europa-forum.org\\\/#\\\/schema\\\/logo\\\/image\\\/\",\"url\":\"https:\\\/\\\/storage.googleapis.com\\\/media-cloud-test-ef\\\/2024\\\/12\\\/logo-square.png\",\"contentUrl\":\"https:\\\/\\\/storage.googleapis.com\\\/media-cloud-test-ef\\\/2024\\\/12\\\/logo-square.png\",\"width\":240,\"height\":240,\"caption\":\"EUROPA FORUM\"},\"image\":{\"@id\":\"https:\\\/\\\/europa-forum.org\\\/#\\\/schema\\\/logo\\\/image\\\/\"},\"sameAs\":[\"https:\\\/\\\/www.facebook.com\\\/EuropaForum\\\/\",\"https:\\\/\\\/www.linkedin.com\\\/company\\\/europa-forum\"]}]}<\/script>\n<!-- \/ Yoast SEO plugin. -->","yoast_head_json":{"title":"Dzia\u0142alno\u015b\u0107 - EUROPA FORUM","robots":{"index":"index","follow":"follow","max-snippet":"max-snippet:-1","max-image-preview":"max-image-preview:large","max-video-preview":"max-video-preview:-1"},"canonical":"https:\/\/europa-forum.org\/pl\/stowarzyszenie\/dzialalnosc\/","og_locale":"pl_PL","og_type":"article","og_title":"Dzia\u0142alno\u015b\u0107 - EUROPA FORUM","og_description":"EUROPA FORUM powsta\u0142o w roku 2003 i wywodzi si\u0119 z dawnego ko\u0142a gospodarczego dzia\u0142aj\u0105cego przy Konsulacie Generalnym Republiki Federalnej Niemiec we Wroc\u0142awiu i jest organizacj\u0105 gospodarcz\u0105 \u0142\u0105cz\u0105c\u0105 zar\u00f3wno niemieckie jak ... Czytaj wi\u0119cej","og_url":"https:\/\/europa-forum.org\/pl\/stowarzyszenie\/dzialalnosc\/","og_site_name":"EUROPA FORUM","article_publisher":"https:\/\/www.facebook.com\/EuropaForum\/","article_modified_time":"2026-04-08T12:04:41+00:00","og_image":[{"width":2560,"height":1679,"url":"https:\/\/storage.googleapis.com\/media-cloud-test-ef\/2026\/04\/de\/vorstand-foto-2026-scaled.jpg","type":"image\/jpeg"}],"twitter_card":"summary_large_image","twitter_misc":{"Szacowany czas czytania":"2 minuty"},"schema":{"@context":"https:\/\/schema.org","@graph":[{"@type":"WebPage","@id":"https:\/\/europa-forum.org\/pl\/stowarzyszenie\/dzialalnosc\/","url":"https:\/\/europa-forum.org\/pl\/stowarzyszenie\/dzialalnosc\/","name":"Dzia\u0142alno\u015b\u0107 - EUROPA FORUM","isPartOf":{"@id":"https:\/\/europa-forum.org\/#website"},"primaryImageOfPage":{"@id":"https:\/\/europa-forum.org\/pl\/stowarzyszenie\/dzialalnosc\/#primaryimage"},"image":{"@id":"https:\/\/europa-forum.org\/pl\/stowarzyszenie\/dzialalnosc\/#primaryimage"},"thumbnailUrl":"https:\/\/storage.googleapis.com\/media-cloud-test-ef\/2026\/04\/de\/vorstand-foto-2026-1024x672.jpg","datePublished":"2016-05-06T07:08:28+00:00","dateModified":"2026-04-08T12:04:41+00:00","breadcrumb":{"@id":"https:\/\/europa-forum.org\/pl\/stowarzyszenie\/dzialalnosc\/#breadcrumb"},"inLanguage":"pl-PL","potentialAction":[{"@type":"ReadAction","target":["https:\/\/europa-forum.org\/pl\/stowarzyszenie\/dzialalnosc\/"]}]},{"@type":"ImageObject","inLanguage":"pl-PL","@id":"https:\/\/europa-forum.org\/pl\/stowarzyszenie\/dzialalnosc\/#primaryimage","url":"https:\/\/storage.googleapis.com\/media-cloud-test-ef\/2026\/04\/de\/vorstand-foto-2026-1024x672.jpg","contentUrl":"https:\/\/storage.googleapis.com\/media-cloud-test-ef\/2026\/04\/de\/vorstand-foto-2026-1024x672.jpg"},{"@type":"BreadcrumbList","@id":"https:\/\/europa-forum.org\/pl\/stowarzyszenie\/dzialalnosc\/#breadcrumb","itemListElement":[{"@type":"ListItem","position":1,"name":"Home","item":"https:\/\/europa-forum.org\/pl\/"},{"@type":"ListItem","position":2,"name":"Stowarzyszenie","item":"https:\/\/europa-forum.org\/pl\/stowarzyszenie\/"},{"@type":"ListItem","position":3,"name":"Dzia\u0142alno\u015b\u0107"}]},{"@type":"WebSite","@id":"https:\/\/europa-forum.org\/#website","url":"https:\/\/europa-forum.org\/","name":"EUROPA FORUM","description":"Polsko-Niemieckie Ko\u0142o Gospodarcze we Wroc\u0142awiu","publisher":{"@id":"https:\/\/europa-forum.org\/#organization"},"potentialAction":[{"@type":"SearchAction","target":{"@type":"EntryPoint","urlTemplate":"https:\/\/europa-forum.org\/?s={search_term_string}"},"query-input":{"@type":"PropertyValueSpecification","valueRequired":true,"valueName":"search_term_string"}}],"inLanguage":"pl-PL"},{"@type":"Organization","@id":"https:\/\/europa-forum.org\/#organization","name":"EUROPA FORUM","url":"https:\/\/europa-forum.org\/","logo":{"@type":"ImageObject","inLanguage":"pl-PL","@id":"https:\/\/europa-forum.org\/#\/schema\/logo\/image\/","url":"https:\/\/storage.googleapis.com\/media-cloud-test-ef\/2024\/12\/logo-square.png","contentUrl":"https:\/\/storage.googleapis.com\/media-cloud-test-ef\/2024\/12\/logo-square.png","width":240,"height":240,"caption":"EUROPA FORUM"},"image":{"@id":"https:\/\/europa-forum.org\/#\/schema\/logo\/image\/"},"sameAs":["https:\/\/www.facebook.com\/EuropaForum\/","https:\/\/www.linkedin.com\/company\/europa-forum"]}]}},"_links":{"self":[{"href":"https:\/\/europa-forum.org\/pl\/wp-json\/wp\/v2\/pages\/811","targetHints":{"allow":["GET"]}}],"collection":[{"href":"https:\/\/europa-forum.org\/pl\/wp-json\/wp\/v2\/pages"}],"about":[{"href":"https:\/\/europa-forum.org\/pl\/wp-json\/wp\/v2\/types\/page"}],"author":[{"embeddable":true,"href":"https:\/\/europa-forum.org\/pl\/wp-json\/wp\/v2\/users\/34"}],"replies":[{"embeddable":true,"href":"https:\/\/europa-forum.org\/pl\/wp-json\/wp\/v2\/comments?post=811"}],"version-history":[{"count":7,"href":"https:\/\/europa-forum.org\/pl\/wp-json\/wp\/v2\/pages\/811\/revisions"}],"predecessor-version":[{"id":35161,"href":"https:\/\/europa-forum.org\/pl\/wp-json\/wp\/v2\/pages\/811\/revisions\/35161"}],"up":[{"embeddable":true,"href":"https:\/\/europa-forum.org\/pl\/wp-json\/wp\/v2\/pages\/726"}],"wp:attachment":[{"href":"https:\/\/europa-forum.org\/pl\/wp-json\/wp\/v2\/media?parent=811"}],"curies":[{"name":"wp","href":"https:\/\/api.w.org\/{rel}","templated":true}]}}