{"id":738,"date":"2016-05-04T12:16:32","date_gmt":"2016-05-04T12:16:32","guid":{"rendered":"http:\/\/europa-forum.org\/pl\/?page_id=738"},"modified":"2023-12-06T14:54:34","modified_gmt":"2023-12-06T13:54:34","slug":"kontakt","status":"publish","type":"page","link":"https:\/\/europa-forum.org\/pl\/kontakt\/","title":{"rendered":"Kontakt"},"content":{"rendered":"<p>Osoba do kontaktu: Aleksandra Ciecierzy\u0144ska<\/p>\n<p><strong>EUROPA FORUM<\/strong><br \/>\nPasa\u017c pod B\u0142\u0119kitnym S\u0142o\u0144cem<br \/>\nul. Januszowicka 5<br \/>\n53-135 Wroc\u0142aw \/ PL<\/p>\n<p>E-mail: <a href=\"mailto:info@ef.com.pl\">info@ef.com.pl<\/a><br \/>\nStrona internetowa: <a href=\"http:\/\/www.ef.com.pl\/\">www.ef.com.pl<\/a><\/p>\n<p>Tel <a href=\"http:\/\/googletest.com.tw\/\">googletest<\/a>.: +48 71 342 04 35<br \/>\nFax: +48 71 342 05 58<\/p>\n<p>Godziny pracy biura:<br \/>\npon.-pt.: 10:00 &#8211; 16:30<br \/>\noraz po wcze\u015bniejszym um\u00f3wieniu<\/p>\n<hr \/>\n<p><strong>Bitte alle markierten Felder ausf\u00fcllen<\/strong><\/p>\n<form name=\"insightly_web_to_contact\" action=\"https:\/\/europaforum.insight.ly\/WebToContact\/Create\" method=\"post\"><input type=\"hidden\" name=\"formId\" value=\"EhGld3+9Q+PhvKRjbo5nQw==\"\/><label for=\"insightly_firstName\">First Name: <\/label><input id=\"insightly_firstName\" name=\"FirstName\" type=\"text\"\/><br \/><label for=\"insightly_lastName\">Last Name: <\/label><input id=\"insightly_lastName\" name=\"LastName\" type=\"text\"\/><br \/><label for=\"insightly_organization\">Organization: <\/label><input id=\"insightly_organization\" name=\"Organization\" type=\"text\"\/><br \/><label for=\"insightly_role\">Title: <\/label><input id=\"insightly_role\" name=\"Role\" type=\"text\"\/><br \/><input type=\"hidden\" name=\"emails[0].Label\" value=\"Work\"\/><label for=\"email[0]_Value\">Email (Work): <\/label><input id=\"emails[0]_Value\" name=\"emails[0].Value\" type=\"text\"\/><br \/><input type=\"hidden\" name=\"phones[0].Label\" value=\"Work\"\/><label for=\"phones[0]_Value\">Phone (Work): <\/label><input id=\"phones[0]_Value\" name=\"phones[0].Value\" type=\"text\"\/><br \/><label for=\"insightly_background\">Additional background information: <\/label><br \/><textarea id=\"insightly_background\" name=\"background\"><\/textarea><br \/><input type=\"submit\" value=\"Submit\"\/><\/form>\n","protected":false},"excerpt":{"rendered":"<p>Osoba do kontaktu: Aleksandra Ciecierzy\u0144ska EUROPA FORUM Pasa\u017c pod B\u0142\u0119kitnym S\u0142o\u0144cem ul. Januszowicka 5 53-135 Wroc\u0142aw \/ PL E-mail: info@ef.com.pl Strona internetowa: www.ef.com.pl Tel googletest.: +48 71 342 04 35 &#8230; <a class=\"read-more\" href=\"https:\/\/europa-forum.org\/pl\/kontakt\/\">Czytaj wi\u0119cej<\/a><\/p>\n","protected":false},"author":34,"featured_media":0,"parent":0,"menu_order":0,"comment_status":"closed","ping_status":"closed","template":"europa-forum-kontakt.php","meta":{"ngg_post_thumbnail":0,"footnotes":""},"class_list":["post-738","page","type-page","status-publish","hentry"],"yoast_head":"<!-- This site is optimized with the Yoast SEO plugin v27.3 - https:\/\/yoast.com\/product\/yoast-seo-wordpress\/ -->\n<title>Kontakt - EUROPA FORUM<\/title>\n<meta name=\"robots\" content=\"index, follow, max-snippet:-1, max-image-preview:large, max-video-preview:-1\" \/>\n<link rel=\"canonical\" href=\"https:\/\/europa-forum.org\/kontakt\/\" \/>\n<meta property=\"og:locale\" content=\"pl_PL\" \/>\n<meta property=\"og:type\" content=\"article\" \/>\n<meta property=\"og:title\" content=\"Kontakt - EUROPA FORUM\" \/>\n<meta property=\"og:description\" content=\"Osoba do kontaktu: Aleksandra Ciecierzy\u0144ska EUROPA FORUM Pasa\u017c pod B\u0142\u0119kitnym S\u0142o\u0144cem ul. Januszowicka 5 53-135 Wroc\u0142aw \/ PL E-mail: info@ef.com.pl Strona internetowa: www.ef.com.pl Tel googletest.: +48 71 342 04 35 ... Czytaj wi\u0119cej\" \/>\n<meta property=\"og:url\" content=\"https:\/\/europa-forum.org\/kontakt\/\" \/>\n<meta property=\"og:site_name\" content=\"EUROPA FORUM\" \/>\n<meta property=\"article:publisher\" content=\"https:\/\/www.facebook.com\/EuropaForum\/\" \/>\n<meta property=\"article:modified_time\" content=\"2023-12-06T13:54:34+00:00\" \/>\n<meta name=\"twitter:card\" content=\"summary_large_image\" \/>\n<script type=\"application\/ld+json\" class=\"yoast-schema-graph\">{\"@context\":\"https:\\\/\\\/schema.org\",\"@graph\":[{\"@type\":\"WebPage\",\"@id\":\"https:\\\/\\\/europa-forum.org\\\/kontakt\\\/\",\"url\":\"https:\\\/\\\/europa-forum.org\\\/kontakt\\\/\",\"name\":\"Kontakt - EUROPA FORUM\",\"isPartOf\":{\"@id\":\"https:\\\/\\\/europa-forum.org\\\/#website\"},\"datePublished\":\"2016-05-04T12:16:32+00:00\",\"dateModified\":\"2023-12-06T13:54:34+00:00\",\"breadcrumb\":{\"@id\":\"https:\\\/\\\/europa-forum.org\\\/kontakt\\\/#breadcrumb\"},\"inLanguage\":\"pl-PL\",\"potentialAction\":[{\"@type\":\"ReadAction\",\"target\":[\"https:\\\/\\\/europa-forum.org\\\/kontakt\\\/\"]}]},{\"@type\":\"BreadcrumbList\",\"@id\":\"https:\\\/\\\/europa-forum.org\\\/kontakt\\\/#breadcrumb\",\"itemListElement\":[{\"@type\":\"ListItem\",\"position\":1,\"name\":\"Home\",\"item\":\"https:\\\/\\\/europa-forum.org\\\/pl\\\/\"},{\"@type\":\"ListItem\",\"position\":2,\"name\":\"Kontakt\"}]},{\"@type\":\"WebSite\",\"@id\":\"https:\\\/\\\/europa-forum.org\\\/#website\",\"url\":\"https:\\\/\\\/europa-forum.org\\\/\",\"name\":\"EUROPA FORUM\",\"description\":\"Polsko-Niemieckie Ko\u0142o Gospodarcze we Wroc\u0142awiu\",\"publisher\":{\"@id\":\"https:\\\/\\\/europa-forum.org\\\/#organization\"},\"potentialAction\":[{\"@type\":\"SearchAction\",\"target\":{\"@type\":\"EntryPoint\",\"urlTemplate\":\"https:\\\/\\\/europa-forum.org\\\/?s={search_term_string}\"},\"query-input\":{\"@type\":\"PropertyValueSpecification\",\"valueRequired\":true,\"valueName\":\"search_term_string\"}}],\"inLanguage\":\"pl-PL\"},{\"@type\":\"Organization\",\"@id\":\"https:\\\/\\\/europa-forum.org\\\/#organization\",\"name\":\"EUROPA FORUM\",\"url\":\"https:\\\/\\\/europa-forum.org\\\/\",\"logo\":{\"@type\":\"ImageObject\",\"inLanguage\":\"pl-PL\",\"@id\":\"https:\\\/\\\/europa-forum.org\\\/#\\\/schema\\\/logo\\\/image\\\/\",\"url\":\"https:\\\/\\\/storage.googleapis.com\\\/media-cloud-test-ef\\\/2024\\\/12\\\/logo-square.png\",\"contentUrl\":\"https:\\\/\\\/storage.googleapis.com\\\/media-cloud-test-ef\\\/2024\\\/12\\\/logo-square.png\",\"width\":240,\"height\":240,\"caption\":\"EUROPA FORUM\"},\"image\":{\"@id\":\"https:\\\/\\\/europa-forum.org\\\/#\\\/schema\\\/logo\\\/image\\\/\"},\"sameAs\":[\"https:\\\/\\\/www.facebook.com\\\/EuropaForum\\\/\",\"https:\\\/\\\/www.linkedin.com\\\/company\\\/europa-forum\"]}]}<\/script>\n<!-- \/ Yoast SEO plugin. -->","yoast_head_json":{"title":"Kontakt - EUROPA FORUM","robots":{"index":"index","follow":"follow","max-snippet":"max-snippet:-1","max-image-preview":"max-image-preview:large","max-video-preview":"max-video-preview:-1"},"canonical":"https:\/\/europa-forum.org\/kontakt\/","og_locale":"pl_PL","og_type":"article","og_title":"Kontakt - EUROPA FORUM","og_description":"Osoba do kontaktu: Aleksandra Ciecierzy\u0144ska EUROPA FORUM Pasa\u017c pod B\u0142\u0119kitnym S\u0142o\u0144cem ul. Januszowicka 5 53-135 Wroc\u0142aw \/ PL E-mail: info@ef.com.pl Strona internetowa: www.ef.com.pl Tel googletest.: +48 71 342 04 35 ... Czytaj wi\u0119cej","og_url":"https:\/\/europa-forum.org\/kontakt\/","og_site_name":"EUROPA FORUM","article_publisher":"https:\/\/www.facebook.com\/EuropaForum\/","article_modified_time":"2023-12-06T13:54:34+00:00","twitter_card":"summary_large_image","schema":{"@context":"https:\/\/schema.org","@graph":[{"@type":"WebPage","@id":"https:\/\/europa-forum.org\/kontakt\/","url":"https:\/\/europa-forum.org\/kontakt\/","name":"Kontakt - EUROPA FORUM","isPartOf":{"@id":"https:\/\/europa-forum.org\/#website"},"datePublished":"2016-05-04T12:16:32+00:00","dateModified":"2023-12-06T13:54:34+00:00","breadcrumb":{"@id":"https:\/\/europa-forum.org\/kontakt\/#breadcrumb"},"inLanguage":"pl-PL","potentialAction":[{"@type":"ReadAction","target":["https:\/\/europa-forum.org\/kontakt\/"]}]},{"@type":"BreadcrumbList","@id":"https:\/\/europa-forum.org\/kontakt\/#breadcrumb","itemListElement":[{"@type":"ListItem","position":1,"name":"Home","item":"https:\/\/europa-forum.org\/pl\/"},{"@type":"ListItem","position":2,"name":"Kontakt"}]},{"@type":"WebSite","@id":"https:\/\/europa-forum.org\/#website","url":"https:\/\/europa-forum.org\/","name":"EUROPA FORUM","description":"Polsko-Niemieckie Ko\u0142o Gospodarcze we Wroc\u0142awiu","publisher":{"@id":"https:\/\/europa-forum.org\/#organization"},"potentialAction":[{"@type":"SearchAction","target":{"@type":"EntryPoint","urlTemplate":"https:\/\/europa-forum.org\/?s={search_term_string}"},"query-input":{"@type":"PropertyValueSpecification","valueRequired":true,"valueName":"search_term_string"}}],"inLanguage":"pl-PL"},{"@type":"Organization","@id":"https:\/\/europa-forum.org\/#organization","name":"EUROPA FORUM","url":"https:\/\/europa-forum.org\/","logo":{"@type":"ImageObject","inLanguage":"pl-PL","@id":"https:\/\/europa-forum.org\/#\/schema\/logo\/image\/","url":"https:\/\/storage.googleapis.com\/media-cloud-test-ef\/2024\/12\/logo-square.png","contentUrl":"https:\/\/storage.googleapis.com\/media-cloud-test-ef\/2024\/12\/logo-square.png","width":240,"height":240,"caption":"EUROPA FORUM"},"image":{"@id":"https:\/\/europa-forum.org\/#\/schema\/logo\/image\/"},"sameAs":["https:\/\/www.facebook.com\/EuropaForum\/","https:\/\/www.linkedin.com\/company\/europa-forum"]}]}},"_links":{"self":[{"href":"https:\/\/europa-forum.org\/pl\/wp-json\/wp\/v2\/pages\/738","targetHints":{"allow":["GET"]}}],"collection":[{"href":"https:\/\/europa-forum.org\/pl\/wp-json\/wp\/v2\/pages"}],"about":[{"href":"https:\/\/europa-forum.org\/pl\/wp-json\/wp\/v2\/types\/page"}],"author":[{"embeddable":true,"href":"https:\/\/europa-forum.org\/pl\/wp-json\/wp\/v2\/users\/34"}],"replies":[{"embeddable":true,"href":"https:\/\/europa-forum.org\/pl\/wp-json\/wp\/v2\/comments?post=738"}],"version-history":[{"count":1,"href":"https:\/\/europa-forum.org\/pl\/wp-json\/wp\/v2\/pages\/738\/revisions"}],"predecessor-version":[{"id":28938,"href":"https:\/\/europa-forum.org\/pl\/wp-json\/wp\/v2\/pages\/738\/revisions\/28938"}],"wp:attachment":[{"href":"https:\/\/europa-forum.org\/pl\/wp-json\/wp\/v2\/media?parent=738"}],"curies":[{"name":"wp","href":"https:\/\/api.w.org\/{rel}","templated":true}]}}