{"id":628,"date":"2016-04-28T15:57:26","date_gmt":"2016-04-28T15:57:26","guid":{"rendered":"http:\/\/europa-forum.org\/pl\/?page_id=628"},"modified":"2024-07-25T03:53:27","modified_gmt":"2024-07-25T03:53:27","slug":"uslugi","status":"publish","type":"page","link":"https:\/\/europa-forum.org\/pl\/dzialalnosc\/uslugi\/","title":{"rendered":"Us\u0142ugi"},"content":{"rendered":"<p><strong>Us\u0142ugi dla cz\u0142onk\u00f3w i zewn\u0119trznych partner\u00f3w<\/strong><\/p>\n<p><strong>EUROPA FORUM jako organizator imprez<\/strong><br \/>\nOkre\u015blamy si\u0119 r\u00f3wnie\u017c jako organizator imprez oraz gospodarz, je\u015bli zewn\u0119trzni partnerzy i firmy cz\u0142onkowskie chc\u0105 przeprowadzi\u0107 swoje projekty w obszarze Wroc\u0142awia. Jako podmiot ulokowany na miejscu mo\u017cemy wkomponowa\u0107 projekty w ju\u017c istniej\u0105ce struktury sieciowe i schematy wydarzeniowe. Jako uznana instytucja pod patronatem Konsulatu Generalnego Niemiec we Wroc\u0142awiu, EUROPA FORUM wp\u00f3\u0142pracowuje od lat z lokalnymi i regionalnymi instytucjami. Nasze spektrum tematyczne jest bardzo szerokie i obejmuje elementy z obszar\u00f3w gospodarki \/ kultury \/ spo\u0142ecze\u0144stwa \/ rozw\u00f3j regionalny i du\u017co wi\u0119cej.<\/p>\n<p><strong>Nasze specjalne oferty dla niemieckich lub mi\u0119dzynarodowych zwi\u0105zk\u00f3w, sieci firmowych, stowarzysze\u0144 przedsi\u0119biorczych i klub\u00f3w bizesnowych<\/strong><\/p>\n<p>Szukaj\u0105 Pa\u0144stwo wsparcia w Polsce, a w szczeg\u00f3lno\u015bci w aglomeracji Wroc\u0142awia odno\u015bnie:<\/p>\n<ul>\n<li>Organizacji preelekcji, seminari\u00f3w lub wydarze\u0144 konferencyjnych,<\/li>\n<li>Organizacji i opracowania programu wizyty dla planowanych przez Pa\u0144stwo podr\u00f3\u017cy przedsi\u0119biorczych lub kulturowych do Wroc\u0142awia,<\/li>\n<li>Wydarze\u0144 szkoleniowych,<\/li>\n<li>Charytatywnych wydarze\u0144,<\/li>\n<li>Wydarze\u0144 promuj\u0105cych znajomo\u015b\u0107 kultury i gospodarki polskiej i europejskiej,<\/li>\n<li>Koordynacji wsp\u00f3\u0142pracy z pa\u0144stwowymi oraz samorz\u0105dowymi organami, organizacjami spo\u0142ecznymi, instytucjami kulturowymi i edukacyjnymi oraz zwi\u0105zkami gospodarczymi w Polsce.<\/li>\n<\/ul>\n<p><strong>SKORZYSTAJ Z NASZEGO DO\u015aWIADCZENIA I Z NASZEJ SIECI FIRMOWEJ!<\/strong><\/p>\n<p>Polecamy tutejsz\u0105 sie\u0107 przedsi\u0119biorc\u00f3w w ramach Pa\u0144stwa dzia\u0142alno\u015bci gospodarczej, poniewa\u017c umo\u017cliwia ona \u017cyw\u0105 i praktyczn\u0105 wymian\u0119 pomi\u0119dzy niemieckimi i polskimi w\u0142a\u015bcicielami i mened\u017cerami firm. W ramach cyklicznie przez nas zorganizowanych miesi\u0119cznych spotkaniach B2B, przy okazji kt\u00f3rych nasze firmy cz\u0142onkowskie r\u00f3wnie\u017c maj\u0105 mo\u017cliwo\u015b\u0107 prezentacji oraz fachowej organizacji, witamy naszych cz\u0142onk\u00f3w wraz z partnerami biznesowymi, go\u015b\u0107mi i wp\u0142ywowymi osobami z regionu. <\/p>\n<hr \/>\n<p><strong>Marktplatz (Rynek) \u2013 warunki publikacji og\u0142osze\u0144:<\/strong><\/p>\n<p>Koszty publikacji og\u0142osze\u0144 na platformie wynosz\u0105 125 pln\/miesi\u0105c. Po otrzymaniu zlecenia wystawiamy not\u0119 obci\u0105\u017ceniow\u0105. Publikacja og\u0142oszenia nast\u0119puje dwa dni po zaksi\u0119gowaniu nale\u017cno\u015bci. <\/p>\n<p>Maksymalna d\u0142ugo\u015b\u0107 og\u0142oszenia: 500 znak\u00f3w (ze spacjami i danymi kontaktowymi).<\/p>\n<p>EUROPA FORUM nie t\u0142umaczy dos\u0142anych og\u0142osze\u0144. Og\u0142oszenia w danej wersji j\u0119zykowej s\u0105 publikowane odpowiednio na podstronie polskoj\u0119zycznej i\/lub niemieckoj\u0119zycznej. EUROPA FORUM zastrzega sobie prawo do odm\u00f3wienia publikacji tre\u015bci, kt\u00f3re nie nawi\u0105zuj\u0105 lub nie pasuj\u0105 do naszych dzia\u0142a\u0144.<\/p>\n","protected":false},"excerpt":{"rendered":"<p>Us\u0142ugi dla cz\u0142onk\u00f3w i zewn\u0119trznych partner\u00f3w EUROPA FORUM jako organizator imprez Okre\u015blamy si\u0119 r\u00f3wnie\u017c jako organizator imprez oraz gospodarz, je\u015bli zewn\u0119trzni partnerzy i firmy cz\u0142onkowskie chc\u0105 przeprowadzi\u0107 swoje projekty w &#8230; <a class=\"read-more\" href=\"https:\/\/europa-forum.org\/pl\/dzialalnosc\/uslugi\/\">Czytaj wi\u0119cej<\/a><\/p>\n","protected":false},"author":34,"featured_media":0,"parent":611,"menu_order":0,"comment_status":"closed","ping_status":"closed","template":"","meta":{"ngg_post_thumbnail":0,"footnotes":""},"class_list":["post-628","page","type-page","status-publish","hentry"],"yoast_head":"<!-- This site is optimized with the Yoast SEO plugin v27.3 - https:\/\/yoast.com\/product\/yoast-seo-wordpress\/ -->\n<title>Us\u0142ugi - EUROPA FORUM<\/title>\n<meta name=\"robots\" content=\"index, follow, max-snippet:-1, max-image-preview:large, max-video-preview:-1\" \/>\n<link rel=\"canonical\" href=\"https:\/\/europa-forum.org\/aktivitaten\/dienstleistungen\/\" \/>\n<meta property=\"og:locale\" content=\"pl_PL\" \/>\n<meta property=\"og:type\" content=\"article\" \/>\n<meta property=\"og:title\" content=\"Us\u0142ugi - EUROPA FORUM\" \/>\n<meta property=\"og:description\" content=\"Us\u0142ugi dla cz\u0142onk\u00f3w i zewn\u0119trznych partner\u00f3w EUROPA FORUM jako organizator imprez Okre\u015blamy si\u0119 r\u00f3wnie\u017c jako organizator imprez oraz gospodarz, je\u015bli zewn\u0119trzni partnerzy i firmy cz\u0142onkowskie chc\u0105 przeprowadzi\u0107 swoje projekty w ... Czytaj wi\u0119cej\" \/>\n<meta property=\"og:url\" content=\"https:\/\/europa-forum.org\/aktivitaten\/dienstleistungen\/\" \/>\n<meta property=\"og:site_name\" content=\"EUROPA FORUM\" \/>\n<meta property=\"article:publisher\" content=\"https:\/\/www.facebook.com\/EuropaForum\/\" \/>\n<meta property=\"article:modified_time\" content=\"2024-07-25T03:53:27+00:00\" \/>\n<meta name=\"twitter:card\" content=\"summary_large_image\" \/>\n<meta name=\"twitter:label1\" content=\"Szacowany czas czytania\" \/>\n\t<meta name=\"twitter:data1\" content=\"2 minuty\" \/>\n<script type=\"application\/ld+json\" class=\"yoast-schema-graph\">{\"@context\":\"https:\\\/\\\/schema.org\",\"@graph\":[{\"@type\":\"WebPage\",\"@id\":\"https:\\\/\\\/europa-forum.org\\\/aktivitaten\\\/dienstleistungen\\\/\",\"url\":\"https:\\\/\\\/europa-forum.org\\\/aktivitaten\\\/dienstleistungen\\\/\",\"name\":\"Us\u0142ugi - EUROPA FORUM\",\"isPartOf\":{\"@id\":\"https:\\\/\\\/europa-forum.org\\\/#website\"},\"datePublished\":\"2016-04-28T15:57:26+00:00\",\"dateModified\":\"2024-07-25T03:53:27+00:00\",\"breadcrumb\":{\"@id\":\"https:\\\/\\\/europa-forum.org\\\/aktivitaten\\\/dienstleistungen\\\/#breadcrumb\"},\"inLanguage\":\"pl-PL\",\"potentialAction\":[{\"@type\":\"ReadAction\",\"target\":[\"https:\\\/\\\/europa-forum.org\\\/aktivitaten\\\/dienstleistungen\\\/\"]}]},{\"@type\":\"BreadcrumbList\",\"@id\":\"https:\\\/\\\/europa-forum.org\\\/aktivitaten\\\/dienstleistungen\\\/#breadcrumb\",\"itemListElement\":[{\"@type\":\"ListItem\",\"position\":1,\"name\":\"Home\",\"item\":\"https:\\\/\\\/europa-forum.org\\\/pl\\\/\"},{\"@type\":\"ListItem\",\"position\":2,\"name\":\"Dzia\u0142alno\u015b\u0107\",\"item\":\"https:\\\/\\\/europa-forum.org\\\/aktivitaten\\\/\"},{\"@type\":\"ListItem\",\"position\":3,\"name\":\"Us\u0142ugi\"}]},{\"@type\":\"WebSite\",\"@id\":\"https:\\\/\\\/europa-forum.org\\\/#website\",\"url\":\"https:\\\/\\\/europa-forum.org\\\/\",\"name\":\"EUROPA FORUM\",\"description\":\"Polsko-Niemieckie Ko\u0142o Gospodarcze we Wroc\u0142awiu\",\"publisher\":{\"@id\":\"https:\\\/\\\/europa-forum.org\\\/#organization\"},\"potentialAction\":[{\"@type\":\"SearchAction\",\"target\":{\"@type\":\"EntryPoint\",\"urlTemplate\":\"https:\\\/\\\/europa-forum.org\\\/?s={search_term_string}\"},\"query-input\":{\"@type\":\"PropertyValueSpecification\",\"valueRequired\":true,\"valueName\":\"search_term_string\"}}],\"inLanguage\":\"pl-PL\"},{\"@type\":\"Organization\",\"@id\":\"https:\\\/\\\/europa-forum.org\\\/#organization\",\"name\":\"EUROPA FORUM\",\"url\":\"https:\\\/\\\/europa-forum.org\\\/\",\"logo\":{\"@type\":\"ImageObject\",\"inLanguage\":\"pl-PL\",\"@id\":\"https:\\\/\\\/europa-forum.org\\\/#\\\/schema\\\/logo\\\/image\\\/\",\"url\":\"https:\\\/\\\/storage.googleapis.com\\\/media-cloud-test-ef\\\/2024\\\/12\\\/logo-square.png\",\"contentUrl\":\"https:\\\/\\\/storage.googleapis.com\\\/media-cloud-test-ef\\\/2024\\\/12\\\/logo-square.png\",\"width\":240,\"height\":240,\"caption\":\"EUROPA FORUM\"},\"image\":{\"@id\":\"https:\\\/\\\/europa-forum.org\\\/#\\\/schema\\\/logo\\\/image\\\/\"},\"sameAs\":[\"https:\\\/\\\/www.facebook.com\\\/EuropaForum\\\/\",\"https:\\\/\\\/www.linkedin.com\\\/company\\\/europa-forum\"]}]}<\/script>\n<!-- \/ Yoast SEO plugin. -->","yoast_head_json":{"title":"Us\u0142ugi - EUROPA FORUM","robots":{"index":"index","follow":"follow","max-snippet":"max-snippet:-1","max-image-preview":"max-image-preview:large","max-video-preview":"max-video-preview:-1"},"canonical":"https:\/\/europa-forum.org\/aktivitaten\/dienstleistungen\/","og_locale":"pl_PL","og_type":"article","og_title":"Us\u0142ugi - EUROPA FORUM","og_description":"Us\u0142ugi dla cz\u0142onk\u00f3w i zewn\u0119trznych partner\u00f3w EUROPA FORUM jako organizator imprez Okre\u015blamy si\u0119 r\u00f3wnie\u017c jako organizator imprez oraz gospodarz, je\u015bli zewn\u0119trzni partnerzy i firmy cz\u0142onkowskie chc\u0105 przeprowadzi\u0107 swoje projekty w ... Czytaj wi\u0119cej","og_url":"https:\/\/europa-forum.org\/aktivitaten\/dienstleistungen\/","og_site_name":"EUROPA FORUM","article_publisher":"https:\/\/www.facebook.com\/EuropaForum\/","article_modified_time":"2024-07-25T03:53:27+00:00","twitter_card":"summary_large_image","twitter_misc":{"Szacowany czas czytania":"2 minuty"},"schema":{"@context":"https:\/\/schema.org","@graph":[{"@type":"WebPage","@id":"https:\/\/europa-forum.org\/aktivitaten\/dienstleistungen\/","url":"https:\/\/europa-forum.org\/aktivitaten\/dienstleistungen\/","name":"Us\u0142ugi - EUROPA FORUM","isPartOf":{"@id":"https:\/\/europa-forum.org\/#website"},"datePublished":"2016-04-28T15:57:26+00:00","dateModified":"2024-07-25T03:53:27+00:00","breadcrumb":{"@id":"https:\/\/europa-forum.org\/aktivitaten\/dienstleistungen\/#breadcrumb"},"inLanguage":"pl-PL","potentialAction":[{"@type":"ReadAction","target":["https:\/\/europa-forum.org\/aktivitaten\/dienstleistungen\/"]}]},{"@type":"BreadcrumbList","@id":"https:\/\/europa-forum.org\/aktivitaten\/dienstleistungen\/#breadcrumb","itemListElement":[{"@type":"ListItem","position":1,"name":"Home","item":"https:\/\/europa-forum.org\/pl\/"},{"@type":"ListItem","position":2,"name":"Dzia\u0142alno\u015b\u0107","item":"https:\/\/europa-forum.org\/aktivitaten\/"},{"@type":"ListItem","position":3,"name":"Us\u0142ugi"}]},{"@type":"WebSite","@id":"https:\/\/europa-forum.org\/#website","url":"https:\/\/europa-forum.org\/","name":"EUROPA FORUM","description":"Polsko-Niemieckie Ko\u0142o Gospodarcze we Wroc\u0142awiu","publisher":{"@id":"https:\/\/europa-forum.org\/#organization"},"potentialAction":[{"@type":"SearchAction","target":{"@type":"EntryPoint","urlTemplate":"https:\/\/europa-forum.org\/?s={search_term_string}"},"query-input":{"@type":"PropertyValueSpecification","valueRequired":true,"valueName":"search_term_string"}}],"inLanguage":"pl-PL"},{"@type":"Organization","@id":"https:\/\/europa-forum.org\/#organization","name":"EUROPA FORUM","url":"https:\/\/europa-forum.org\/","logo":{"@type":"ImageObject","inLanguage":"pl-PL","@id":"https:\/\/europa-forum.org\/#\/schema\/logo\/image\/","url":"https:\/\/storage.googleapis.com\/media-cloud-test-ef\/2024\/12\/logo-square.png","contentUrl":"https:\/\/storage.googleapis.com\/media-cloud-test-ef\/2024\/12\/logo-square.png","width":240,"height":240,"caption":"EUROPA FORUM"},"image":{"@id":"https:\/\/europa-forum.org\/#\/schema\/logo\/image\/"},"sameAs":["https:\/\/www.facebook.com\/EuropaForum\/","https:\/\/www.linkedin.com\/company\/europa-forum"]}]}},"_links":{"self":[{"href":"https:\/\/europa-forum.org\/pl\/wp-json\/wp\/v2\/pages\/628","targetHints":{"allow":["GET"]}}],"collection":[{"href":"https:\/\/europa-forum.org\/pl\/wp-json\/wp\/v2\/pages"}],"about":[{"href":"https:\/\/europa-forum.org\/pl\/wp-json\/wp\/v2\/types\/page"}],"author":[{"embeddable":true,"href":"https:\/\/europa-forum.org\/pl\/wp-json\/wp\/v2\/users\/34"}],"replies":[{"embeddable":true,"href":"https:\/\/europa-forum.org\/pl\/wp-json\/wp\/v2\/comments?post=628"}],"version-history":[{"count":4,"href":"https:\/\/europa-forum.org\/pl\/wp-json\/wp\/v2\/pages\/628\/revisions"}],"predecessor-version":[{"id":30796,"href":"https:\/\/europa-forum.org\/pl\/wp-json\/wp\/v2\/pages\/628\/revisions\/30796"}],"up":[{"embeddable":true,"href":"https:\/\/europa-forum.org\/pl\/wp-json\/wp\/v2\/pages\/611"}],"wp:attachment":[{"href":"https:\/\/europa-forum.org\/pl\/wp-json\/wp\/v2\/media?parent=628"}],"curies":[{"name":"wp","href":"https:\/\/api.w.org\/{rel}","templated":true}]}}