{"id":4149,"date":"2016-07-01T06:55:55","date_gmt":"2016-07-01T06:55:55","guid":{"rendered":"http:\/\/europa-forum.org\/pl\/?page_id=4149"},"modified":"2016-07-01T06:55:55","modified_gmt":"2016-07-01T06:55:55","slug":"mapa-strony","status":"publish","type":"page","link":"https:\/\/europa-forum.org\/pl\/mapa-strony\/","title":{"rendered":"Mapa strony"},"content":{"rendered":"<ul>\n<li><a href=\"http:\/\/europa-forum.org\/pl\/\">Strona g\u0142\u00f3wna<\/a><\/li>\n<li>Unser Verein<\/li>\n<ul>\n<li><a href=\"\/?page_id=10\">Vereinst\u00e4tigkeit<\/a><\/li>\n<li><a href=\"\/?page_id=88\">Vereinsgeschichte<\/a><\/li>\n<li><a href=\"\/?page_id=91\">Vereinssatzung<\/a><\/li>\n<li><a href=\"\/?page_id=94\">Vorstand<\/a><\/li>\n<li><a href=\"\/?page_id=96\">Revisionskommission<\/a><\/li>\n<li><a href=\"\/?page_id=292\">Kollegialgericht<\/a><\/li>\n<li><a href=\"\/?page_id=99\">Partnerunternehmen<\/a><\/li>\n<li><a href=\"\/?page_id=101\">Partnerorganisationen<\/a><\/li>\n<li><a href=\"\/?page_id=1055\">Partnerclubs<\/a><\/li>\n<li><a href=\"\/?page_id=103\">Schirmherrschaft<\/a><\/li>\n<\/ul>\n<li>Mitglieder<\/li>\n<ul>\n<li><a href=\"\/?page_id=295\">EF-Arbeitsgruppen<\/a><\/li>\n<li><a href=\"\/?page_id=297\">EF-Expertenkreise<\/a><\/li>\n<li><a href=\"\/?page_id=1052\">Neumitglieder<\/a><\/li>\n<li><a href=\"\/?page_id=436\">Premium Partner \/ Sponsoren<\/a><\/li>\n<li><a href=\"\/?page_id=20\">F\u00f6rdermitglieder \/ Firmenmitgliedschaft<\/a><\/li>\n<li><a href=\"\/?page_id=111\">Ehrenmitglieder<\/a><\/li>\n<li><a href=\"\/?page_id=114\">Ordentliche Mitglieder \/ Privatmitgliedschaft<\/a><\/li>\n<\/ul>\n<li>Events<\/li>\n<ul>\n<li><a href=\"\/?page_id=44\">Kalender<\/a><\/li>\n<li><a href=\"\/?page_id=554\">Kommende EF-Events<\/a><\/li>\n<li><a href=\"\/?page_id=564\">Vergangene EF-Events<\/a><\/li>\n<li><a href=\"\/?page_id=138\">Fotogallerie<\/a><\/li>\n<\/ul>\n<li>Aktivit\u00e4ten<\/li>\n<ul>\n<li><a href=\"\/?page_id=269\">Dienstleistungen<\/a><\/li>\n<li><a href=\"\/?page_id=164\">Veranstaltungen<\/a><\/li>\n<li><a href=\"\/?page_id=130\">Monatstreffen<\/a><\/li>\n<li><a href=\"\/?page_id=132\">Mitglieder f\u00fcr Mitglieder<\/a><\/li>\n<li><a href=\"\/?page_id=134\">Unternehmerreisen<\/a><\/li>\n<li><a href=\"\/?page_id=411\">Betriebsbesichtigungen<\/a><\/li>\n<li><a href=\"\/?page_id=136\">EF on Tour<\/a><\/li>\n<\/ul>\n<li>Mitgliedschaft<\/li>\n<ul>\n<li><a href=\"\/?page_id=47\">Vorteile<\/a><\/li>\n<li><a href=\"\/?page_id=148\">Arten &#038; Beitr\u00e4ge<\/a><\/li>\n<li><a href=\"\/?page_id=150\">H\u00e4ufig gestellte Fragen<\/a><\/li>\n<li><a href=\"\/?page_id=152\">Mitgliedsantrag<\/a><\/li>\n<\/ul>\n<li>Media Center<\/li>\n<ul>\n<li><a href=\"\/?page_id=403\">Medienpartner<\/a><\/li>\n<li><a href=\"\/?page_id=51\">Pressemitteilungen<\/a><\/li>\n<li><a href=\"\/?page_id=157\">Brosch\u00fcre<\/a><\/li>\n<li><a href=\"\/?page_id=426\">Logo des EUROPA FORUM<\/a><\/li>\n<li><a href=\"\/?page_id=511\">Infos &#038; Links<\/a><\/li>\n<li><a href=\"\/?page_id=118\">Newsletters<\/a><\/li>\n<li><a href=\"\/?page_id=123\">Soziale Medien<\/a><\/li>\n<li><a href=\"\/?page_id=439\">Archiv<\/a><\/li>\n<\/ul>\n<li><a href=\"\/?page_id=266\">News<\/a><\/li>\n<ul>\n<li><a href=\"\/?cat_ID=15\">Vereinsneuigkeiten<\/a><\/li>\n<li><a href=\"\/?cat_ID=22\">Mitgliedernews<\/a><\/li>\n<li><a href=\"\/?cat_ID=17\">Partnerevents<\/a><\/li>\n<li><a href=\"\/?cat_ID=26\">Wirtschaftnews<\/a><\/li>\n<li><a href=\"\/?cat_ID=27\">Kulturtipps<\/a><\/li>\n<\/ul>\n<li><a href=\"\/?page_id=192\">Impressum<\/a><\/li>\n<li><a href=\"\/?page_id=197\">Datenschutz<\/a><\/li>\n<li><a href=\"\/?page_id=201\">Sitemap<\/a><\/li>\n<li><a href=\"\/?page_id=15\">Kontakt<\/a><\/li>\n<\/ul>\n","protected":false},"excerpt":{"rendered":"<p>Strona g\u0142\u00f3wna Unser Verein Vereinst\u00e4tigkeit Vereinsgeschichte Vereinssatzung Vorstand Revisionskommission Kollegialgericht Partnerunternehmen Partnerorganisationen Partnerclubs Schirmherrschaft Mitglieder EF-Arbeitsgruppen EF-Expertenkreise Neumitglieder Premium Partner \/ Sponsoren F\u00f6rdermitglieder \/ Firmenmitgliedschaft Ehrenmitglieder Ordentliche Mitglieder \/ Privatmitgliedschaft &#8230; <a class=\"read-more\" href=\"https:\/\/europa-forum.org\/pl\/mapa-strony\/\">Czytaj wi\u0119cej<\/a><\/p>\n","protected":false},"author":34,"featured_media":0,"parent":0,"menu_order":0,"comment_status":"closed","ping_status":"closed","template":"","meta":{"ngg_post_thumbnail":0,"footnotes":""},"class_list":["post-4149","page","type-page","status-publish","hentry"],"yoast_head":"<!-- This site is optimized with the Yoast SEO plugin v27.3 - https:\/\/yoast.com\/product\/yoast-seo-wordpress\/ -->\n<title>Mapa strony - EUROPA FORUM<\/title>\n<meta name=\"robots\" content=\"index, follow, max-snippet:-1, max-image-preview:large, max-video-preview:-1\" \/>\n<link rel=\"canonical\" href=\"https:\/\/europa-forum.org\/sitemap\/\" \/>\n<meta property=\"og:locale\" content=\"pl_PL\" \/>\n<meta property=\"og:type\" content=\"article\" \/>\n<meta property=\"og:title\" content=\"Mapa strony - EUROPA FORUM\" \/>\n<meta property=\"og:description\" content=\"Strona g\u0142\u00f3wna Unser Verein Vereinst\u00e4tigkeit Vereinsgeschichte Vereinssatzung Vorstand Revisionskommission Kollegialgericht Partnerunternehmen Partnerorganisationen Partnerclubs Schirmherrschaft Mitglieder EF-Arbeitsgruppen EF-Expertenkreise Neumitglieder Premium Partner \/ Sponsoren F\u00f6rdermitglieder \/ Firmenmitgliedschaft Ehrenmitglieder Ordentliche Mitglieder \/ Privatmitgliedschaft ... Czytaj wi\u0119cej\" \/>\n<meta property=\"og:url\" content=\"https:\/\/europa-forum.org\/sitemap\/\" \/>\n<meta property=\"og:site_name\" content=\"EUROPA FORUM\" \/>\n<meta property=\"article:publisher\" content=\"https:\/\/www.facebook.com\/EuropaForum\/\" \/>\n<meta name=\"twitter:card\" content=\"summary_large_image\" \/>\n<script type=\"application\/ld+json\" class=\"yoast-schema-graph\">{\"@context\":\"https:\\\/\\\/schema.org\",\"@graph\":[{\"@type\":\"WebPage\",\"@id\":\"https:\\\/\\\/europa-forum.org\\\/sitemap\\\/\",\"url\":\"https:\\\/\\\/europa-forum.org\\\/sitemap\\\/\",\"name\":\"Mapa strony - EUROPA FORUM\",\"isPartOf\":{\"@id\":\"https:\\\/\\\/europa-forum.org\\\/#website\"},\"datePublished\":\"2016-07-01T06:55:55+00:00\",\"breadcrumb\":{\"@id\":\"https:\\\/\\\/europa-forum.org\\\/sitemap\\\/#breadcrumb\"},\"inLanguage\":\"pl-PL\",\"potentialAction\":[{\"@type\":\"ReadAction\",\"target\":[\"https:\\\/\\\/europa-forum.org\\\/sitemap\\\/\"]}]},{\"@type\":\"BreadcrumbList\",\"@id\":\"https:\\\/\\\/europa-forum.org\\\/sitemap\\\/#breadcrumb\",\"itemListElement\":[{\"@type\":\"ListItem\",\"position\":1,\"name\":\"Home\",\"item\":\"https:\\\/\\\/europa-forum.org\\\/pl\\\/\"},{\"@type\":\"ListItem\",\"position\":2,\"name\":\"Mapa strony\"}]},{\"@type\":\"WebSite\",\"@id\":\"https:\\\/\\\/europa-forum.org\\\/#website\",\"url\":\"https:\\\/\\\/europa-forum.org\\\/\",\"name\":\"EUROPA FORUM\",\"description\":\"Polsko-Niemieckie Ko\u0142o Gospodarcze we Wroc\u0142awiu\",\"publisher\":{\"@id\":\"https:\\\/\\\/europa-forum.org\\\/#organization\"},\"potentialAction\":[{\"@type\":\"SearchAction\",\"target\":{\"@type\":\"EntryPoint\",\"urlTemplate\":\"https:\\\/\\\/europa-forum.org\\\/?s={search_term_string}\"},\"query-input\":{\"@type\":\"PropertyValueSpecification\",\"valueRequired\":true,\"valueName\":\"search_term_string\"}}],\"inLanguage\":\"pl-PL\"},{\"@type\":\"Organization\",\"@id\":\"https:\\\/\\\/europa-forum.org\\\/#organization\",\"name\":\"EUROPA FORUM\",\"url\":\"https:\\\/\\\/europa-forum.org\\\/\",\"logo\":{\"@type\":\"ImageObject\",\"inLanguage\":\"pl-PL\",\"@id\":\"https:\\\/\\\/europa-forum.org\\\/#\\\/schema\\\/logo\\\/image\\\/\",\"url\":\"https:\\\/\\\/storage.googleapis.com\\\/media-cloud-test-ef\\\/2024\\\/12\\\/logo-square.png\",\"contentUrl\":\"https:\\\/\\\/storage.googleapis.com\\\/media-cloud-test-ef\\\/2024\\\/12\\\/logo-square.png\",\"width\":240,\"height\":240,\"caption\":\"EUROPA FORUM\"},\"image\":{\"@id\":\"https:\\\/\\\/europa-forum.org\\\/#\\\/schema\\\/logo\\\/image\\\/\"},\"sameAs\":[\"https:\\\/\\\/www.facebook.com\\\/EuropaForum\\\/\",\"https:\\\/\\\/www.linkedin.com\\\/company\\\/europa-forum\"]}]}<\/script>\n<!-- \/ Yoast SEO plugin. -->","yoast_head_json":{"title":"Mapa strony - EUROPA FORUM","robots":{"index":"index","follow":"follow","max-snippet":"max-snippet:-1","max-image-preview":"max-image-preview:large","max-video-preview":"max-video-preview:-1"},"canonical":"https:\/\/europa-forum.org\/sitemap\/","og_locale":"pl_PL","og_type":"article","og_title":"Mapa strony - EUROPA FORUM","og_description":"Strona g\u0142\u00f3wna Unser Verein Vereinst\u00e4tigkeit Vereinsgeschichte Vereinssatzung Vorstand Revisionskommission Kollegialgericht Partnerunternehmen Partnerorganisationen Partnerclubs Schirmherrschaft Mitglieder EF-Arbeitsgruppen EF-Expertenkreise Neumitglieder Premium Partner \/ Sponsoren F\u00f6rdermitglieder \/ Firmenmitgliedschaft Ehrenmitglieder Ordentliche Mitglieder \/ Privatmitgliedschaft ... Czytaj wi\u0119cej","og_url":"https:\/\/europa-forum.org\/sitemap\/","og_site_name":"EUROPA FORUM","article_publisher":"https:\/\/www.facebook.com\/EuropaForum\/","twitter_card":"summary_large_image","schema":{"@context":"https:\/\/schema.org","@graph":[{"@type":"WebPage","@id":"https:\/\/europa-forum.org\/sitemap\/","url":"https:\/\/europa-forum.org\/sitemap\/","name":"Mapa strony - EUROPA FORUM","isPartOf":{"@id":"https:\/\/europa-forum.org\/#website"},"datePublished":"2016-07-01T06:55:55+00:00","breadcrumb":{"@id":"https:\/\/europa-forum.org\/sitemap\/#breadcrumb"},"inLanguage":"pl-PL","potentialAction":[{"@type":"ReadAction","target":["https:\/\/europa-forum.org\/sitemap\/"]}]},{"@type":"BreadcrumbList","@id":"https:\/\/europa-forum.org\/sitemap\/#breadcrumb","itemListElement":[{"@type":"ListItem","position":1,"name":"Home","item":"https:\/\/europa-forum.org\/pl\/"},{"@type":"ListItem","position":2,"name":"Mapa strony"}]},{"@type":"WebSite","@id":"https:\/\/europa-forum.org\/#website","url":"https:\/\/europa-forum.org\/","name":"EUROPA FORUM","description":"Polsko-Niemieckie Ko\u0142o Gospodarcze we Wroc\u0142awiu","publisher":{"@id":"https:\/\/europa-forum.org\/#organization"},"potentialAction":[{"@type":"SearchAction","target":{"@type":"EntryPoint","urlTemplate":"https:\/\/europa-forum.org\/?s={search_term_string}"},"query-input":{"@type":"PropertyValueSpecification","valueRequired":true,"valueName":"search_term_string"}}],"inLanguage":"pl-PL"},{"@type":"Organization","@id":"https:\/\/europa-forum.org\/#organization","name":"EUROPA FORUM","url":"https:\/\/europa-forum.org\/","logo":{"@type":"ImageObject","inLanguage":"pl-PL","@id":"https:\/\/europa-forum.org\/#\/schema\/logo\/image\/","url":"https:\/\/storage.googleapis.com\/media-cloud-test-ef\/2024\/12\/logo-square.png","contentUrl":"https:\/\/storage.googleapis.com\/media-cloud-test-ef\/2024\/12\/logo-square.png","width":240,"height":240,"caption":"EUROPA FORUM"},"image":{"@id":"https:\/\/europa-forum.org\/#\/schema\/logo\/image\/"},"sameAs":["https:\/\/www.facebook.com\/EuropaForum\/","https:\/\/www.linkedin.com\/company\/europa-forum"]}]}},"_links":{"self":[{"href":"https:\/\/europa-forum.org\/pl\/wp-json\/wp\/v2\/pages\/4149","targetHints":{"allow":["GET"]}}],"collection":[{"href":"https:\/\/europa-forum.org\/pl\/wp-json\/wp\/v2\/pages"}],"about":[{"href":"https:\/\/europa-forum.org\/pl\/wp-json\/wp\/v2\/types\/page"}],"author":[{"embeddable":true,"href":"https:\/\/europa-forum.org\/pl\/wp-json\/wp\/v2\/users\/34"}],"replies":[{"embeddable":true,"href":"https:\/\/europa-forum.org\/pl\/wp-json\/wp\/v2\/comments?post=4149"}],"version-history":[{"count":0,"href":"https:\/\/europa-forum.org\/pl\/wp-json\/wp\/v2\/pages\/4149\/revisions"}],"wp:attachment":[{"href":"https:\/\/europa-forum.org\/pl\/wp-json\/wp\/v2\/media?parent=4149"}],"curies":[{"name":"wp","href":"https:\/\/api.w.org\/{rel}","templated":true}]}}