{"id":34248,"date":"2025-11-07T17:03:57","date_gmt":"2025-11-07T15:03:57","guid":{"rendered":"https:\/\/europa-forum.org\/?page_id=34248"},"modified":"2025-12-09T16:36:09","modified_gmt":"2025-12-09T14:36:09","slug":"organizacje-partnerskie","status":"publish","type":"page","link":"https:\/\/europa-forum.org\/pl\/stowarzyszenie\/organizacje-partnerskie\/","title":{"rendered":"Organizacje partnerskie"},"content":{"rendered":"<p><strong>Biuro \u0141\u0105cznikowe Wolnego Pa\u0144stwa Saksonia<\/strong><\/p>\n<p><img loading=\"lazy\" decoding=\"async\" src=\"https:\/\/europa-forum.org\/wp-content\/uploads\/2016\/04\/Logo_Verbindungsbuero_Sachsen.jpg\" alt=\"Logo_Verbindungsbuero_Sachsen\" width=\"225\" height=\"162\" class=\"alignleft size-full wp-image-963\" \/><\/p>\n<p>Wsp\u00f3lne o\u015bwiadczenia o wsp\u00f3\u0142pracy Wolny Kraj Zwi\u0105zkowy Saksonia podpisa\u0142 w roku 1999 z wojew\u00f3dztwem dolno\u015bl\u0105skim, a w roku 2008 \u2013 z wojew\u00f3dztwem lubuskim, co da\u0142o podstaw\u0119 dla owocnego regionalnego partnerstwa z s\u0105siaduj\u0105cymi z Saksoni\u0105 polskimi wojew\u00f3dztwami.<\/p>\n<p>Dla nich oraz wszystkich innych region\u00f3w Polski zainteresowanych naszym krajem Sakso\u0144skie Biuro \u0141\u0105cznikowe jest odpowiednim punktem kontaktowym.<\/p>\n<p>W Europie mimo otwartych granic wielu obywatelom w du\u017cym stopniu nie s\u0105 znane s\u0105siaduj\u0105ce z nimi regiony. Sakso\u0144skie Biuro \u0141\u0105cznikowe pragnie by\u0107 tak\u017ce oknem wystawowym Saksonii. Przy okazji r\u00f3\u017cnych imprez chcieliby\u015bmy zaznajomi\u0107 naszych s\u0105siad\u00f3w &#8222;zza miedzy&#8221; po polskiej stronie z r\u00f3\u017cnorodno\u015bci\u0105 atrakcji turystycznych Saksonii oraz jej potencja\u0142em gospodarczym i si\u0142\u0105 innowacji.<\/p>\n<p>R\u00f3wnocze\u015bnie biuro, wykorzystuj\u0105c sie\u0107 swoich powi\u0105za\u0144 z sakso\u0144skimi przedsi\u0119biorstwami, instytucjami i grupami spo\u0142ecznymi, mo\u017ce po\u015bredniczy\u0107 w nawi\u0105zywaniu kontakt\u00f3w z partnerami w Polsce.<\/p>\n<p><strong>Biuro \u0141\u0105cznikowe Wolnego Pa\u0144stwa Saksonia<\/strong><br \/>\npl. Franciszka\u0144ski 5\/1 | 50-070 Wroc\u0142aw<\/p>\n<p>Osoba kontaktowa: Thomas Guddat, kierownik biura<\/p>\n<p>Tel.: +48 71 313 11 60<br \/>\nE-mail: thomas.guddat@pl.sachsen.de<br \/>\nStrona internetowa: www.europa.sachsen.de<\/p>\n<hr>\n<p><strong>ARAW \u2013 Agencja Rozwoju Aglomeracji Wroc\u0142awskiej<\/strong><\/p>\n<p><img loading=\"lazy\" decoding=\"async\" src=\"https:\/\/storage.googleapis.com\/media-cloud-test-ef\/2025\/11\/de\/araw-560x514.png\" alt=\"\" width=\"225\" height=\"514\" class=\"alignleft size-medium wp-image-34232\" \/><\/p>\n<p>Agencja Rozwoju Aglomeracji Wroc\u0142awskiej to sp\u00f3\u0142ka powsta\u0142a w 2005 roku, kt\u00f3rej w\u0142a\u015bcicielem jest Gmina Wroc\u0142aw oraz 32 samorz\u0105dy z terenu aglomeracji. Nasza dzia\u0142alno\u015b\u0107 koncentruje si\u0119 na wielu obszarach \u017cycia Wroc\u0142awia i okolicznych gmin, przyczyniaj\u0105c si\u0119 do pog\u0142\u0119biania wsp\u00f3\u0142pracy oraz budowy silnej pozycji gospodarczej i pozytywnego wizerunku Aglomeracji Wroc\u0142awskiej:<\/p>\n<ul style=\"margin-top:30px;\">\n<li>Tworzymy nowe miejsca pracy, pozyskuj\u0105c zagranicznych inwestor\u00f3w z bran\u017cy produkcyjnej i us\u0142ugowej.<\/li>\n<li>Wsp\u00f3\u0142pracujemy z firmami aglomeracji w ramach obs\u0142ugi inwestor\u00f3w.<\/li>\n<li>Tworzymy warunki do rozwoju start-up\u00f3w.<\/li>\n<li>Wspieramy wsp\u00f3\u0142prac\u0119 mi\u0119dzy samorz\u0105dami poprzez r\u00f3\u017cne projekty z finansowaniem zewn\u0119trznym \u2013 w obszarze edukacji, promocji czy infrastruktury.<\/li>\n<li>Prowadzimy dzia\u0142ania informacyjne dla mieszka\u0144c\u00f3w oraz wszystkich, kt\u00f3rzy chc\u0105 wykorzysta\u0107 potencja\u0142 Wroc\u0142awia i okolic jako miejsca pracy, nauki, zamieszkania lub wypoczynku.<\/li>\n<li>Rozwijamy i promujemy liczne znane marki, takie jak <strong>Invest in Wroclaw<\/strong>, <strong>Study in Wroclaw<\/strong>, <strong>Wroclaw.pl<\/strong>, <strong>Startup Wroclaw<\/strong>, <strong>Visit Wroclaw<\/strong> i <strong>Made in Wroclaw<\/strong>.<\/li>\n<\/ul>\n<p>pl. Solny 14<br \/>\n50-062 Wroc\u0142aw<br \/>\nStrona internetowa: <a href=\"http:\/\/www.araw.pl\" target=\"_blank\" rel=\"noopener noreferrer\">www.araw.pl<\/a><\/p>\n<hr>\n<p><strong>DAWG \u2013 Dolno\u015bl\u0105ska Agencja Wsp\u00f3\u0142pracy Gospodarczej<\/strong><\/p>\n<p><img loading=\"lazy\" decoding=\"async\" src=\"https:\/\/storage.googleapis.com\/media-cloud-test-ef\/2025\/11\/de\/logo-partner-dawg.jpg\" alt=\"\" width=\"225\" height=\"70\" class=\"alignleft size-full wp-image-34236\" \/><\/p>\n<p>Dolno\u015bl\u0105ska Agencja Wsp\u00f3\u0142pracy Gospodarczej to sp\u00f3\u0142ka nale\u017c\u0105ca do samorz\u0105du Wojew\u00f3dztwa Dolno\u015bl\u0105skiego, dzia\u0142aj\u0105ca w jego imieniu i interesie. Celem jej dzia\u0142alno\u015bci jest wspieranie przedsi\u0119biorczo\u015bci, wzmacnianie innowacyjno\u015bci regionu, poprawa konkurencyjno\u015bci firm, wspieranie ich rozwoju oraz kszta\u0142towanie mi\u0119dzynarodowego wizerunku wojew\u00f3dztwa.<\/p>\n<p>DAWG oferuje dolno\u015bl\u0105skim przedsi\u0119biorcom wynajem powierzchni biurowych we Wroc\u0142awiu na preferencyjnych warunkach, wspiera aktywizacj\u0119 zawodow\u0105 os\u00f3b bezrobotnych i nieaktywnych zawodowo, udziela po\u017cyczek rozwojowych i p\u0142ynno\u015bciowych na cele inwestycyjne, realizuje projekty wspieraj\u0105ce internacjonalizacj\u0119 M\u015aP na Dolnym \u015al\u0105sku oraz wdra\u017ca standardy obs\u0142ugi inwestor\u00f3w i eksporter\u00f3w w jednostkach samorz\u0105du terytorialnego.<\/p>\n<p>aleja Kasztanowa 3A\u20135<br \/>\n53-125 Wroc\u0142aw<\/p>\n<p>Strona internetowa: <a href=\"http:\/\/www.dawg.pl\" target=\"_blank\" rel=\"noopener noreferrer\">www.dawg.pl<\/a><\/p>\n<hr>\n<p><strong>Dolno\u015bl\u0105ska Izba Gospodarcza<\/strong><\/p>\n<p><img loading=\"lazy\" decoding=\"async\" src=\"https:\/\/europa-forum.org\/wp-content\/uploads\/2016\/04\/logo-dig.png\" alt=\"\" width=\"225\" height=\"59\" class=\"alignleft size-full wp-image-14077\" \/><\/p>\n<p>DIG jest jedn\u0105 z najd\u0142u\u017cej dzia\u0142aj\u0105cych izb gospodarczych w Polsce. Zrzesza 300 podmiot\u00f3w gospodarczych. Jest wa\u017cnym komentatorem \u017cycia gospodarczego jak i organizacj\u0105 lobbuj\u0105c\u0105 w kwestiach zwi\u0105zanych z dzia\u0142alno\u015bci\u0105 zar\u00f3wno firm cz\u0142onkowskich jak i innych przedsi\u0119biorc\u00f3w.<\/p>\n<p>Celem jej funkcjonowania jest wspieranie rozwoju firm i starania na rzecz unowocze\u015bniania \u017cycia gospodarczego. Od 1990 roku jest cz\u0142onkiem Krajowej Izby Gospodarczej.<\/p>\n<p>DIG \u0142\u0105czy i integruje przedsi\u0119biorc\u00f3w. Dzia\u0142a w imieniu i na rzecz firm. Informuje, szkoli, promuje podmioty zrzeszone w izbie. Pomaga firmom rozwija\u0107 si\u0119 oraz dzieli\u0107 si\u0119 wiedz\u0105 i do\u015bwiadczeniem.<\/p>\n<p><strong>Biuro<\/strong><br \/>\n\u015awidnicka 39 | 50-029 Wroc\u0142aw\/Polska<\/p>\n<p>Tel.: +48 71 344 78 25<br \/>\nE-mail: biuro@dig.wroc.pl<br \/>\nStrona internetowa: www.dig.wroc.pl<\/p>\n<p><strong>Pobierz PDF:<\/strong><br \/>\n<a href=\"https:\/\/europa-forum.org\/wp-content\/uploads\/2012\/01\/DIG_prezentacja.pdf\">Prezentacja DIG<\/a><\/p>\n<hr \/>\n<p><strong>WFS Wirtschaftsf\u00f6rderung Sachsen GmbH \/ Sakso\u0144ska Agencja Wspierania Gospodarki<\/strong><\/p>\n<p><img loading=\"lazy\" decoding=\"async\" src=\"https:\/\/europa-forum.org\/wp-content\/uploads\/2018\/10\/WFS_logo-300x65.jpg\" alt=\"\" width=\"300\" height=\"65\" class=\"alignleft size-medium wp-image-17992\" \/>WFS Wirtschaftsf\u00f6rderung Sachsen GmbH \/ Sakso\u0144ska Agencja Wspierania Gospodarki  zaanga\u017cowana jest jako przedsi\u0119biorstwo pa\u0144stwowe Wolnego Pa\u0144stwa Saksonii w trzech g\u0142\u00f3wnych obszarach: reklama dla biznesowej lokalizacji Saksonii, doradztwo dla potencjalnych inwestor\u00f3w; kompleksowo od pomys\u0142u do realizacji projektu. Trzecie zadanie to wsparcie dla firm sakso\u0144skich w  dzia\u0142aniach eksportowych. WFS inicjuje mi\u0119dzynarodow\u0105 wsp\u00f3\u0142prac\u0119 gospodarcz\u0105, organizuje fora gospodarcze, bran\u017cowe  spotkania kooperacyjne, misje gospodarcze, opiekuje si\u0119 zagranicznymi delegacjami gospodarczymi w Saksonii.<\/p>\n<p>Wsp\u00f3\u0142praca gospodarcza z Polsk\u0105, szczeg\u00f3lnie z Dolnym \u015al\u0105skiem jest dla Saksonii bardzo istotna. Ju\u017c od ponad 15 lat WFS posiada swoje biuro w Polsce, z siedzib\u0105 we Wroc\u0142awiu. Biuro po\u015bredniczy w nawi\u0105zywaniu kontakt\u00f3w handlowych, udziela informacji gospodarczych i aktywnie wspiera sakso\u0144sko \u2013 polsk\u0105 kooperacj\u0119 gospodarcz\u0105. Udziela sakso\u0144skim firmom bezp\u0142atnych informacji na temat rynku polskiego, mo\u017cliwo\u015bci eksportowych, pomaga w znalezieniu partnera do kooperacji. <\/p>\n<p>Polscy przedsi\u0119biorcy mog\u0105 uzyska\u0107 kontakty  do interesuj\u0105cych partner\u00f3w w Saksonii, praktyczn\u0105 pomoc w znalezieniu produkt\u00f3w czy technologii. Potencjalni inwestorzy mog\u0105 liczy\u0107 na szybk\u0105 i skuteczn\u0105 pomoc w rozpocz\u0119ciu dzia\u0142alno\u015bci w Saksonii. W biurze WFS we Wroc\u0142awiu  dost\u0119pne s\u0105 publikacje, foldery, magazyny bran\u017cowe zwi\u0105zane z sakso\u0144sk\u0105 gospodark\u0105.<\/p>\n<p>WFS prowadzi techniczn\u0105 i redakcyjn\u0105 obs\u0142ug\u0119  portalu internetowego prezentuj\u0105cego wszystkie istotne, z ekonomicznego punktu widzenia, doniesienia z Saksonii &#8211; <a href=\"https:\/\/business-saxony.com\/en\">www.business-saxony.com<\/a>.<\/p>\n<p>Mo\u017cna tam znale\u017a\u0107 opracowania kluczowych bran\u017c, bezp\u0142atn\u0105 baz\u0119 danych firm sakso\u0144skich (info-center\/datenbank), zawieraj\u0105c\u0105  ponad  40 tys. hase\u0142, kt\u00f3re mo\u017cna przeszukiwa\u0107 pod k\u0105tem bran\u017cy, s\u0142owa kluczowego, technologii. <\/p>\n<p><strong>Wirtschaftsf\u00f6rderung Sachsen GmbH (WFS)<\/strong><br \/>\nKerstin Leisering, kierownik projekt\u00f3w<br \/>\nBertolt-Brecht-Allee 22<br \/>\nDE 01309 Dresden<br \/>\nTel: +49 351 21 38 139<br \/>\nFax: +49 351 21 38 4 139<br \/>\n<a href=\"mailto:Kerstin.Leisering@wfs.saxony.de\">Kerstin.Leisering@wfs.saxony.de<\/a><\/p>\n<p><strong>Sakso\u0144ska Agencja Wspierania Gospodarki<\/strong><br \/>\nBiuro Wirtschaftsf\u00f6rderung Sachsen GmbH<br \/>\nw Polsce<br \/>\nAnna Sikorska, przedstawiciel WFS w Polsce<br \/>\nRynek 7<br \/>\nPasa\u017c pod B\u0142\u0119kitnym S\u0142o\u0144cem<br \/>\nPL 50-106 Wroc\u0142aw<br \/>\nTel.: +48 71 372 46 31<br \/>\nFax.: +48 71 313 11 74<br \/>\n<a href=\"mailto:Kerstin.Leisering@wfs.saxony.de\">wfs.sikorska@saxony.pl<\/a><br \/>\n<a href=\"https:\/\/business-saxony.com\/en\">www.business-saxony.com<\/a><\/p>\n<hr>\n<p><strong>Narodowe Forum Muzyki<\/strong><\/p>\n<p><img loading=\"lazy\" decoding=\"async\" src=\"https:\/\/storage.googleapis.com\/media-cloud-test-ef\/2021\/10\/pl\/NFM-logo-300x278-1.jpg\" alt=\"\" width=\"300\" height=\"278\" class=\"alignleft size-full wp-image-25474\" \/><\/p>\n<p>Narodowe Forum Muzyki we Wroc\u0142awiu jest jednym z najwi\u0119kszych obiekt\u00f3w koncertowych w Europie \u015arodkowej. Mie\u015bci cztery sale koncertowe \u2013 Sal\u0119 G\u0142\u00f3wn\u0105 na 1800 os\u00f3b i trzy sale kameralne dla 250\u2013450 s\u0142uchaczy. Ka\u017cda z sal dostosowana jest do prezentacji wszystkich rodzaj\u00f3w muzyki \u2013 od klasycznej, poprzez jazz, po muzyk\u0119 alternatywn\u0105 i elektroniczn\u0105. Najnowocze\u015bniejsza akustyka czterech sal koncertowych zosta\u0142a zaprojektowana przez firm\u0119 Artec Consultants (Arup) Inc z Nowego Jorku.<\/p>\n<p>NFM zosta\u0142o zaprojektowane, aby cieszy\u0107 oko i ucho. Architekt\u00f3w z Kury\u0142owicz &#038; Associates Architecture Studio inspirowa\u0142a muzyka. Kszta\u0142t obiektu i wyko\u0144czenie elewacji przywodz\u0105 na my\u015bl instrument smyczkowy, podczas gdy czarne \u015bciany foyer i bia\u0142e balkony nawi\u0105zuj\u0105 do klawiatury fortepianu. Opr\u00f3cz sal koncertowych w obiekcie znajduj\u0105 si\u0119 sale pr\u00f3b, sale konferencyjne i biurowe, pomieszczenia wystawowe i restauracja.<\/p>\n<p>Narodowe Forum Muzyki stawia sobie za cel propagowanie w\u015br\u00f3d mieszka\u0144c\u00f3w Dolnego \u015al\u0105ska i os\u00f3b odwiedzaj\u0105cych Wroc\u0142aw aktywnego udzia\u0142u w \u017cyciu kulturalnym. Owocem tych intensywnych dzia\u0142a\u0144 jest dziesi\u0119\u0107 festiwali, na kt\u00f3re ka\u017cdego roku s\u0105 zapraszani najwybitniejsi polscy i zagraniczni arty\u015bci, sam obiekt za\u015b staje si\u0119 przestrzeni\u0105 spotkania przedstawicieli r\u00f3\u017cnych sztuk, nie tylko muzycznych. <\/p>\n<p>W dniu 11.10.2019 r zosta\u0142 podpisany list intencyjny pomi\u0119dzy <strong>Polsko-Niemieckim Ko\u0142em Gospodarczym EUROPA FORUM<\/strong> i <strong>Narodowym Forum Muzyki im. Witolda Lutos\u0142awskiego<\/strong> z siedzib\u0105 we Wroc\u0142awiu.<\/p>\n<p>Celem listu intencyjnego jest wsp\u00f3\u0142dzia\u0142anie stron na rzecz promocji kultury wysokiej, \u015bwiadomego uczestnictwa w wydarzeniach artystycznych wszystkich dziedzin sztuki, a zw\u0142aszcza muzyki oraz kszta\u0142towanie spo\u0142ecznego poczucia odpowiedzialno\u015bci za jej rozw\u00f3j.<\/p>\n<p>https:\/\/europa-forum.org\/pl\/2019\/10\/podpisanie-listu-intencyjnego-pomiedzy-polsko-niemieckim-kolem-gospodarczym-europa-forum-i-narodowym-forum-muzyki-im-witolda-lutoslawskiego-ef-goes-koncert-juz-za-nami\/<\/p>\n","protected":false},"excerpt":{"rendered":"<p>Biuro \u0141\u0105cznikowe Wolnego Pa\u0144stwa Saksonia Wsp\u00f3lne o\u015bwiadczenia o wsp\u00f3\u0142pracy Wolny Kraj Zwi\u0105zkowy Saksonia podpisa\u0142 w roku 1999 z wojew\u00f3dztwem dolno\u015bl\u0105skim, a w roku 2008 \u2013 z wojew\u00f3dztwem lubuskim, co da\u0142o &#8230; <a class=\"read-more\" href=\"https:\/\/europa-forum.org\/pl\/stowarzyszenie\/organizacje-partnerskie\/\">Czytaj wi\u0119cej<\/a><\/p>\n","protected":false},"author":34,"featured_media":0,"parent":726,"menu_order":0,"comment_status":"closed","ping_status":"closed","template":"","meta":{"ngg_post_thumbnail":0,"footnotes":""},"class_list":["post-34248","page","type-page","status-publish","hentry"],"yoast_head":"<!-- This site is optimized with the Yoast SEO plugin v27.3 - https:\/\/yoast.com\/product\/yoast-seo-wordpress\/ -->\n<title>Organizacje partnerskie - EUROPA FORUM<\/title>\n<meta name=\"robots\" content=\"index, follow, max-snippet:-1, max-image-preview:large, max-video-preview:-1\" \/>\n<link rel=\"canonical\" href=\"https:\/\/europa-forum.org\/pl\/stowarzyszenie\/organizacje-partnerskie\/\" \/>\n<meta property=\"og:locale\" content=\"pl_PL\" \/>\n<meta property=\"og:type\" content=\"article\" \/>\n<meta property=\"og:title\" content=\"Organizacje partnerskie - EUROPA FORUM\" \/>\n<meta property=\"og:description\" content=\"Biuro \u0141\u0105cznikowe Wolnego Pa\u0144stwa Saksonia Wsp\u00f3lne o\u015bwiadczenia o wsp\u00f3\u0142pracy Wolny Kraj Zwi\u0105zkowy Saksonia podpisa\u0142 w roku 1999 z wojew\u00f3dztwem dolno\u015bl\u0105skim, a w roku 2008 \u2013 z wojew\u00f3dztwem lubuskim, co da\u0142o ... Czytaj wi\u0119cej\" \/>\n<meta property=\"og:url\" content=\"https:\/\/europa-forum.org\/pl\/stowarzyszenie\/organizacje-partnerskie\/\" \/>\n<meta property=\"og:site_name\" content=\"EUROPA FORUM\" \/>\n<meta property=\"article:publisher\" content=\"https:\/\/www.facebook.com\/EuropaForum\/\" \/>\n<meta property=\"article:modified_time\" content=\"2025-12-09T14:36:09+00:00\" \/>\n<meta property=\"og:image\" content=\"https:\/\/europa-forum.org\/wp-content\/uploads\/2016\/04\/Logo_Verbindungsbuero_Sachsen.jpg\" \/>\n\t<meta property=\"og:image:width\" content=\"225\" \/>\n\t<meta property=\"og:image:height\" content=\"162\" \/>\n\t<meta property=\"og:image:type\" content=\"image\/jpeg\" \/>\n<meta name=\"twitter:card\" content=\"summary_large_image\" \/>\n<meta name=\"twitter:label1\" content=\"Szacowany czas czytania\" \/>\n\t<meta name=\"twitter:data1\" content=\"7 minut\" \/>\n<script type=\"application\/ld+json\" class=\"yoast-schema-graph\">{\"@context\":\"https:\\\/\\\/schema.org\",\"@graph\":[{\"@type\":\"WebPage\",\"@id\":\"https:\\\/\\\/europa-forum.org\\\/pl\\\/stowarzyszenie\\\/organizacje-partnerskie\\\/\",\"url\":\"https:\\\/\\\/europa-forum.org\\\/pl\\\/stowarzyszenie\\\/organizacje-partnerskie\\\/\",\"name\":\"Organizacje partnerskie - EUROPA FORUM\",\"isPartOf\":{\"@id\":\"https:\\\/\\\/europa-forum.org\\\/#website\"},\"primaryImageOfPage\":{\"@id\":\"https:\\\/\\\/europa-forum.org\\\/pl\\\/stowarzyszenie\\\/organizacje-partnerskie\\\/#primaryimage\"},\"image\":{\"@id\":\"https:\\\/\\\/europa-forum.org\\\/pl\\\/stowarzyszenie\\\/organizacje-partnerskie\\\/#primaryimage\"},\"thumbnailUrl\":\"https:\\\/\\\/europa-forum.org\\\/wp-content\\\/uploads\\\/2016\\\/04\\\/Logo_Verbindungsbuero_Sachsen.jpg\",\"datePublished\":\"2025-11-07T15:03:57+00:00\",\"dateModified\":\"2025-12-09T14:36:09+00:00\",\"breadcrumb\":{\"@id\":\"https:\\\/\\\/europa-forum.org\\\/pl\\\/stowarzyszenie\\\/organizacje-partnerskie\\\/#breadcrumb\"},\"inLanguage\":\"pl-PL\",\"potentialAction\":[{\"@type\":\"ReadAction\",\"target\":[\"https:\\\/\\\/europa-forum.org\\\/pl\\\/stowarzyszenie\\\/organizacje-partnerskie\\\/\"]}]},{\"@type\":\"ImageObject\",\"inLanguage\":\"pl-PL\",\"@id\":\"https:\\\/\\\/europa-forum.org\\\/pl\\\/stowarzyszenie\\\/organizacje-partnerskie\\\/#primaryimage\",\"url\":\"https:\\\/\\\/europa-forum.org\\\/wp-content\\\/uploads\\\/2016\\\/04\\\/Logo_Verbindungsbuero_Sachsen.jpg\",\"contentUrl\":\"https:\\\/\\\/europa-forum.org\\\/wp-content\\\/uploads\\\/2016\\\/04\\\/Logo_Verbindungsbuero_Sachsen.jpg\"},{\"@type\":\"BreadcrumbList\",\"@id\":\"https:\\\/\\\/europa-forum.org\\\/pl\\\/stowarzyszenie\\\/organizacje-partnerskie\\\/#breadcrumb\",\"itemListElement\":[{\"@type\":\"ListItem\",\"position\":1,\"name\":\"Home\",\"item\":\"https:\\\/\\\/europa-forum.org\\\/pl\\\/\"},{\"@type\":\"ListItem\",\"position\":2,\"name\":\"Stowarzyszenie\",\"item\":\"https:\\\/\\\/europa-forum.org\\\/pl\\\/stowarzyszenie\\\/\"},{\"@type\":\"ListItem\",\"position\":3,\"name\":\"Organizacje partnerskie\"}]},{\"@type\":\"WebSite\",\"@id\":\"https:\\\/\\\/europa-forum.org\\\/#website\",\"url\":\"https:\\\/\\\/europa-forum.org\\\/\",\"name\":\"EUROPA FORUM\",\"description\":\"Polsko-Niemieckie Ko\u0142o Gospodarcze we Wroc\u0142awiu\",\"publisher\":{\"@id\":\"https:\\\/\\\/europa-forum.org\\\/#organization\"},\"potentialAction\":[{\"@type\":\"SearchAction\",\"target\":{\"@type\":\"EntryPoint\",\"urlTemplate\":\"https:\\\/\\\/europa-forum.org\\\/?s={search_term_string}\"},\"query-input\":{\"@type\":\"PropertyValueSpecification\",\"valueRequired\":true,\"valueName\":\"search_term_string\"}}],\"inLanguage\":\"pl-PL\"},{\"@type\":\"Organization\",\"@id\":\"https:\\\/\\\/europa-forum.org\\\/#organization\",\"name\":\"EUROPA FORUM\",\"url\":\"https:\\\/\\\/europa-forum.org\\\/\",\"logo\":{\"@type\":\"ImageObject\",\"inLanguage\":\"pl-PL\",\"@id\":\"https:\\\/\\\/europa-forum.org\\\/#\\\/schema\\\/logo\\\/image\\\/\",\"url\":\"https:\\\/\\\/storage.googleapis.com\\\/media-cloud-test-ef\\\/2024\\\/12\\\/logo-square.png\",\"contentUrl\":\"https:\\\/\\\/storage.googleapis.com\\\/media-cloud-test-ef\\\/2024\\\/12\\\/logo-square.png\",\"width\":240,\"height\":240,\"caption\":\"EUROPA FORUM\"},\"image\":{\"@id\":\"https:\\\/\\\/europa-forum.org\\\/#\\\/schema\\\/logo\\\/image\\\/\"},\"sameAs\":[\"https:\\\/\\\/www.facebook.com\\\/EuropaForum\\\/\",\"https:\\\/\\\/www.linkedin.com\\\/company\\\/europa-forum\"]}]}<\/script>\n<!-- \/ Yoast SEO plugin. -->","yoast_head_json":{"title":"Organizacje partnerskie - EUROPA FORUM","robots":{"index":"index","follow":"follow","max-snippet":"max-snippet:-1","max-image-preview":"max-image-preview:large","max-video-preview":"max-video-preview:-1"},"canonical":"https:\/\/europa-forum.org\/pl\/stowarzyszenie\/organizacje-partnerskie\/","og_locale":"pl_PL","og_type":"article","og_title":"Organizacje partnerskie - EUROPA FORUM","og_description":"Biuro \u0141\u0105cznikowe Wolnego Pa\u0144stwa Saksonia Wsp\u00f3lne o\u015bwiadczenia o wsp\u00f3\u0142pracy Wolny Kraj Zwi\u0105zkowy Saksonia podpisa\u0142 w roku 1999 z wojew\u00f3dztwem dolno\u015bl\u0105skim, a w roku 2008 \u2013 z wojew\u00f3dztwem lubuskim, co da\u0142o ... Czytaj wi\u0119cej","og_url":"https:\/\/europa-forum.org\/pl\/stowarzyszenie\/organizacje-partnerskie\/","og_site_name":"EUROPA FORUM","article_publisher":"https:\/\/www.facebook.com\/EuropaForum\/","article_modified_time":"2025-12-09T14:36:09+00:00","og_image":[{"width":225,"height":162,"url":"https:\/\/europa-forum.org\/wp-content\/uploads\/2016\/04\/Logo_Verbindungsbuero_Sachsen.jpg","type":"image\/jpeg"}],"twitter_card":"summary_large_image","twitter_misc":{"Szacowany czas czytania":"7 minut"},"schema":{"@context":"https:\/\/schema.org","@graph":[{"@type":"WebPage","@id":"https:\/\/europa-forum.org\/pl\/stowarzyszenie\/organizacje-partnerskie\/","url":"https:\/\/europa-forum.org\/pl\/stowarzyszenie\/organizacje-partnerskie\/","name":"Organizacje partnerskie - EUROPA FORUM","isPartOf":{"@id":"https:\/\/europa-forum.org\/#website"},"primaryImageOfPage":{"@id":"https:\/\/europa-forum.org\/pl\/stowarzyszenie\/organizacje-partnerskie\/#primaryimage"},"image":{"@id":"https:\/\/europa-forum.org\/pl\/stowarzyszenie\/organizacje-partnerskie\/#primaryimage"},"thumbnailUrl":"https:\/\/europa-forum.org\/wp-content\/uploads\/2016\/04\/Logo_Verbindungsbuero_Sachsen.jpg","datePublished":"2025-11-07T15:03:57+00:00","dateModified":"2025-12-09T14:36:09+00:00","breadcrumb":{"@id":"https:\/\/europa-forum.org\/pl\/stowarzyszenie\/organizacje-partnerskie\/#breadcrumb"},"inLanguage":"pl-PL","potentialAction":[{"@type":"ReadAction","target":["https:\/\/europa-forum.org\/pl\/stowarzyszenie\/organizacje-partnerskie\/"]}]},{"@type":"ImageObject","inLanguage":"pl-PL","@id":"https:\/\/europa-forum.org\/pl\/stowarzyszenie\/organizacje-partnerskie\/#primaryimage","url":"https:\/\/europa-forum.org\/wp-content\/uploads\/2016\/04\/Logo_Verbindungsbuero_Sachsen.jpg","contentUrl":"https:\/\/europa-forum.org\/wp-content\/uploads\/2016\/04\/Logo_Verbindungsbuero_Sachsen.jpg"},{"@type":"BreadcrumbList","@id":"https:\/\/europa-forum.org\/pl\/stowarzyszenie\/organizacje-partnerskie\/#breadcrumb","itemListElement":[{"@type":"ListItem","position":1,"name":"Home","item":"https:\/\/europa-forum.org\/pl\/"},{"@type":"ListItem","position":2,"name":"Stowarzyszenie","item":"https:\/\/europa-forum.org\/pl\/stowarzyszenie\/"},{"@type":"ListItem","position":3,"name":"Organizacje partnerskie"}]},{"@type":"WebSite","@id":"https:\/\/europa-forum.org\/#website","url":"https:\/\/europa-forum.org\/","name":"EUROPA FORUM","description":"Polsko-Niemieckie Ko\u0142o Gospodarcze we Wroc\u0142awiu","publisher":{"@id":"https:\/\/europa-forum.org\/#organization"},"potentialAction":[{"@type":"SearchAction","target":{"@type":"EntryPoint","urlTemplate":"https:\/\/europa-forum.org\/?s={search_term_string}"},"query-input":{"@type":"PropertyValueSpecification","valueRequired":true,"valueName":"search_term_string"}}],"inLanguage":"pl-PL"},{"@type":"Organization","@id":"https:\/\/europa-forum.org\/#organization","name":"EUROPA FORUM","url":"https:\/\/europa-forum.org\/","logo":{"@type":"ImageObject","inLanguage":"pl-PL","@id":"https:\/\/europa-forum.org\/#\/schema\/logo\/image\/","url":"https:\/\/storage.googleapis.com\/media-cloud-test-ef\/2024\/12\/logo-square.png","contentUrl":"https:\/\/storage.googleapis.com\/media-cloud-test-ef\/2024\/12\/logo-square.png","width":240,"height":240,"caption":"EUROPA FORUM"},"image":{"@id":"https:\/\/europa-forum.org\/#\/schema\/logo\/image\/"},"sameAs":["https:\/\/www.facebook.com\/EuropaForum\/","https:\/\/www.linkedin.com\/company\/europa-forum"]}]}},"_links":{"self":[{"href":"https:\/\/europa-forum.org\/pl\/wp-json\/wp\/v2\/pages\/34248","targetHints":{"allow":["GET"]}}],"collection":[{"href":"https:\/\/europa-forum.org\/pl\/wp-json\/wp\/v2\/pages"}],"about":[{"href":"https:\/\/europa-forum.org\/pl\/wp-json\/wp\/v2\/types\/page"}],"author":[{"embeddable":true,"href":"https:\/\/europa-forum.org\/pl\/wp-json\/wp\/v2\/users\/34"}],"replies":[{"embeddable":true,"href":"https:\/\/europa-forum.org\/pl\/wp-json\/wp\/v2\/comments?post=34248"}],"version-history":[{"count":5,"href":"https:\/\/europa-forum.org\/pl\/wp-json\/wp\/v2\/pages\/34248\/revisions"}],"predecessor-version":[{"id":34654,"href":"https:\/\/europa-forum.org\/pl\/wp-json\/wp\/v2\/pages\/34248\/revisions\/34654"}],"up":[{"embeddable":true,"href":"https:\/\/europa-forum.org\/pl\/wp-json\/wp\/v2\/pages\/726"}],"wp:attachment":[{"href":"https:\/\/europa-forum.org\/pl\/wp-json\/wp\/v2\/media?parent=34248"}],"curies":[{"name":"wp","href":"https:\/\/api.w.org\/{rel}","templated":true}]}}