{"id":33715,"date":"2025-07-17T10:41:52","date_gmt":"2025-07-17T08:41:52","guid":{"rendered":"https:\/\/europa-forum.org\/?page_id=33715"},"modified":"2025-07-17T10:44:56","modified_gmt":"2025-07-17T08:44:56","slug":"2025-07-10","status":"publish","type":"page","link":"https:\/\/europa-forum.org\/pl\/2025-07-10\/","title":{"rendered":"2025.07.10"},"content":{"rendered":"<p><strong>Podsumowanie:<\/strong><\/p>\n\t<div class=\"post-embed-card\">\r\n\t\t<a href=\"https:\/\/europa-forum.org\/pl\/2025\/07\/podsumowanie-misji-gospodarczej-europa-forum-do-estonii-tallinn-10-13-lipca-2025\/\" class=\"card-link\">\r\n\t\t\t<div class=\"card-image\">\r\n\t\t\t\t<img decoding=\"async\" src=\"https:\/\/storage.googleapis.com\/media-cloud-test-ef\/2025\/07\/ef-talling-wirtschaftsreise-2025-560x420.jpg\" alt=\"Podsumowanie Misji Gospodarczej Europa Forum do Estonii (Tallinn, 10\u201313 lipca 2025)\">\r\n\t\t\t<\/div>\r\n\t\t\t<div class=\"card-content\">\r\n\t\t\t\t<h3>Podsumowanie Misji Gospodarczej Europa Forum do Estonii (Tallinn, 10\u201313 lipca 2025)<\/h3>\r\n\t\t\t\t<p>W dniach 10\u201313 lipca 2025 roku stowarzyszenie Europa Forum zorganizowa\u0142o misj\u0119 gospodarcz\u0105 do Tallinna, stolicy Estonii \u2013 kraju uznawanego za...<\/p>\r\n\t\t\t\t<span class=\"site-name\"><img\r\n\t\t\t\t\t\tsrc=\"https:\/\/europa-forum.org\/wp-content\/uploads\/2016\/04\/cropped-favicon-32x32.png\" alt=\"Site Icon\"\r\n\t\t\t\t\t\tclass=\"site-icon\" \/>EUROPA FORUM<\/span>\r\n\r\n\t\t\t<\/div>\r\n\t\t<\/a>\r\n\t<\/div>\r\n\t<style>\r\n\t\t.post-embed-card {\r\n\t\t\tdisplay: block;\r\n\t\t\tborder: 1px solid #ddd;\r\n\t\t\toverflow: hidden;\r\n\t\t\ttext-decoration: none;\r\n\t\t\tmax-width: 600px;\r\n\t\t\ttransition: transform 0.2s ease;\r\n\t\t\tmargin-bottom: 25px;\r\n\t\t}\r\n\r\n\t\t.post-embed-card:hover {\r\n\t\t\ttransform: translateY(-3px);\r\n\t\t}\r\n\r\n\t\t.card-link {\r\n\t\t\tcolor: inherit;\r\n\t\t}\r\n\r\n\t\t.card-image img {\r\n\t\t\twidth: 100%;\r\n\t\t\theight: auto;\r\n\t\t\tdisplay: block;\r\n\t\t}\r\n\r\n\t\t.card-content {\r\n\t\t\tpadding: 15px;\r\n\t\t\tbackground-color: #ffffff;\r\n\t\t}\r\n\r\n\t\t.card-content h3 {\r\n\t\t\tfont-size: 1.2em;\r\n\t\t\tmargin-bottom: 0.5em;\r\n\t\t}\r\n\r\n\t\t.card-content p {\r\n\t\t\tfont-size: 0.95em;\r\n\t\t\tcolor: #666;\r\n\t\t}\r\n\r\n\t\t.site-name {\r\n\t\t\tdisplay: flex;\r\n\t\t\tcolor: #005496;\r\n\t\t\tmargin-top: 5px;\r\n\t\t\tflex-direction: row;\r\n\t\t\tfont-weight: 600;\r\n\t\t\tline-height: 1.78571428;\r\n\t\t}\r\n\r\n\t\t.site-name:hover {\r\n\t\t\tcolor: #8c8f94;\r\n\t\t}\r\n\t<\/style>\r\n\t\n<p><strong>Galeria zdj\u0119\u0107:<\/strong><\/p>\nngg_shortcode_0_placeholder\n","protected":false},"excerpt":{"rendered":"<p>Podsumowanie: Galeria zdj\u0119\u0107:<\/p>\n","protected":false},"author":34,"featured_media":0,"parent":0,"menu_order":0,"comment_status":"closed","ping_status":"closed","template":"","meta":{"ngg_post_thumbnail":0,"footnotes":""},"class_list":["post-33715","page","type-page","status-publish","hentry"],"yoast_head":"<!-- This site is optimized with the Yoast SEO plugin v27.3 - https:\/\/yoast.com\/product\/yoast-seo-wordpress\/ -->\n<title>2025.07.10 - EUROPA FORUM<\/title>\n<meta name=\"robots\" content=\"index, follow, max-snippet:-1, max-image-preview:large, max-video-preview:-1\" \/>\n<link rel=\"canonical\" href=\"https:\/\/europa-forum.org\/pl\/2025-07-10\/\" \/>\n<meta property=\"og:locale\" content=\"pl_PL\" \/>\n<meta property=\"og:type\" content=\"article\" \/>\n<meta property=\"og:title\" content=\"2025.07.10 - EUROPA FORUM\" \/>\n<meta property=\"og:description\" content=\"Podsumowanie: Galeria zdj\u0119\u0107:\" \/>\n<meta property=\"og:url\" content=\"https:\/\/europa-forum.org\/pl\/2025-07-10\/\" \/>\n<meta property=\"og:site_name\" content=\"EUROPA FORUM\" \/>\n<meta property=\"article:publisher\" content=\"https:\/\/www.facebook.com\/EuropaForum\/\" \/>\n<meta property=\"article:modified_time\" content=\"2025-07-17T08:44:56+00:00\" \/>\n<meta name=\"twitter:card\" content=\"summary_large_image\" \/>\n<meta name=\"twitter:label1\" content=\"Szacowany czas czytania\" \/>\n\t<meta name=\"twitter:data1\" content=\"1 minuta\" \/>\n<script type=\"application\/ld+json\" class=\"yoast-schema-graph\">{\"@context\":\"https:\\\/\\\/schema.org\",\"@graph\":[{\"@type\":\"WebPage\",\"@id\":\"https:\\\/\\\/europa-forum.org\\\/pl\\\/2025-07-10\\\/\",\"url\":\"https:\\\/\\\/europa-forum.org\\\/pl\\\/2025-07-10\\\/\",\"name\":\"2025.07.10 - EUROPA FORUM\",\"isPartOf\":{\"@id\":\"https:\\\/\\\/europa-forum.org\\\/#website\"},\"datePublished\":\"2025-07-17T08:41:52+00:00\",\"dateModified\":\"2025-07-17T08:44:56+00:00\",\"breadcrumb\":{\"@id\":\"https:\\\/\\\/europa-forum.org\\\/pl\\\/2025-07-10\\\/#breadcrumb\"},\"inLanguage\":\"pl-PL\",\"potentialAction\":[{\"@type\":\"ReadAction\",\"target\":[\"https:\\\/\\\/europa-forum.org\\\/pl\\\/2025-07-10\\\/\"]}]},{\"@type\":\"BreadcrumbList\",\"@id\":\"https:\\\/\\\/europa-forum.org\\\/pl\\\/2025-07-10\\\/#breadcrumb\",\"itemListElement\":[{\"@type\":\"ListItem\",\"position\":1,\"name\":\"Home\",\"item\":\"https:\\\/\\\/europa-forum.org\\\/pl\\\/\"},{\"@type\":\"ListItem\",\"position\":2,\"name\":\"2025.07.10\"}]},{\"@type\":\"WebSite\",\"@id\":\"https:\\\/\\\/europa-forum.org\\\/#website\",\"url\":\"https:\\\/\\\/europa-forum.org\\\/\",\"name\":\"EUROPA FORUM\",\"description\":\"Polsko-Niemieckie Ko\u0142o Gospodarcze we Wroc\u0142awiu\",\"publisher\":{\"@id\":\"https:\\\/\\\/europa-forum.org\\\/#organization\"},\"potentialAction\":[{\"@type\":\"SearchAction\",\"target\":{\"@type\":\"EntryPoint\",\"urlTemplate\":\"https:\\\/\\\/europa-forum.org\\\/?s={search_term_string}\"},\"query-input\":{\"@type\":\"PropertyValueSpecification\",\"valueRequired\":true,\"valueName\":\"search_term_string\"}}],\"inLanguage\":\"pl-PL\"},{\"@type\":\"Organization\",\"@id\":\"https:\\\/\\\/europa-forum.org\\\/#organization\",\"name\":\"EUROPA FORUM\",\"url\":\"https:\\\/\\\/europa-forum.org\\\/\",\"logo\":{\"@type\":\"ImageObject\",\"inLanguage\":\"pl-PL\",\"@id\":\"https:\\\/\\\/europa-forum.org\\\/#\\\/schema\\\/logo\\\/image\\\/\",\"url\":\"https:\\\/\\\/storage.googleapis.com\\\/media-cloud-test-ef\\\/2024\\\/12\\\/logo-square.png\",\"contentUrl\":\"https:\\\/\\\/storage.googleapis.com\\\/media-cloud-test-ef\\\/2024\\\/12\\\/logo-square.png\",\"width\":240,\"height\":240,\"caption\":\"EUROPA FORUM\"},\"image\":{\"@id\":\"https:\\\/\\\/europa-forum.org\\\/#\\\/schema\\\/logo\\\/image\\\/\"},\"sameAs\":[\"https:\\\/\\\/www.facebook.com\\\/EuropaForum\\\/\",\"https:\\\/\\\/www.linkedin.com\\\/company\\\/europa-forum\"]}]}<\/script>\n<!-- \/ Yoast SEO plugin. -->","yoast_head_json":{"title":"2025.07.10 - EUROPA FORUM","robots":{"index":"index","follow":"follow","max-snippet":"max-snippet:-1","max-image-preview":"max-image-preview:large","max-video-preview":"max-video-preview:-1"},"canonical":"https:\/\/europa-forum.org\/pl\/2025-07-10\/","og_locale":"pl_PL","og_type":"article","og_title":"2025.07.10 - EUROPA FORUM","og_description":"Podsumowanie: Galeria zdj\u0119\u0107:","og_url":"https:\/\/europa-forum.org\/pl\/2025-07-10\/","og_site_name":"EUROPA FORUM","article_publisher":"https:\/\/www.facebook.com\/EuropaForum\/","article_modified_time":"2025-07-17T08:44:56+00:00","twitter_card":"summary_large_image","twitter_misc":{"Szacowany czas czytania":"1 minuta"},"schema":{"@context":"https:\/\/schema.org","@graph":[{"@type":"WebPage","@id":"https:\/\/europa-forum.org\/pl\/2025-07-10\/","url":"https:\/\/europa-forum.org\/pl\/2025-07-10\/","name":"2025.07.10 - EUROPA FORUM","isPartOf":{"@id":"https:\/\/europa-forum.org\/#website"},"datePublished":"2025-07-17T08:41:52+00:00","dateModified":"2025-07-17T08:44:56+00:00","breadcrumb":{"@id":"https:\/\/europa-forum.org\/pl\/2025-07-10\/#breadcrumb"},"inLanguage":"pl-PL","potentialAction":[{"@type":"ReadAction","target":["https:\/\/europa-forum.org\/pl\/2025-07-10\/"]}]},{"@type":"BreadcrumbList","@id":"https:\/\/europa-forum.org\/pl\/2025-07-10\/#breadcrumb","itemListElement":[{"@type":"ListItem","position":1,"name":"Home","item":"https:\/\/europa-forum.org\/pl\/"},{"@type":"ListItem","position":2,"name":"2025.07.10"}]},{"@type":"WebSite","@id":"https:\/\/europa-forum.org\/#website","url":"https:\/\/europa-forum.org\/","name":"EUROPA FORUM","description":"Polsko-Niemieckie Ko\u0142o Gospodarcze we Wroc\u0142awiu","publisher":{"@id":"https:\/\/europa-forum.org\/#organization"},"potentialAction":[{"@type":"SearchAction","target":{"@type":"EntryPoint","urlTemplate":"https:\/\/europa-forum.org\/?s={search_term_string}"},"query-input":{"@type":"PropertyValueSpecification","valueRequired":true,"valueName":"search_term_string"}}],"inLanguage":"pl-PL"},{"@type":"Organization","@id":"https:\/\/europa-forum.org\/#organization","name":"EUROPA FORUM","url":"https:\/\/europa-forum.org\/","logo":{"@type":"ImageObject","inLanguage":"pl-PL","@id":"https:\/\/europa-forum.org\/#\/schema\/logo\/image\/","url":"https:\/\/storage.googleapis.com\/media-cloud-test-ef\/2024\/12\/logo-square.png","contentUrl":"https:\/\/storage.googleapis.com\/media-cloud-test-ef\/2024\/12\/logo-square.png","width":240,"height":240,"caption":"EUROPA FORUM"},"image":{"@id":"https:\/\/europa-forum.org\/#\/schema\/logo\/image\/"},"sameAs":["https:\/\/www.facebook.com\/EuropaForum\/","https:\/\/www.linkedin.com\/company\/europa-forum"]}]}},"_links":{"self":[{"href":"https:\/\/europa-forum.org\/pl\/wp-json\/wp\/v2\/pages\/33715","targetHints":{"allow":["GET"]}}],"collection":[{"href":"https:\/\/europa-forum.org\/pl\/wp-json\/wp\/v2\/pages"}],"about":[{"href":"https:\/\/europa-forum.org\/pl\/wp-json\/wp\/v2\/types\/page"}],"author":[{"embeddable":true,"href":"https:\/\/europa-forum.org\/pl\/wp-json\/wp\/v2\/users\/34"}],"replies":[{"embeddable":true,"href":"https:\/\/europa-forum.org\/pl\/wp-json\/wp\/v2\/comments?post=33715"}],"version-history":[{"count":4,"href":"https:\/\/europa-forum.org\/pl\/wp-json\/wp\/v2\/pages\/33715\/revisions"}],"predecessor-version":[{"id":33719,"href":"https:\/\/europa-forum.org\/pl\/wp-json\/wp\/v2\/pages\/33715\/revisions\/33719"}],"wp:attachment":[{"href":"https:\/\/europa-forum.org\/pl\/wp-json\/wp\/v2\/media?parent=33715"}],"curies":[{"name":"wp","href":"https:\/\/api.w.org\/{rel}","templated":true}]}}