{"id":26298,"date":"2022-07-28T10:06:38","date_gmt":"2022-07-28T10:06:38","guid":{"rendered":"https:\/\/europa-forum.org\/?page_id=26298"},"modified":"2023-11-24T14:03:28","modified_gmt":"2023-11-24T13:03:28","slug":"pakiety-sponsorskie","status":"publish","type":"page","link":"https:\/\/europa-forum.org\/pl\/pakiety-sponsorskie\/","title":{"rendered":"Pakiety sponsorskie"},"content":{"rendered":"<p>Dzi\u0119ki pakietom sponsorskim mo\u017cecie Pa\u0144stwo skorzysta\u0107 z naszego wydarzenia jako platformy dla swoich dzia\u0142a\u0144 marketingowych w wybranym zakresie. Je\u015bli chcieliby Pa\u0144stwo zosta\u0107 partnerem wspieraj\u0105cym nasze wydarzenia, prosimy o zapoznanie si\u0119 z ofert\u0105 sponsorsk\u0105 tutaj.<\/p>\n<p><a href=\"\/?page_id=26286\"><img loading=\"lazy\" decoding=\"async\" src=\"https:\/\/storage.googleapis.com\/media-cloud-test-ef\/2022\/07\/pl\/UaLRTNaH-cover-odra-sponsorpaket.jpg\" alt=\"\" width=\"763\" height=\"399\" class=\"aligncenter size-full wp-image-26349\" \/><\/a><\/p>\n","protected":false},"excerpt":{"rendered":"<p>Dzi\u0119ki pakietom sponsorskim mo\u017cecie Pa\u0144stwo skorzysta\u0107 z naszego wydarzenia jako platformy dla swoich dzia\u0142a\u0144 marketingowych w wybranym zakresie. Je\u015bli chcieliby Pa\u0144stwo zosta\u0107 partnerem wspieraj\u0105cym nasze wydarzenia, prosimy o zapoznanie si\u0119 &#8230; <a class=\"read-more\" href=\"https:\/\/europa-forum.org\/pl\/pakiety-sponsorskie\/\">Czytaj wi\u0119cej<\/a><\/p>\n","protected":false},"author":34,"featured_media":0,"parent":0,"menu_order":0,"comment_status":"closed","ping_status":"closed","template":"europa-forum-sponsor-pakete.php","meta":{"ngg_post_thumbnail":0,"footnotes":""},"class_list":["post-26298","page","type-page","status-publish","hentry"],"yoast_head":"<!-- This site is optimized with the Yoast SEO plugin v27.3 - https:\/\/yoast.com\/product\/yoast-seo-wordpress\/ -->\n<title>Pakiety sponsorskie - EUROPA FORUM<\/title>\n<meta name=\"robots\" content=\"index, follow, max-snippet:-1, max-image-preview:large, max-video-preview:-1\" \/>\n<link rel=\"canonical\" href=\"https:\/\/europa-forum.org\/pl\/pakiety-sponsorskie\/\" \/>\n<meta property=\"og:locale\" content=\"pl_PL\" \/>\n<meta property=\"og:type\" content=\"article\" \/>\n<meta property=\"og:title\" content=\"Pakiety sponsorskie - EUROPA FORUM\" \/>\n<meta property=\"og:description\" content=\"Dzi\u0119ki pakietom sponsorskim mo\u017cecie Pa\u0144stwo skorzysta\u0107 z naszego wydarzenia jako platformy dla swoich dzia\u0142a\u0144 marketingowych w wybranym zakresie. Je\u015bli chcieliby Pa\u0144stwo zosta\u0107 partnerem wspieraj\u0105cym nasze wydarzenia, prosimy o zapoznanie si\u0119 ... Czytaj wi\u0119cej\" \/>\n<meta property=\"og:url\" content=\"https:\/\/europa-forum.org\/pl\/pakiety-sponsorskie\/\" \/>\n<meta property=\"og:site_name\" content=\"EUROPA FORUM\" \/>\n<meta property=\"article:publisher\" content=\"https:\/\/www.facebook.com\/EuropaForum\/\" \/>\n<meta property=\"article:modified_time\" content=\"2023-11-24T13:03:28+00:00\" \/>\n<meta property=\"og:image\" content=\"https:\/\/storage.googleapis.com\/media-cloud-test-ef\/2022\/07\/pl\/UaLRTNaH-cover-odra-sponsorpaket.jpg\" \/>\n<meta name=\"twitter:card\" content=\"summary_large_image\" \/>\n<script type=\"application\/ld+json\" class=\"yoast-schema-graph\">{\"@context\":\"https:\\\/\\\/schema.org\",\"@graph\":[{\"@type\":\"WebPage\",\"@id\":\"https:\\\/\\\/europa-forum.org\\\/pl\\\/pakiety-sponsorskie\\\/\",\"url\":\"https:\\\/\\\/europa-forum.org\\\/pl\\\/pakiety-sponsorskie\\\/\",\"name\":\"Pakiety sponsorskie - EUROPA FORUM\",\"isPartOf\":{\"@id\":\"https:\\\/\\\/europa-forum.org\\\/#website\"},\"primaryImageOfPage\":{\"@id\":\"https:\\\/\\\/europa-forum.org\\\/pl\\\/pakiety-sponsorskie\\\/#primaryimage\"},\"image\":{\"@id\":\"https:\\\/\\\/europa-forum.org\\\/pl\\\/pakiety-sponsorskie\\\/#primaryimage\"},\"thumbnailUrl\":\"https:\\\/\\\/storage.googleapis.com\\\/media-cloud-test-ef\\\/2022\\\/07\\\/pl\\\/UaLRTNaH-cover-odra-sponsorpaket.jpg\",\"datePublished\":\"2022-07-28T10:06:38+00:00\",\"dateModified\":\"2023-11-24T13:03:28+00:00\",\"breadcrumb\":{\"@id\":\"https:\\\/\\\/europa-forum.org\\\/pl\\\/pakiety-sponsorskie\\\/#breadcrumb\"},\"inLanguage\":\"pl-PL\",\"potentialAction\":[{\"@type\":\"ReadAction\",\"target\":[\"https:\\\/\\\/europa-forum.org\\\/pl\\\/pakiety-sponsorskie\\\/\"]}]},{\"@type\":\"ImageObject\",\"inLanguage\":\"pl-PL\",\"@id\":\"https:\\\/\\\/europa-forum.org\\\/pl\\\/pakiety-sponsorskie\\\/#primaryimage\",\"url\":\"https:\\\/\\\/storage.googleapis.com\\\/media-cloud-test-ef\\\/2022\\\/07\\\/pl\\\/UaLRTNaH-cover-odra-sponsorpaket.jpg\",\"contentUrl\":\"https:\\\/\\\/storage.googleapis.com\\\/media-cloud-test-ef\\\/2022\\\/07\\\/pl\\\/UaLRTNaH-cover-odra-sponsorpaket.jpg\"},{\"@type\":\"BreadcrumbList\",\"@id\":\"https:\\\/\\\/europa-forum.org\\\/pl\\\/pakiety-sponsorskie\\\/#breadcrumb\",\"itemListElement\":[{\"@type\":\"ListItem\",\"position\":1,\"name\":\"Home\",\"item\":\"https:\\\/\\\/europa-forum.org\\\/pl\\\/\"},{\"@type\":\"ListItem\",\"position\":2,\"name\":\"Pakiety sponsorskie\"}]},{\"@type\":\"WebSite\",\"@id\":\"https:\\\/\\\/europa-forum.org\\\/#website\",\"url\":\"https:\\\/\\\/europa-forum.org\\\/\",\"name\":\"EUROPA FORUM\",\"description\":\"Polsko-Niemieckie Ko\u0142o Gospodarcze we Wroc\u0142awiu\",\"publisher\":{\"@id\":\"https:\\\/\\\/europa-forum.org\\\/#organization\"},\"potentialAction\":[{\"@type\":\"SearchAction\",\"target\":{\"@type\":\"EntryPoint\",\"urlTemplate\":\"https:\\\/\\\/europa-forum.org\\\/?s={search_term_string}\"},\"query-input\":{\"@type\":\"PropertyValueSpecification\",\"valueRequired\":true,\"valueName\":\"search_term_string\"}}],\"inLanguage\":\"pl-PL\"},{\"@type\":\"Organization\",\"@id\":\"https:\\\/\\\/europa-forum.org\\\/#organization\",\"name\":\"EUROPA FORUM\",\"url\":\"https:\\\/\\\/europa-forum.org\\\/\",\"logo\":{\"@type\":\"ImageObject\",\"inLanguage\":\"pl-PL\",\"@id\":\"https:\\\/\\\/europa-forum.org\\\/#\\\/schema\\\/logo\\\/image\\\/\",\"url\":\"https:\\\/\\\/storage.googleapis.com\\\/media-cloud-test-ef\\\/2024\\\/12\\\/logo-square.png\",\"contentUrl\":\"https:\\\/\\\/storage.googleapis.com\\\/media-cloud-test-ef\\\/2024\\\/12\\\/logo-square.png\",\"width\":240,\"height\":240,\"caption\":\"EUROPA FORUM\"},\"image\":{\"@id\":\"https:\\\/\\\/europa-forum.org\\\/#\\\/schema\\\/logo\\\/image\\\/\"},\"sameAs\":[\"https:\\\/\\\/www.facebook.com\\\/EuropaForum\\\/\",\"https:\\\/\\\/www.linkedin.com\\\/company\\\/europa-forum\"]}]}<\/script>\n<!-- \/ Yoast SEO plugin. -->","yoast_head_json":{"title":"Pakiety sponsorskie - EUROPA FORUM","robots":{"index":"index","follow":"follow","max-snippet":"max-snippet:-1","max-image-preview":"max-image-preview:large","max-video-preview":"max-video-preview:-1"},"canonical":"https:\/\/europa-forum.org\/pl\/pakiety-sponsorskie\/","og_locale":"pl_PL","og_type":"article","og_title":"Pakiety sponsorskie - EUROPA FORUM","og_description":"Dzi\u0119ki pakietom sponsorskim mo\u017cecie Pa\u0144stwo skorzysta\u0107 z naszego wydarzenia jako platformy dla swoich dzia\u0142a\u0144 marketingowych w wybranym zakresie. Je\u015bli chcieliby Pa\u0144stwo zosta\u0107 partnerem wspieraj\u0105cym nasze wydarzenia, prosimy o zapoznanie si\u0119 ... Czytaj wi\u0119cej","og_url":"https:\/\/europa-forum.org\/pl\/pakiety-sponsorskie\/","og_site_name":"EUROPA FORUM","article_publisher":"https:\/\/www.facebook.com\/EuropaForum\/","article_modified_time":"2023-11-24T13:03:28+00:00","og_image":[{"url":"https:\/\/storage.googleapis.com\/media-cloud-test-ef\/2022\/07\/pl\/UaLRTNaH-cover-odra-sponsorpaket.jpg","type":"","width":"","height":""}],"twitter_card":"summary_large_image","schema":{"@context":"https:\/\/schema.org","@graph":[{"@type":"WebPage","@id":"https:\/\/europa-forum.org\/pl\/pakiety-sponsorskie\/","url":"https:\/\/europa-forum.org\/pl\/pakiety-sponsorskie\/","name":"Pakiety sponsorskie - EUROPA FORUM","isPartOf":{"@id":"https:\/\/europa-forum.org\/#website"},"primaryImageOfPage":{"@id":"https:\/\/europa-forum.org\/pl\/pakiety-sponsorskie\/#primaryimage"},"image":{"@id":"https:\/\/europa-forum.org\/pl\/pakiety-sponsorskie\/#primaryimage"},"thumbnailUrl":"https:\/\/storage.googleapis.com\/media-cloud-test-ef\/2022\/07\/pl\/UaLRTNaH-cover-odra-sponsorpaket.jpg","datePublished":"2022-07-28T10:06:38+00:00","dateModified":"2023-11-24T13:03:28+00:00","breadcrumb":{"@id":"https:\/\/europa-forum.org\/pl\/pakiety-sponsorskie\/#breadcrumb"},"inLanguage":"pl-PL","potentialAction":[{"@type":"ReadAction","target":["https:\/\/europa-forum.org\/pl\/pakiety-sponsorskie\/"]}]},{"@type":"ImageObject","inLanguage":"pl-PL","@id":"https:\/\/europa-forum.org\/pl\/pakiety-sponsorskie\/#primaryimage","url":"https:\/\/storage.googleapis.com\/media-cloud-test-ef\/2022\/07\/pl\/UaLRTNaH-cover-odra-sponsorpaket.jpg","contentUrl":"https:\/\/storage.googleapis.com\/media-cloud-test-ef\/2022\/07\/pl\/UaLRTNaH-cover-odra-sponsorpaket.jpg"},{"@type":"BreadcrumbList","@id":"https:\/\/europa-forum.org\/pl\/pakiety-sponsorskie\/#breadcrumb","itemListElement":[{"@type":"ListItem","position":1,"name":"Home","item":"https:\/\/europa-forum.org\/pl\/"},{"@type":"ListItem","position":2,"name":"Pakiety sponsorskie"}]},{"@type":"WebSite","@id":"https:\/\/europa-forum.org\/#website","url":"https:\/\/europa-forum.org\/","name":"EUROPA FORUM","description":"Polsko-Niemieckie Ko\u0142o Gospodarcze we Wroc\u0142awiu","publisher":{"@id":"https:\/\/europa-forum.org\/#organization"},"potentialAction":[{"@type":"SearchAction","target":{"@type":"EntryPoint","urlTemplate":"https:\/\/europa-forum.org\/?s={search_term_string}"},"query-input":{"@type":"PropertyValueSpecification","valueRequired":true,"valueName":"search_term_string"}}],"inLanguage":"pl-PL"},{"@type":"Organization","@id":"https:\/\/europa-forum.org\/#organization","name":"EUROPA FORUM","url":"https:\/\/europa-forum.org\/","logo":{"@type":"ImageObject","inLanguage":"pl-PL","@id":"https:\/\/europa-forum.org\/#\/schema\/logo\/image\/","url":"https:\/\/storage.googleapis.com\/media-cloud-test-ef\/2024\/12\/logo-square.png","contentUrl":"https:\/\/storage.googleapis.com\/media-cloud-test-ef\/2024\/12\/logo-square.png","width":240,"height":240,"caption":"EUROPA FORUM"},"image":{"@id":"https:\/\/europa-forum.org\/#\/schema\/logo\/image\/"},"sameAs":["https:\/\/www.facebook.com\/EuropaForum\/","https:\/\/www.linkedin.com\/company\/europa-forum"]}]}},"_links":{"self":[{"href":"https:\/\/europa-forum.org\/pl\/wp-json\/wp\/v2\/pages\/26298","targetHints":{"allow":["GET"]}}],"collection":[{"href":"https:\/\/europa-forum.org\/pl\/wp-json\/wp\/v2\/pages"}],"about":[{"href":"https:\/\/europa-forum.org\/pl\/wp-json\/wp\/v2\/types\/page"}],"author":[{"embeddable":true,"href":"https:\/\/europa-forum.org\/pl\/wp-json\/wp\/v2\/users\/34"}],"replies":[{"embeddable":true,"href":"https:\/\/europa-forum.org\/pl\/wp-json\/wp\/v2\/comments?post=26298"}],"version-history":[{"count":6,"href":"https:\/\/europa-forum.org\/pl\/wp-json\/wp\/v2\/pages\/26298\/revisions"}],"predecessor-version":[{"id":26363,"href":"https:\/\/europa-forum.org\/pl\/wp-json\/wp\/v2\/pages\/26298\/revisions\/26363"}],"wp:attachment":[{"href":"https:\/\/europa-forum.org\/pl\/wp-json\/wp\/v2\/media?parent=26298"}],"curies":[{"name":"wp","href":"https:\/\/api.w.org\/{rel}","templated":true}]}}