{"id":26168,"date":"2022-06-20T12:22:48","date_gmt":"2022-06-20T12:22:48","guid":{"rendered":"https:\/\/europa-forum.org\/?page_id=26168"},"modified":"2022-06-20T15:24:43","modified_gmt":"2022-06-20T15:24:43","slug":"2022-05-26","status":"publish","type":"page","link":"https:\/\/europa-forum.org\/pl\/wydarzenia\/galeria-zdjec\/miesieczne-spotkania\/2022-05-26\/","title":{"rendered":"2022.05.26"},"content":{"rendered":"<p><strong>Podsumowanie:<\/strong><\/p>\n<blockquote class=\"wp-embedded-content\" data-secret=\"HqLDv8oZeP\"><p><a href=\"https:\/\/europa-forum.org\/pl\/2022\/06\/majowe-spotkanie-miesieczne-europa-forum-juz-za-nami\/\">Majowe spotkanie miesi\u0119czne Europa Forum ju\u017c za nami<\/a><\/p><\/blockquote>\n<p><iframe loading=\"lazy\" class=\"wp-embedded-content\" sandbox=\"allow-scripts\" security=\"restricted\" style=\"position: absolute; clip: rect(1px, 1px, 1px, 1px);\" title=\"&#8220;Majowe spotkanie miesi\u0119czne Europa Forum ju\u017c za nami&#8221; &#8212; EUROPA FORUM\" src=\"https:\/\/europa-forum.org\/pl\/2022\/06\/majowe-spotkanie-miesieczne-europa-forum-juz-za-nami\/embed\/#?secret=HqLDv8oZeP\" data-secret=\"HqLDv8oZeP\" width=\"600\" height=\"338\" frameborder=\"0\" marginwidth=\"0\" marginheight=\"0\" scrolling=\"no\"><\/iframe><\/p>\n<p><strong>Galeria zdj\u0119c:<\/strong><\/p>\nngg_shortcode_0_placeholder\n","protected":false},"excerpt":{"rendered":"<p>Podsumowanie: Majowe spotkanie miesi\u0119czne Europa Forum ju\u017c za nami Galeria zdj\u0119c:<\/p>\n","protected":false},"author":34,"featured_media":0,"parent":5126,"menu_order":0,"comment_status":"closed","ping_status":"closed","template":"europa-forum-fotos-monatstreffen.php","meta":{"ngg_post_thumbnail":0,"footnotes":""},"class_list":["post-26168","page","type-page","status-publish","hentry"],"yoast_head":"<!-- This site is optimized with the Yoast SEO plugin v27.3 - https:\/\/yoast.com\/product\/yoast-seo-wordpress\/ -->\n<title>2022.05.26 - EUROPA FORUM<\/title>\n<meta name=\"robots\" content=\"index, follow, max-snippet:-1, max-image-preview:large, max-video-preview:-1\" \/>\n<link rel=\"canonical\" href=\"https:\/\/europa-forum.org\/pl\/wydarzenia\/galeria-zdjec\/miesieczne-spotkania\/2022-05-26\/\" \/>\n<meta property=\"og:locale\" content=\"pl_PL\" \/>\n<meta property=\"og:type\" content=\"article\" \/>\n<meta property=\"og:title\" content=\"2022.05.26 - EUROPA FORUM\" \/>\n<meta property=\"og:description\" content=\"Podsumowanie: Majowe spotkanie miesi\u0119czne Europa Forum ju\u017c za nami Galeria zdj\u0119c:\" \/>\n<meta property=\"og:url\" content=\"https:\/\/europa-forum.org\/pl\/wydarzenia\/galeria-zdjec\/miesieczne-spotkania\/2022-05-26\/\" \/>\n<meta property=\"og:site_name\" content=\"EUROPA FORUM\" \/>\n<meta property=\"article:publisher\" content=\"https:\/\/www.facebook.com\/EuropaForum\/\" \/>\n<meta property=\"article:modified_time\" content=\"2022-06-20T15:24:43+00:00\" \/>\n<meta name=\"twitter:card\" content=\"summary_large_image\" \/>\n<script type=\"application\/ld+json\" class=\"yoast-schema-graph\">{\"@context\":\"https:\\\/\\\/schema.org\",\"@graph\":[{\"@type\":\"WebPage\",\"@id\":\"https:\\\/\\\/europa-forum.org\\\/pl\\\/wydarzenia\\\/galeria-zdjec\\\/miesieczne-spotkania\\\/2022-05-26\\\/\",\"url\":\"https:\\\/\\\/europa-forum.org\\\/pl\\\/wydarzenia\\\/galeria-zdjec\\\/miesieczne-spotkania\\\/2022-05-26\\\/\",\"name\":\"2022.05.26 - EUROPA FORUM\",\"isPartOf\":{\"@id\":\"https:\\\/\\\/europa-forum.org\\\/#website\"},\"datePublished\":\"2022-06-20T12:22:48+00:00\",\"dateModified\":\"2022-06-20T15:24:43+00:00\",\"breadcrumb\":{\"@id\":\"https:\\\/\\\/europa-forum.org\\\/pl\\\/wydarzenia\\\/galeria-zdjec\\\/miesieczne-spotkania\\\/2022-05-26\\\/#breadcrumb\"},\"inLanguage\":\"pl-PL\",\"potentialAction\":[{\"@type\":\"ReadAction\",\"target\":[\"https:\\\/\\\/europa-forum.org\\\/pl\\\/wydarzenia\\\/galeria-zdjec\\\/miesieczne-spotkania\\\/2022-05-26\\\/\"]}]},{\"@type\":\"BreadcrumbList\",\"@id\":\"https:\\\/\\\/europa-forum.org\\\/pl\\\/wydarzenia\\\/galeria-zdjec\\\/miesieczne-spotkania\\\/2022-05-26\\\/#breadcrumb\",\"itemListElement\":[{\"@type\":\"ListItem\",\"position\":1,\"name\":\"Home\",\"item\":\"https:\\\/\\\/europa-forum.org\\\/pl\\\/\"},{\"@type\":\"ListItem\",\"position\":2,\"name\":\"Wydarzenia\",\"item\":\"https:\\\/\\\/europa-forum.org\\\/pl\\\/wydarzenia\\\/\"},{\"@type\":\"ListItem\",\"position\":3,\"name\":\"Galeria zdj\u0119\u0107\",\"item\":\"https:\\\/\\\/europa-forum.org\\\/pl\\\/wydarzenia\\\/galeria-zdjec\\\/\"},{\"@type\":\"ListItem\",\"position\":4,\"name\":\"Miesi\u0119czne spotkania\",\"item\":\"https:\\\/\\\/europa-forum.org\\\/pl\\\/wydarzenia\\\/galeria-zdjec\\\/miesieczne-spotkania\\\/\"},{\"@type\":\"ListItem\",\"position\":5,\"name\":\"2022.05.26\"}]},{\"@type\":\"WebSite\",\"@id\":\"https:\\\/\\\/europa-forum.org\\\/#website\",\"url\":\"https:\\\/\\\/europa-forum.org\\\/\",\"name\":\"EUROPA FORUM\",\"description\":\"Polsko-Niemieckie Ko\u0142o Gospodarcze we Wroc\u0142awiu\",\"publisher\":{\"@id\":\"https:\\\/\\\/europa-forum.org\\\/#organization\"},\"potentialAction\":[{\"@type\":\"SearchAction\",\"target\":{\"@type\":\"EntryPoint\",\"urlTemplate\":\"https:\\\/\\\/europa-forum.org\\\/?s={search_term_string}\"},\"query-input\":{\"@type\":\"PropertyValueSpecification\",\"valueRequired\":true,\"valueName\":\"search_term_string\"}}],\"inLanguage\":\"pl-PL\"},{\"@type\":\"Organization\",\"@id\":\"https:\\\/\\\/europa-forum.org\\\/#organization\",\"name\":\"EUROPA FORUM\",\"url\":\"https:\\\/\\\/europa-forum.org\\\/\",\"logo\":{\"@type\":\"ImageObject\",\"inLanguage\":\"pl-PL\",\"@id\":\"https:\\\/\\\/europa-forum.org\\\/#\\\/schema\\\/logo\\\/image\\\/\",\"url\":\"https:\\\/\\\/storage.googleapis.com\\\/media-cloud-test-ef\\\/2024\\\/12\\\/logo-square.png\",\"contentUrl\":\"https:\\\/\\\/storage.googleapis.com\\\/media-cloud-test-ef\\\/2024\\\/12\\\/logo-square.png\",\"width\":240,\"height\":240,\"caption\":\"EUROPA FORUM\"},\"image\":{\"@id\":\"https:\\\/\\\/europa-forum.org\\\/#\\\/schema\\\/logo\\\/image\\\/\"},\"sameAs\":[\"https:\\\/\\\/www.facebook.com\\\/EuropaForum\\\/\",\"https:\\\/\\\/www.linkedin.com\\\/company\\\/europa-forum\"]}]}<\/script>\n<!-- \/ Yoast SEO plugin. -->","yoast_head_json":{"title":"2022.05.26 - EUROPA FORUM","robots":{"index":"index","follow":"follow","max-snippet":"max-snippet:-1","max-image-preview":"max-image-preview:large","max-video-preview":"max-video-preview:-1"},"canonical":"https:\/\/europa-forum.org\/pl\/wydarzenia\/galeria-zdjec\/miesieczne-spotkania\/2022-05-26\/","og_locale":"pl_PL","og_type":"article","og_title":"2022.05.26 - EUROPA FORUM","og_description":"Podsumowanie: Majowe spotkanie miesi\u0119czne Europa Forum ju\u017c za nami Galeria zdj\u0119c:","og_url":"https:\/\/europa-forum.org\/pl\/wydarzenia\/galeria-zdjec\/miesieczne-spotkania\/2022-05-26\/","og_site_name":"EUROPA FORUM","article_publisher":"https:\/\/www.facebook.com\/EuropaForum\/","article_modified_time":"2022-06-20T15:24:43+00:00","twitter_card":"summary_large_image","schema":{"@context":"https:\/\/schema.org","@graph":[{"@type":"WebPage","@id":"https:\/\/europa-forum.org\/pl\/wydarzenia\/galeria-zdjec\/miesieczne-spotkania\/2022-05-26\/","url":"https:\/\/europa-forum.org\/pl\/wydarzenia\/galeria-zdjec\/miesieczne-spotkania\/2022-05-26\/","name":"2022.05.26 - EUROPA FORUM","isPartOf":{"@id":"https:\/\/europa-forum.org\/#website"},"datePublished":"2022-06-20T12:22:48+00:00","dateModified":"2022-06-20T15:24:43+00:00","breadcrumb":{"@id":"https:\/\/europa-forum.org\/pl\/wydarzenia\/galeria-zdjec\/miesieczne-spotkania\/2022-05-26\/#breadcrumb"},"inLanguage":"pl-PL","potentialAction":[{"@type":"ReadAction","target":["https:\/\/europa-forum.org\/pl\/wydarzenia\/galeria-zdjec\/miesieczne-spotkania\/2022-05-26\/"]}]},{"@type":"BreadcrumbList","@id":"https:\/\/europa-forum.org\/pl\/wydarzenia\/galeria-zdjec\/miesieczne-spotkania\/2022-05-26\/#breadcrumb","itemListElement":[{"@type":"ListItem","position":1,"name":"Home","item":"https:\/\/europa-forum.org\/pl\/"},{"@type":"ListItem","position":2,"name":"Wydarzenia","item":"https:\/\/europa-forum.org\/pl\/wydarzenia\/"},{"@type":"ListItem","position":3,"name":"Galeria zdj\u0119\u0107","item":"https:\/\/europa-forum.org\/pl\/wydarzenia\/galeria-zdjec\/"},{"@type":"ListItem","position":4,"name":"Miesi\u0119czne spotkania","item":"https:\/\/europa-forum.org\/pl\/wydarzenia\/galeria-zdjec\/miesieczne-spotkania\/"},{"@type":"ListItem","position":5,"name":"2022.05.26"}]},{"@type":"WebSite","@id":"https:\/\/europa-forum.org\/#website","url":"https:\/\/europa-forum.org\/","name":"EUROPA FORUM","description":"Polsko-Niemieckie Ko\u0142o Gospodarcze we Wroc\u0142awiu","publisher":{"@id":"https:\/\/europa-forum.org\/#organization"},"potentialAction":[{"@type":"SearchAction","target":{"@type":"EntryPoint","urlTemplate":"https:\/\/europa-forum.org\/?s={search_term_string}"},"query-input":{"@type":"PropertyValueSpecification","valueRequired":true,"valueName":"search_term_string"}}],"inLanguage":"pl-PL"},{"@type":"Organization","@id":"https:\/\/europa-forum.org\/#organization","name":"EUROPA FORUM","url":"https:\/\/europa-forum.org\/","logo":{"@type":"ImageObject","inLanguage":"pl-PL","@id":"https:\/\/europa-forum.org\/#\/schema\/logo\/image\/","url":"https:\/\/storage.googleapis.com\/media-cloud-test-ef\/2024\/12\/logo-square.png","contentUrl":"https:\/\/storage.googleapis.com\/media-cloud-test-ef\/2024\/12\/logo-square.png","width":240,"height":240,"caption":"EUROPA FORUM"},"image":{"@id":"https:\/\/europa-forum.org\/#\/schema\/logo\/image\/"},"sameAs":["https:\/\/www.facebook.com\/EuropaForum\/","https:\/\/www.linkedin.com\/company\/europa-forum"]}]}},"_links":{"self":[{"href":"https:\/\/europa-forum.org\/pl\/wp-json\/wp\/v2\/pages\/26168","targetHints":{"allow":["GET"]}}],"collection":[{"href":"https:\/\/europa-forum.org\/pl\/wp-json\/wp\/v2\/pages"}],"about":[{"href":"https:\/\/europa-forum.org\/pl\/wp-json\/wp\/v2\/types\/page"}],"author":[{"embeddable":true,"href":"https:\/\/europa-forum.org\/pl\/wp-json\/wp\/v2\/users\/34"}],"replies":[{"embeddable":true,"href":"https:\/\/europa-forum.org\/pl\/wp-json\/wp\/v2\/comments?post=26168"}],"version-history":[{"count":2,"href":"https:\/\/europa-forum.org\/pl\/wp-json\/wp\/v2\/pages\/26168\/revisions"}],"predecessor-version":[{"id":26171,"href":"https:\/\/europa-forum.org\/pl\/wp-json\/wp\/v2\/pages\/26168\/revisions\/26171"}],"up":[{"embeddable":true,"href":"https:\/\/europa-forum.org\/pl\/wp-json\/wp\/v2\/pages\/5126"}],"wp:attachment":[{"href":"https:\/\/europa-forum.org\/pl\/wp-json\/wp\/v2\/media?parent=26168"}],"curies":[{"name":"wp","href":"https:\/\/api.w.org\/{rel}","templated":true}]}}