{"id":175,"date":"2016-04-10T16:00:01","date_gmt":"2016-04-10T16:00:01","guid":{"rendered":"http:\/\/localhost\/eforum\/pl\/?page_id=175"},"modified":"2016-10-25T08:35:05","modified_gmt":"2016-10-25T06:35:05","slug":"witamy","status":"publish","type":"page","link":"https:\/\/europa-forum.org\/pl\/","title":{"rendered":"Witamy w EUROPA FORUM!"},"content":{"rendered":"<p>EUROPA FORUM, wywodz\u0105ce si\u0119 z by\u0142ego ko\u0142a gospodarczego Konsulatu Generalnego Niemiec we Wroc\u0142awiu, stanowi sie\u0107 dla firm b\u0119d\u0105cych wi\u0119kszo\u015bciowo polsko-niemieckimi podmiotami gospodarczymi w regionie Dolnego \u015al\u0105ska, kt\u00f3re realizuje obok cel\u00f3w gospodarczych tak\u017ce cele kulturalne. Firmy cz\u0142onkowskie EUROPA FORUM udost\u0119pniaj\u0105 swoje do\u015bwiadczenia tym, kt\u00f3rzy s\u0105 zainteresowani zaanga\u017cowaniem si\u0119 na Dolnym \u015al\u0105sku, i pragn\u0105 towarzyszy\u0107 przedsi\u0119biorstwom z niemieckoj\u0119zycznych pa\u0144stw przy podejmowaniu pierwszych krok\u00f3w w regionu poprzez konkretne i praktyczne wsparcie.<\/p>\n<p>W ramach publicznych wydarze\u0144 odbywaj\u0105cych si\u0119 co miesi\u0105c informujemy o gospodarczym rozwoju regionu, a r\u00f3wnocze\u015bnie umo\u017cliwiami naszym firmom cz\u0142onkowskim okazj\u0119 prezentowania si\u0119 regionalnej publice z sfery ekonomicznej. Za pomoc\u0105 naszego newslettera oraz naszej obecno\u015bci w internecie informujemy na bie\u017c\u0105co o aktualnych spotka\u0144 i pozosta\u0142ych aktywno\u015bciach EUROPA FORUM.<\/p>\n<h2>EUROPA FORUM w skr\u00f3cie:<\/h2>\n<ul>\n<li>aktywna sie\u0107 przedsi\u0119borc\u00f3w,<\/li>\n<li>wymiana do\u015bwiadczenia,<\/li>\n<li>wymiana informacji,<\/li>\n<li>wzajemne wsparcie,<\/li>\n<li>wsp\u00f3\u0142praca z organizacjami gospodarczymi oraz z Konsulatem Generalnym Niemiec we Wroc\u0142awiu,<\/li>\n<li>praktycznie zorientowani,<\/li>\n<li>aktualne forum komunikacyjne.<\/li>\n<\/ul>\n<p>Stawiamy regionalne impulsy tematyczne poprzez nasze wydarzenia bran\u017cowe. Regularne spotkania przedsi\u0119biorc\u00f3w oraz grupy robocze stanowi\u0105 dodatkowe fora do wymiany do\u015biwadcze\u0144 w ma\u0142ym gronie.<\/p>\n<p>Przez \u017cywe, spo\u0142eczne i kulturalne aktywno\u015bci dope\u0142nia si\u0119 dzia\u0142alno\u015b\u0107 EUROPA FORUM, kt\u00f3ra jest organizowana w wsp\u00f3\u0142pracy z Konsulatem Generalnym Niemiec we Wroc\u0142awiu oraz innymi instytucjami regionalnymi.<\/p>\n<p>Serdecznie zapraszamy osoby zainteresowane nasz\u0105 prac\u0105 na nast\u0119pne publiczne wydarzenie. Mo\u017cesz pozna\u0107 EUROPA FORUM najpierw bez zobowi\u0105za\u0144, zanim si\u0119 zdecydujesz na aktywne cz\u0142onkostwo wspieraj\u0105ce.<\/p>\n<p>Z przyjemno\u015bci\u0105 s\u0142u\u017cymy pomoc\u0105 osobist\u0105 rozmow\u0105 informacyjn\u0105.<\/p>\n<h2>Witamy jako nowych cz\u0142onk\u00f3w<\/h2>\n<p>Informacje o naszych cz\u0142onkach firmowych znajdziesz tu: <a href=\"\/?page_id=845\">Cz\u0142onkowie wspieraj\u0105cy<\/a><\/p>\n<h2>Polsko-niemiecki rok jubileuszowy &#8222;25 lat dobrego s\u0105siedztwa&#8221;<\/h2>\n<p><img loading=\"lazy\" decoding=\"async\" src=\"https:\/\/storage.googleapis.com\/media-cloud-test-ef\/2016\/04\/de\/logo_25JahreNachbarschaft-300x141.png\" alt=\"EUROPA FORUM\" width=\"300\" height=\"141\" class=\"alignleft size-medium wp-image-588\" \/><\/p>\n<p>Traktat o dobrym s\u0105siedztwie (formalnie: Traktat mi\u0119dzy Rzeczpospolit\u0105 Polsk\u0105 a Republik\u0105 Federaln\u0105 Niemiec o dobrym s\u0105siedztwie i przyjaznej wsp\u00f3\u0142pracy z 17.06.1991 r. \/ Vertrag zwischen der Bundesrepublik Deutschland und der Republik Polen \u00fcber gute Nachbarschaft und freundschaftliche Zusammenarbeit) zosta\u0142 podpisany 17 czerwca 1991r. w Bonn przez Helmuta Kohla (kanclerza RFN), Hansa-Dietricha Genschera (ministra spraw zagranicznych RFN), Jana Krzysztofa Bieleckiego (premiera Polski) oraz Krzysztofa Skubiszewskiego (ministra spraw zagranicznych Polski).<\/p>\n<p>O znaczeniu Traktatu o dobrym s\u0105siedztwie z 1991r. m\u00f3wi Dietmar Woidke, premier Brandenburgii, jednocze\u015bnie rz\u0105dowy koordynator ds. wsp\u00f3\u0142pracy polsko-niemieckiej (10.08.):<\/p>\n<p>&#8222;Dzi\u0119ki Traktatowi o dobrym s\u0105siedztwie nasze kraje otworzy\u0142y oparty na zaufaniu nowy rozdzia\u0142 wsp\u00f3\u0142pracy. Traktat nie tylko przyspieszy\u0142 proces polsko-niemieckiego pojednania, umo\u017cliwi\u0142 te\u017c zacie\u015bnienie stosunk\u00f3w pomi\u0119dzy rz\u0105dami obu kraj\u00f3w&#8221;.<\/p>\n","protected":false},"excerpt":{"rendered":"<p>EUROPA FORUM, wywodz\u0105ce si\u0119 z by\u0142ego ko\u0142a gospodarczego Konsulatu Generalnego Niemiec we Wroc\u0142awiu, stanowi sie\u0107 dla firm b\u0119d\u0105cych wi\u0119kszo\u015bciowo polsko-niemieckimi podmiotami gospodarczymi w regionie Dolnego \u015al\u0105ska, kt\u00f3re realizuje obok cel\u00f3w &#8230; <a class=\"read-more\" href=\"https:\/\/europa-forum.org\/pl\/\">Czytaj wi\u0119cej<\/a><\/p>\n","protected":false},"author":34,"featured_media":0,"parent":0,"menu_order":0,"comment_status":"closed","ping_status":"closed","template":"europa-forum-homepage.php","meta":{"ngg_post_thumbnail":0,"footnotes":""},"class_list":["post-175","page","type-page","status-publish","hentry"],"yoast_head":"<!-- This site is optimized with the Yoast SEO plugin v27.3 - https:\/\/yoast.com\/product\/yoast-seo-wordpress\/ -->\n<title>EUROPA FORUM - Polsko-Niemieckie Ko\u0142o Gospodarcze we Wroc\u0142awiu<\/title>\n<meta name=\"description\" content=\"Stowarzyszenie EUROPA FORUM wywodzi si\u0119 z dawnego ko\u0142a gospodarczego dzia\u0142aj\u0105cego przy Konsulacie Generalnym Republiki Niemiec we Wroc\u0142awiu.\" \/>\n<meta name=\"robots\" content=\"index, follow, max-snippet:-1, max-image-preview:large, max-video-preview:-1\" \/>\n<link rel=\"canonical\" href=\"https:\/\/europa-forum.org\/pl\/\" \/>\n<meta property=\"og:locale\" content=\"pl_PL\" \/>\n<meta property=\"og:type\" content=\"article\" \/>\n<meta property=\"og:title\" content=\"EUROPA FORUM - Polsko-Niemieckie Ko\u0142o Gospodarcze we Wroc\u0142awiu\" \/>\n<meta property=\"og:description\" content=\"Stowarzyszenie EUROPA FORUM wywodzi si\u0119 z dawnego ko\u0142a gospodarczego dzia\u0142aj\u0105cego przy Konsulacie Generalnym Republiki Niemiec we Wroc\u0142awiu.\" \/>\n<meta property=\"og:url\" content=\"https:\/\/europa-forum.org\/pl\/\" \/>\n<meta property=\"og:site_name\" content=\"EUROPA FORUM\" \/>\n<meta property=\"article:publisher\" content=\"https:\/\/www.facebook.com\/EuropaForum\/\" \/>\n<meta property=\"article:modified_time\" content=\"2016-10-25T06:35:05+00:00\" \/>\n<meta property=\"og:image\" content=\"http:\/\/europa-forum.org\/wp-content\/uploads\/2016\/04\/logo_25JahreNachbarschaft-300x141.png\" \/>\n<meta name=\"twitter:card\" content=\"summary_large_image\" \/>\n<meta name=\"twitter:label1\" content=\"Szacowany czas czytania\" \/>\n\t<meta name=\"twitter:data1\" content=\"2 minuty\" \/>\n<script type=\"application\/ld+json\" class=\"yoast-schema-graph\">{\"@context\":\"https:\\\/\\\/schema.org\",\"@graph\":[{\"@type\":\"WebPage\",\"@id\":\"https:\\\/\\\/europa-forum.org\\\/pl\\\/\",\"url\":\"https:\\\/\\\/europa-forum.org\\\/pl\\\/\",\"name\":\"EUROPA FORUM - Polsko-Niemieckie Ko\u0142o Gospodarcze we Wroc\u0142awiu\",\"isPartOf\":{\"@id\":\"https:\\\/\\\/europa-forum.org\\\/#website\"},\"primaryImageOfPage\":{\"@id\":\"https:\\\/\\\/europa-forum.org\\\/pl\\\/#primaryimage\"},\"image\":{\"@id\":\"https:\\\/\\\/europa-forum.org\\\/pl\\\/#primaryimage\"},\"thumbnailUrl\":\"http:\\\/\\\/europa-forum.org\\\/wp-content\\\/uploads\\\/2016\\\/04\\\/logo_25JahreNachbarschaft-300x141.png\",\"datePublished\":\"2016-04-10T16:00:01+00:00\",\"dateModified\":\"2016-10-25T06:35:05+00:00\",\"description\":\"Stowarzyszenie EUROPA FORUM wywodzi si\u0119 z dawnego ko\u0142a gospodarczego dzia\u0142aj\u0105cego przy Konsulacie Generalnym Republiki Niemiec we Wroc\u0142awiu.\",\"breadcrumb\":{\"@id\":\"https:\\\/\\\/europa-forum.org\\\/pl\\\/#breadcrumb\"},\"inLanguage\":\"pl-PL\",\"potentialAction\":[{\"@type\":\"ReadAction\",\"target\":[\"https:\\\/\\\/europa-forum.org\\\/pl\\\/\"]}]},{\"@type\":\"ImageObject\",\"inLanguage\":\"pl-PL\",\"@id\":\"https:\\\/\\\/europa-forum.org\\\/pl\\\/#primaryimage\",\"url\":\"http:\\\/\\\/europa-forum.org\\\/wp-content\\\/uploads\\\/2016\\\/04\\\/logo_25JahreNachbarschaft-300x141.png\",\"contentUrl\":\"http:\\\/\\\/europa-forum.org\\\/wp-content\\\/uploads\\\/2016\\\/04\\\/logo_25JahreNachbarschaft-300x141.png\"},{\"@type\":\"BreadcrumbList\",\"@id\":\"https:\\\/\\\/europa-forum.org\\\/pl\\\/#breadcrumb\",\"itemListElement\":[{\"@type\":\"ListItem\",\"position\":1,\"name\":\"Home\",\"item\":\"https:\\\/\\\/europa-forum.org\\\/pl\\\/\"},{\"@type\":\"ListItem\",\"position\":2,\"name\":\"Witamy w EUROPA FORUM!\"}]},{\"@type\":\"WebSite\",\"@id\":\"https:\\\/\\\/europa-forum.org\\\/#website\",\"url\":\"https:\\\/\\\/europa-forum.org\\\/\",\"name\":\"EUROPA FORUM\",\"description\":\"Polsko-Niemieckie Ko\u0142o Gospodarcze we Wroc\u0142awiu\",\"publisher\":{\"@id\":\"https:\\\/\\\/europa-forum.org\\\/#organization\"},\"potentialAction\":[{\"@type\":\"SearchAction\",\"target\":{\"@type\":\"EntryPoint\",\"urlTemplate\":\"https:\\\/\\\/europa-forum.org\\\/?s={search_term_string}\"},\"query-input\":{\"@type\":\"PropertyValueSpecification\",\"valueRequired\":true,\"valueName\":\"search_term_string\"}}],\"inLanguage\":\"pl-PL\"},{\"@type\":\"Organization\",\"@id\":\"https:\\\/\\\/europa-forum.org\\\/#organization\",\"name\":\"EUROPA FORUM\",\"url\":\"https:\\\/\\\/europa-forum.org\\\/\",\"logo\":{\"@type\":\"ImageObject\",\"inLanguage\":\"pl-PL\",\"@id\":\"https:\\\/\\\/europa-forum.org\\\/#\\\/schema\\\/logo\\\/image\\\/\",\"url\":\"https:\\\/\\\/storage.googleapis.com\\\/media-cloud-test-ef\\\/2024\\\/12\\\/logo-square.png\",\"contentUrl\":\"https:\\\/\\\/storage.googleapis.com\\\/media-cloud-test-ef\\\/2024\\\/12\\\/logo-square.png\",\"width\":240,\"height\":240,\"caption\":\"EUROPA FORUM\"},\"image\":{\"@id\":\"https:\\\/\\\/europa-forum.org\\\/#\\\/schema\\\/logo\\\/image\\\/\"},\"sameAs\":[\"https:\\\/\\\/www.facebook.com\\\/EuropaForum\\\/\",\"https:\\\/\\\/www.linkedin.com\\\/company\\\/europa-forum\"]}]}<\/script>\n<!-- \/ Yoast SEO plugin. -->","yoast_head_json":{"title":"EUROPA FORUM - Polsko-Niemieckie Ko\u0142o Gospodarcze we Wroc\u0142awiu","description":"Stowarzyszenie EUROPA FORUM wywodzi si\u0119 z dawnego ko\u0142a gospodarczego dzia\u0142aj\u0105cego przy Konsulacie Generalnym Republiki Niemiec we Wroc\u0142awiu.","robots":{"index":"index","follow":"follow","max-snippet":"max-snippet:-1","max-image-preview":"max-image-preview:large","max-video-preview":"max-video-preview:-1"},"canonical":"https:\/\/europa-forum.org\/pl\/","og_locale":"pl_PL","og_type":"article","og_title":"EUROPA FORUM - Polsko-Niemieckie Ko\u0142o Gospodarcze we Wroc\u0142awiu","og_description":"Stowarzyszenie EUROPA FORUM wywodzi si\u0119 z dawnego ko\u0142a gospodarczego dzia\u0142aj\u0105cego przy Konsulacie Generalnym Republiki Niemiec we Wroc\u0142awiu.","og_url":"https:\/\/europa-forum.org\/pl\/","og_site_name":"EUROPA FORUM","article_publisher":"https:\/\/www.facebook.com\/EuropaForum\/","article_modified_time":"2016-10-25T06:35:05+00:00","og_image":[{"url":"http:\/\/europa-forum.org\/wp-content\/uploads\/2016\/04\/logo_25JahreNachbarschaft-300x141.png","type":"","width":"","height":""}],"twitter_card":"summary_large_image","twitter_misc":{"Szacowany czas czytania":"2 minuty"},"schema":{"@context":"https:\/\/schema.org","@graph":[{"@type":"WebPage","@id":"https:\/\/europa-forum.org\/pl\/","url":"https:\/\/europa-forum.org\/pl\/","name":"EUROPA FORUM - Polsko-Niemieckie Ko\u0142o Gospodarcze we Wroc\u0142awiu","isPartOf":{"@id":"https:\/\/europa-forum.org\/#website"},"primaryImageOfPage":{"@id":"https:\/\/europa-forum.org\/pl\/#primaryimage"},"image":{"@id":"https:\/\/europa-forum.org\/pl\/#primaryimage"},"thumbnailUrl":"http:\/\/europa-forum.org\/wp-content\/uploads\/2016\/04\/logo_25JahreNachbarschaft-300x141.png","datePublished":"2016-04-10T16:00:01+00:00","dateModified":"2016-10-25T06:35:05+00:00","description":"Stowarzyszenie EUROPA FORUM wywodzi si\u0119 z dawnego ko\u0142a gospodarczego dzia\u0142aj\u0105cego przy Konsulacie Generalnym Republiki Niemiec we Wroc\u0142awiu.","breadcrumb":{"@id":"https:\/\/europa-forum.org\/pl\/#breadcrumb"},"inLanguage":"pl-PL","potentialAction":[{"@type":"ReadAction","target":["https:\/\/europa-forum.org\/pl\/"]}]},{"@type":"ImageObject","inLanguage":"pl-PL","@id":"https:\/\/europa-forum.org\/pl\/#primaryimage","url":"http:\/\/europa-forum.org\/wp-content\/uploads\/2016\/04\/logo_25JahreNachbarschaft-300x141.png","contentUrl":"http:\/\/europa-forum.org\/wp-content\/uploads\/2016\/04\/logo_25JahreNachbarschaft-300x141.png"},{"@type":"BreadcrumbList","@id":"https:\/\/europa-forum.org\/pl\/#breadcrumb","itemListElement":[{"@type":"ListItem","position":1,"name":"Home","item":"https:\/\/europa-forum.org\/pl\/"},{"@type":"ListItem","position":2,"name":"Witamy w EUROPA FORUM!"}]},{"@type":"WebSite","@id":"https:\/\/europa-forum.org\/#website","url":"https:\/\/europa-forum.org\/","name":"EUROPA FORUM","description":"Polsko-Niemieckie Ko\u0142o Gospodarcze we Wroc\u0142awiu","publisher":{"@id":"https:\/\/europa-forum.org\/#organization"},"potentialAction":[{"@type":"SearchAction","target":{"@type":"EntryPoint","urlTemplate":"https:\/\/europa-forum.org\/?s={search_term_string}"},"query-input":{"@type":"PropertyValueSpecification","valueRequired":true,"valueName":"search_term_string"}}],"inLanguage":"pl-PL"},{"@type":"Organization","@id":"https:\/\/europa-forum.org\/#organization","name":"EUROPA FORUM","url":"https:\/\/europa-forum.org\/","logo":{"@type":"ImageObject","inLanguage":"pl-PL","@id":"https:\/\/europa-forum.org\/#\/schema\/logo\/image\/","url":"https:\/\/storage.googleapis.com\/media-cloud-test-ef\/2024\/12\/logo-square.png","contentUrl":"https:\/\/storage.googleapis.com\/media-cloud-test-ef\/2024\/12\/logo-square.png","width":240,"height":240,"caption":"EUROPA FORUM"},"image":{"@id":"https:\/\/europa-forum.org\/#\/schema\/logo\/image\/"},"sameAs":["https:\/\/www.facebook.com\/EuropaForum\/","https:\/\/www.linkedin.com\/company\/europa-forum"]}]}},"_links":{"self":[{"href":"https:\/\/europa-forum.org\/pl\/wp-json\/wp\/v2\/pages\/175","targetHints":{"allow":["GET"]}}],"collection":[{"href":"https:\/\/europa-forum.org\/pl\/wp-json\/wp\/v2\/pages"}],"about":[{"href":"https:\/\/europa-forum.org\/pl\/wp-json\/wp\/v2\/types\/page"}],"author":[{"embeddable":true,"href":"https:\/\/europa-forum.org\/pl\/wp-json\/wp\/v2\/users\/34"}],"replies":[{"embeddable":true,"href":"https:\/\/europa-forum.org\/pl\/wp-json\/wp\/v2\/comments?post=175"}],"version-history":[{"count":0,"href":"https:\/\/europa-forum.org\/pl\/wp-json\/wp\/v2\/pages\/175\/revisions"}],"wp:attachment":[{"href":"https:\/\/europa-forum.org\/pl\/wp-json\/wp\/v2\/media?parent=175"}],"curies":[{"name":"wp","href":"https:\/\/api.w.org\/{rel}","templated":true}]}}