{"id":10541,"date":"2016-10-26T12:47:12","date_gmt":"2016-10-26T10:47:12","guid":{"rendered":"http:\/\/europa-forum.org\/pl\/?page_id=10541"},"modified":"2016-10-26T12:47:12","modified_gmt":"2016-10-26T10:47:12","slug":"2015-12-11","status":"publish","type":"page","link":"https:\/\/europa-forum.org\/pl\/wydarzenia\/galeria-zdjec\/wydarzenia\/2015-12-11\/","title":{"rendered":"2015.12.11"},"content":{"rendered":"<p>Das bewegte Jahr 2015 neigt sich dem Ende \u2013 somit luden wir wieder ein zur festlichen Weihnachtsfeier auf Schloss Grusz\u00f3w. Klassisch, elegant, besinnlich war die Stimmung. Dank hei\u00dfer Feuerzangenbowle konnte die Er\u00f6ffnung trotz K\u00e4lte drau\u00dfen in der Loggia am Feuer stattfinden, um danach im Kaminzimmer ein Festessen zu genie\u00dfen.<\/p>\n<p>Weitere Informationen finden Sie hier: <a href=\"\/?p=2542\">EF \u2013 Weihnachtsfeier 11.12.2015<\/a><\/p>\nngg_shortcode_0_placeholder\n","protected":false},"excerpt":{"rendered":"<p>Das bewegte Jahr 2015 neigt sich dem Ende \u2013 somit luden wir wieder ein zur festlichen Weihnachtsfeier auf Schloss Grusz\u00f3w. Klassisch, elegant, besinnlich war die Stimmung. Dank hei\u00dfer Feuerzangenbowle konnte &#8230; <a class=\"read-more\" href=\"https:\/\/europa-forum.org\/pl\/wydarzenia\/galeria-zdjec\/wydarzenia\/2015-12-11\/\">Czytaj wi\u0119cej<\/a><\/p>\n","protected":false},"author":34,"featured_media":0,"parent":5112,"menu_order":0,"comment_status":"closed","ping_status":"closed","template":"europa-forum-fotos-veranstaltungen.php","meta":{"ngg_post_thumbnail":0,"footnotes":""},"class_list":["post-10541","page","type-page","status-publish","hentry"],"yoast_head":"<!-- This site is optimized with the Yoast SEO plugin v27.3 - https:\/\/yoast.com\/product\/yoast-seo-wordpress\/ -->\n<title>2015.12.11 - EUROPA FORUM<\/title>\n<meta name=\"robots\" content=\"index, follow, max-snippet:-1, max-image-preview:large, max-video-preview:-1\" \/>\n<link rel=\"canonical\" href=\"https:\/\/europa-forum.org\/pl\/wydarzenia\/galeria-zdjec\/wydarzenia\/2015-12-11\/\" \/>\n<meta property=\"og:locale\" content=\"pl_PL\" \/>\n<meta property=\"og:type\" content=\"article\" \/>\n<meta property=\"og:title\" content=\"2015.12.11 - EUROPA FORUM\" \/>\n<meta property=\"og:description\" content=\"Das bewegte Jahr 2015 neigt sich dem Ende \u2013 somit luden wir wieder ein zur festlichen Weihnachtsfeier auf Schloss Grusz\u00f3w. Klassisch, elegant, besinnlich war die Stimmung. Dank hei\u00dfer Feuerzangenbowle konnte ... Czytaj wi\u0119cej\" \/>\n<meta property=\"og:url\" content=\"https:\/\/europa-forum.org\/pl\/wydarzenia\/galeria-zdjec\/wydarzenia\/2015-12-11\/\" \/>\n<meta property=\"og:site_name\" content=\"EUROPA FORUM\" \/>\n<meta property=\"article:publisher\" content=\"https:\/\/www.facebook.com\/EuropaForum\/\" \/>\n<meta name=\"twitter:card\" content=\"summary_large_image\" \/>\n<script type=\"application\/ld+json\" class=\"yoast-schema-graph\">{\"@context\":\"https:\\\/\\\/schema.org\",\"@graph\":[{\"@type\":\"WebPage\",\"@id\":\"https:\\\/\\\/europa-forum.org\\\/pl\\\/wydarzenia\\\/galeria-zdjec\\\/wydarzenia\\\/2015-12-11\\\/\",\"url\":\"https:\\\/\\\/europa-forum.org\\\/pl\\\/wydarzenia\\\/galeria-zdjec\\\/wydarzenia\\\/2015-12-11\\\/\",\"name\":\"2015.12.11 - EUROPA FORUM\",\"isPartOf\":{\"@id\":\"https:\\\/\\\/europa-forum.org\\\/#website\"},\"datePublished\":\"2016-10-26T10:47:12+00:00\",\"breadcrumb\":{\"@id\":\"https:\\\/\\\/europa-forum.org\\\/pl\\\/wydarzenia\\\/galeria-zdjec\\\/wydarzenia\\\/2015-12-11\\\/#breadcrumb\"},\"inLanguage\":\"pl-PL\",\"potentialAction\":[{\"@type\":\"ReadAction\",\"target\":[\"https:\\\/\\\/europa-forum.org\\\/pl\\\/wydarzenia\\\/galeria-zdjec\\\/wydarzenia\\\/2015-12-11\\\/\"]}]},{\"@type\":\"BreadcrumbList\",\"@id\":\"https:\\\/\\\/europa-forum.org\\\/pl\\\/wydarzenia\\\/galeria-zdjec\\\/wydarzenia\\\/2015-12-11\\\/#breadcrumb\",\"itemListElement\":[{\"@type\":\"ListItem\",\"position\":1,\"name\":\"Home\",\"item\":\"https:\\\/\\\/europa-forum.org\\\/pl\\\/\"},{\"@type\":\"ListItem\",\"position\":2,\"name\":\"Wydarzenia\",\"item\":\"https:\\\/\\\/europa-forum.org\\\/pl\\\/wydarzenia\\\/\"},{\"@type\":\"ListItem\",\"position\":3,\"name\":\"Galeria zdj\u0119\u0107\",\"item\":\"https:\\\/\\\/europa-forum.org\\\/pl\\\/wydarzenia\\\/galeria-zdjec\\\/\"},{\"@type\":\"ListItem\",\"position\":4,\"name\":\"Wydarzenia\",\"item\":\"https:\\\/\\\/europa-forum.org\\\/pl\\\/wydarzenia\\\/galeria-zdjec\\\/wydarzenia\\\/\"},{\"@type\":\"ListItem\",\"position\":5,\"name\":\"2015.12.11\"}]},{\"@type\":\"WebSite\",\"@id\":\"https:\\\/\\\/europa-forum.org\\\/#website\",\"url\":\"https:\\\/\\\/europa-forum.org\\\/\",\"name\":\"EUROPA FORUM\",\"description\":\"Polsko-Niemieckie Ko\u0142o Gospodarcze we Wroc\u0142awiu\",\"publisher\":{\"@id\":\"https:\\\/\\\/europa-forum.org\\\/#organization\"},\"potentialAction\":[{\"@type\":\"SearchAction\",\"target\":{\"@type\":\"EntryPoint\",\"urlTemplate\":\"https:\\\/\\\/europa-forum.org\\\/?s={search_term_string}\"},\"query-input\":{\"@type\":\"PropertyValueSpecification\",\"valueRequired\":true,\"valueName\":\"search_term_string\"}}],\"inLanguage\":\"pl-PL\"},{\"@type\":\"Organization\",\"@id\":\"https:\\\/\\\/europa-forum.org\\\/#organization\",\"name\":\"EUROPA FORUM\",\"url\":\"https:\\\/\\\/europa-forum.org\\\/\",\"logo\":{\"@type\":\"ImageObject\",\"inLanguage\":\"pl-PL\",\"@id\":\"https:\\\/\\\/europa-forum.org\\\/#\\\/schema\\\/logo\\\/image\\\/\",\"url\":\"https:\\\/\\\/storage.googleapis.com\\\/media-cloud-test-ef\\\/2024\\\/12\\\/logo-square.png\",\"contentUrl\":\"https:\\\/\\\/storage.googleapis.com\\\/media-cloud-test-ef\\\/2024\\\/12\\\/logo-square.png\",\"width\":240,\"height\":240,\"caption\":\"EUROPA FORUM\"},\"image\":{\"@id\":\"https:\\\/\\\/europa-forum.org\\\/#\\\/schema\\\/logo\\\/image\\\/\"},\"sameAs\":[\"https:\\\/\\\/www.facebook.com\\\/EuropaForum\\\/\",\"https:\\\/\\\/www.linkedin.com\\\/company\\\/europa-forum\"]}]}<\/script>\n<!-- \/ Yoast SEO plugin. -->","yoast_head_json":{"title":"2015.12.11 - EUROPA FORUM","robots":{"index":"index","follow":"follow","max-snippet":"max-snippet:-1","max-image-preview":"max-image-preview:large","max-video-preview":"max-video-preview:-1"},"canonical":"https:\/\/europa-forum.org\/pl\/wydarzenia\/galeria-zdjec\/wydarzenia\/2015-12-11\/","og_locale":"pl_PL","og_type":"article","og_title":"2015.12.11 - EUROPA FORUM","og_description":"Das bewegte Jahr 2015 neigt sich dem Ende \u2013 somit luden wir wieder ein zur festlichen Weihnachtsfeier auf Schloss Grusz\u00f3w. Klassisch, elegant, besinnlich war die Stimmung. Dank hei\u00dfer Feuerzangenbowle konnte ... Czytaj wi\u0119cej","og_url":"https:\/\/europa-forum.org\/pl\/wydarzenia\/galeria-zdjec\/wydarzenia\/2015-12-11\/","og_site_name":"EUROPA FORUM","article_publisher":"https:\/\/www.facebook.com\/EuropaForum\/","twitter_card":"summary_large_image","schema":{"@context":"https:\/\/schema.org","@graph":[{"@type":"WebPage","@id":"https:\/\/europa-forum.org\/pl\/wydarzenia\/galeria-zdjec\/wydarzenia\/2015-12-11\/","url":"https:\/\/europa-forum.org\/pl\/wydarzenia\/galeria-zdjec\/wydarzenia\/2015-12-11\/","name":"2015.12.11 - EUROPA FORUM","isPartOf":{"@id":"https:\/\/europa-forum.org\/#website"},"datePublished":"2016-10-26T10:47:12+00:00","breadcrumb":{"@id":"https:\/\/europa-forum.org\/pl\/wydarzenia\/galeria-zdjec\/wydarzenia\/2015-12-11\/#breadcrumb"},"inLanguage":"pl-PL","potentialAction":[{"@type":"ReadAction","target":["https:\/\/europa-forum.org\/pl\/wydarzenia\/galeria-zdjec\/wydarzenia\/2015-12-11\/"]}]},{"@type":"BreadcrumbList","@id":"https:\/\/europa-forum.org\/pl\/wydarzenia\/galeria-zdjec\/wydarzenia\/2015-12-11\/#breadcrumb","itemListElement":[{"@type":"ListItem","position":1,"name":"Home","item":"https:\/\/europa-forum.org\/pl\/"},{"@type":"ListItem","position":2,"name":"Wydarzenia","item":"https:\/\/europa-forum.org\/pl\/wydarzenia\/"},{"@type":"ListItem","position":3,"name":"Galeria zdj\u0119\u0107","item":"https:\/\/europa-forum.org\/pl\/wydarzenia\/galeria-zdjec\/"},{"@type":"ListItem","position":4,"name":"Wydarzenia","item":"https:\/\/europa-forum.org\/pl\/wydarzenia\/galeria-zdjec\/wydarzenia\/"},{"@type":"ListItem","position":5,"name":"2015.12.11"}]},{"@type":"WebSite","@id":"https:\/\/europa-forum.org\/#website","url":"https:\/\/europa-forum.org\/","name":"EUROPA FORUM","description":"Polsko-Niemieckie Ko\u0142o Gospodarcze we Wroc\u0142awiu","publisher":{"@id":"https:\/\/europa-forum.org\/#organization"},"potentialAction":[{"@type":"SearchAction","target":{"@type":"EntryPoint","urlTemplate":"https:\/\/europa-forum.org\/?s={search_term_string}"},"query-input":{"@type":"PropertyValueSpecification","valueRequired":true,"valueName":"search_term_string"}}],"inLanguage":"pl-PL"},{"@type":"Organization","@id":"https:\/\/europa-forum.org\/#organization","name":"EUROPA FORUM","url":"https:\/\/europa-forum.org\/","logo":{"@type":"ImageObject","inLanguage":"pl-PL","@id":"https:\/\/europa-forum.org\/#\/schema\/logo\/image\/","url":"https:\/\/storage.googleapis.com\/media-cloud-test-ef\/2024\/12\/logo-square.png","contentUrl":"https:\/\/storage.googleapis.com\/media-cloud-test-ef\/2024\/12\/logo-square.png","width":240,"height":240,"caption":"EUROPA FORUM"},"image":{"@id":"https:\/\/europa-forum.org\/#\/schema\/logo\/image\/"},"sameAs":["https:\/\/www.facebook.com\/EuropaForum\/","https:\/\/www.linkedin.com\/company\/europa-forum"]}]}},"_links":{"self":[{"href":"https:\/\/europa-forum.org\/pl\/wp-json\/wp\/v2\/pages\/10541","targetHints":{"allow":["GET"]}}],"collection":[{"href":"https:\/\/europa-forum.org\/pl\/wp-json\/wp\/v2\/pages"}],"about":[{"href":"https:\/\/europa-forum.org\/pl\/wp-json\/wp\/v2\/types\/page"}],"author":[{"embeddable":true,"href":"https:\/\/europa-forum.org\/pl\/wp-json\/wp\/v2\/users\/34"}],"replies":[{"embeddable":true,"href":"https:\/\/europa-forum.org\/pl\/wp-json\/wp\/v2\/comments?post=10541"}],"version-history":[{"count":0,"href":"https:\/\/europa-forum.org\/pl\/wp-json\/wp\/v2\/pages\/10541\/revisions"}],"up":[{"embeddable":true,"href":"https:\/\/europa-forum.org\/pl\/wp-json\/wp\/v2\/pages\/5112"}],"wp:attachment":[{"href":"https:\/\/europa-forum.org\/pl\/wp-json\/wp\/v2\/media?parent=10541"}],"curies":[{"name":"wp","href":"https:\/\/api.w.org\/{rel}","templated":true}]}}